{"id":2548,"date":"2022-08-03T15:22:14","date_gmt":"2022-08-03T13:22:14","guid":{"rendered":"https:\/\/www.lyoproform.fr\/complements_alimentaires\/myr-biotics-complex\/"},"modified":"2025-05-04T13:20:42","modified_gmt":"2025-05-04T11:20:42","slug":"probiotic-myr-biotics","status":"publish","type":"product","link":"https:\/\/www.lyoproform.fr\/en\/complement-alimentaire\/probiotic-myr-biotics\/","title":{"rendered":"Myr-biotics complex"},"content":{"rendered":"<h3 style=\"text-align: center;\"><strong>Dietary supplement based<\/strong> <strong>on lactic acid bacteria<\/strong> <strong>combined with<\/strong> <strong>a blueberry extract concentrated in anthocyanins.<\/strong><\/h3>\n<p>&nbsp;<\/p>\n<style>#sp-ea-2544 .spcollapsing { height: 0; overflow: hidden; transition-property: height;transition-duration: 300ms;}#sp-ea-2544.sp-easy-accordion>.sp-ea-single {margin-bottom: 10px; border: 1px solid #680776; }#sp-ea-2544.sp-easy-accordion>.sp-ea-single>.ea-header a {color: #ffffff;}#sp-ea-2544.sp-easy-accordion>.sp-ea-single>.sp-collapse>.ea-body {background: #fff; color: #15184c;}#sp-ea-2544.sp-easy-accordion>.sp-ea-single {background: #680776;}#sp-ea-2544.sp-easy-accordion>.sp-ea-single>.ea-header a .ea-expand-icon { float: left; color: #ffffff;font-size: 12px;}<\/style><div id=\"sp_easy_accordion-1694679338\"><div id=\"sp-ea-2544\" class=\"sp-ea-one sp-easy-accordion\" data-ea-active=\"ea-hover\" data-ea-mode=\"vertical\" data-preloader=\"\" data-scroll-active-item=\"\" data-offset-to-scroll=\"0\"><div class=\"ea-card sp-ea-single\"><h3 class=\"ea-header\"><a class=\"collapsed\" id=\"ea-header-25440\" role=\"button\" data-sptoggle=\"spcollapse\" data-sptarget=\"#collapse25440\" aria-controls=\"collapse25440\" href=\"#\" aria-expanded=\"false\" tabindex=\"0\"><i aria-hidden=\"true\" role=\"presentation\" class=\"ea-expand-icon eap-icon-ea-expand-plus\"><\/i> Bilberry extract: the key to ocular health !<\/a><\/h3><div class=\"sp-collapse spcollapse spcollapse\" id=\"collapse25440\" data-parent=\"#sp-ea-2544\" role=\"region\" aria-labelledby=\"ea-header-25440\"> <div class=\"ea-body\"><p style=\"text-align: justify\">The retina is located in a highly oxygenated environment, and is therefore susceptible to oxidative stress damage. This stress may potentially be involved in the development of certain eye diseases.<\/p><h4><strong><em>Why are blueberries good for your eyes ? <\/em><\/strong><\/h4><p style=\"text-align: justify\">To limit the onset of eye problems, we recommend a diet rich in antioxidants. Blueberries are naturally rich in antioxidant polyphenols, known as anthocyanins. This is why numerous studies have focused on the properties of this fruit, demonstrating the benefits of eating it for eye health1.<\/p><p><strong><em><img loading=\"lazy\" decoding=\"async\" class=\"wp-image-1498 size-full aligncenter\" src=\"https:\/\/www.lyoproform.fr\/wp-content\/uploads\/2022\/08\/Myrtille-262.jpg\" alt=\"Extrait de myrtille d'origine naturelle riche en anthocyanes\" width=\"262\" height=\"159\" \/><\/em><\/strong><\/p><h5 style=\"text-align: center\"><span style=\"font-size: 10pt\"><strong><em>With our Myr-biotiques dietary supplement, benefit from a bilberry extract enriched with anthocyanins, combined with a complex based on reinforced lactic acid bacteria, for your ocular health!<\/em><\/strong><\/span><\/h5><p><a href=\"https:\/\/www.sciencedirect.com\/science\/article\/abs\/pii\/S0181551208747430\">1 - Dutot, L. Rambaux, J.-M. Warnet, P. Rat, Modulation du stress oxydant par la myrtille riche en polyph\u00e9nols sur un mod\u00e8le de cellules humaines de r\u00e9tine, Journal Fran\u00e7ais d'Ophtalmologie, Volume 31, Issue 10, 2008, Pages 975-980,ISSN 0181-5512,<\/a><\/p><\/div><\/div><\/div><div class=\"ea-card sp-ea-single\"><h3 class=\"ea-header\"><a class=\"collapsed\" id=\"ea-header-25441\" role=\"button\" data-sptoggle=\"spcollapse\" data-sptarget=\"#collapse25441\" aria-controls=\"collapse25441\" href=\"#\" aria-expanded=\"false\" tabindex=\"0\"><i aria-hidden=\"true\" role=\"presentation\" class=\"ea-expand-icon eap-icon-ea-expand-plus\"><\/i> Thoughtfully formulated for all-round well-being. <\/a><\/h3><div class=\"sp-collapse spcollapse spcollapse\" id=\"collapse25441\" data-parent=\"#sp-ea-2544\" role=\"region\" aria-labelledby=\"ea-header-25441\"> <div class=\"ea-body\"><p>In addition to its remarkable eye health properties, bilberry has many other benefits:<\/p><p><img loading=\"lazy\" decoding=\"async\" class=\" wp-image-906 alignleft\" src=\"https:\/\/www.lyoproform.fr\/wp-content\/uploads\/2022\/08\/Bien-etre-global-300x300.jpg\" alt=\"Un compl\u00e9ment alimentaire pour votre bien-\u00eatre g\u00e9n\u00e9ral\" width=\"304\" height=\"304\" srcset=\"https:\/\/www.lyoproform.fr\/wp-content\/uploads\/2022\/08\/Bien-etre-global-300x300.jpg 300w, https:\/\/www.lyoproform.fr\/wp-content\/uploads\/2022\/08\/Bien-etre-global-200x200.jpg 200w, https:\/\/www.lyoproform.fr\/wp-content\/uploads\/2022\/08\/Bien-etre-global-400x400.jpg 400w, https:\/\/www.lyoproform.fr\/wp-content\/uploads\/2022\/08\/Bien-etre-global-150x150.jpg 150w, https:\/\/www.lyoproform.fr\/wp-content\/uploads\/2022\/08\/Bien-etre-global-768x769.jpg 768w, https:\/\/www.lyoproform.fr\/wp-content\/uploads\/2022\/08\/Bien-etre-global-600x601.jpg 600w, https:\/\/www.lyoproform.fr\/wp-content\/uploads\/2022\/08\/Bien-etre-global.jpg 865w\" sizes=\"auto, (max-width: 304px) 100vw, 304px\" \/><\/p><ul><li style=\"text-align: justify\">Thanks to its antioxidant activity, bilberry helps maintain healthy intestinal mucous membranes.<\/li><li style=\"text-align: justify\">It has interesting and recognisied properties on vascular health.<\/li><li style=\"text-align: justify\">Finally, a recent clinical study2 highlighted the fruit's action by helping to maintain normal blood sugar levels and normal cholesterol levels following a copious meal.<\/li><\/ul><p style=\"text-align: justify\">In addition to the benefits of bilberry, the Myr-biotiques complex combines microbiotic strains whose action has been reinforced by the Florytec\u00ae co-culture process, and whose probiotic properties have been studied by INRAe. It has been scientifically demonstrated that bilberry increases the activity of certain microbiotic strains on the intestinal flora thanks to its prebiotic and protective effect <sup>3 4<\/sup>.<\/p><p><strong><em>The ingredients in the Myr-biotics complex work in synergy to deliver optimum efficacy for your well-being.<\/em><\/strong><\/p><p>&nbsp;<\/p><p><a href=\"https:\/\/www.clinicalnutritionjournal.com\/article\/S0261-5614(21)00540-9\/fulltext\">2- Peter J. Curtis, Lindsey Berends, Vera van der Velpen, Amy Jennings, Laura Haag, Preeti Chandra, Colin D. Kay, Eric B. Rimm, Aed\u00edn Cassidy,Blueberry anthocyanin intake attenuates the postprandial cardiometabolic effect of an energy-dense food challenge: Results from a double blind, randomized controlled trial in metabolic syndrome participants, Clinical Nutrition,Volume 41, Issue 1,2022, Pages 165-176, ISSN 0261-5614.<\/a><\/p><p><a href=\"https:\/\/doi.org\/10.1016\/j.lwt.2019.108621\">3- \u00a0Li Zhou, Minhao Xie, Fu Yang, Jikai Liu, Antioxidant activity of high purity blueberry anthocyanins and the effects on human intestinal microbiota, LWT, Volume 117, 2020, 108621, ISSN 0023-6438,<\/a><\/p><p><a href=\"https:\/\/www.sciencedirect.com\/science\/article\/pii\/S0023643821020399\">4- Naiara Hennig Neuenfeldt, Carla Andressa Almeida Farias, Renius de Oliveira Mello, Silvino Sasso Robalo, Juliano Smanioto Barin, Leila Picolli da Silva, Edson Irineu M\u00fcller, Erico Marlon Moraes Flores, Milene Teixeira Barcia, Cristiano Ragagnin de Menezes, Effects of blueberry extract co-microencapsulation on the survival of Lactobacillus rhamnosus, LWT, Volume 155, 2022, 112886, ISSN 0023-643.<\/a><\/p><\/div><\/div><\/div><div class=\"ea-card sp-ea-single\"><h3 class=\"ea-header\"><a class=\"collapsed\" id=\"ea-header-25442\" role=\"button\" data-sptoggle=\"spcollapse\" data-sptarget=\"#collapse25442\" aria-controls=\"collapse25442\" href=\"#\" aria-expanded=\"false\" tabindex=\"0\"><i aria-hidden=\"true\" role=\"presentation\" class=\"ea-expand-icon eap-icon-ea-expand-plus\"><\/i> The FLORYTEC\u00ae symbiotic process: a synergistic co-culture designed to reinforce the action of probiotic strains.<\/a><\/h3><div class=\"sp-collapse spcollapse spcollapse\" id=\"collapse25442\" data-parent=\"#sp-ea-2544\" role=\"region\" aria-labelledby=\"ea-header-25442\"> <div class=\"ea-body\"><p style=\"text-align: justify\">To facilitate access to strains of interest in the field of probiotics, it is common practice to use industrial banks of lactic ferments. These strains, initially intended for agri-food companies (cheese factories, dairies, etc.), are multiplied individually from synthetic broths. These manufacturing processes were not originally designed for the development of dietary supplements. Aware of this reality, the SORBIAL laboratory has developed its own process dedicated to the optimal manufacture of nutribiotics, becoming completely independent of the ferments market. In the LYOPROFORM\u00ae range, the 3 microbiotic strains of our dietary supplements are grown together in a natural environment (French milk), without preservatives. Our <a href=\"https:\/\/www.lyoproform.fr\/en\/florytec-ingredient\/\">FLORYTEC\u00ae<\/a> co-culture process enables the bacteria developed in synergy to acquire greater adaptability than those grown alone, and therefore optimize their dosage and efficacy when they join your microbiota. The Myr-biotics complex is therefore a dietary supplement containing both microbiotic strains of interest and the metabolites they produce, while respecting the right dosage and thus combining all the benefits of bilberry and its anthocyanins.<\/p><\/div><\/div><\/div><\/div><\/div>\n<p>&nbsp;<\/p>\n<h4 style=\"text-align: center;\"><a href=\"https:\/\/www.lyoproform.fr\/en\/florytec-ingredient\/\"><span style=\"font-size: 18pt; color: #61c993;\">Find out more about Lyoproform<\/span><sup><strong><span style=\"font-size: 18pt; color: #61c993;\">\u00ae<\/span><\/strong><\/sup><\/a><\/h4>\n<p>&nbsp;<\/p>\n","protected":false},"excerpt":{"rendered":"<h3>Bilberry extract for your well-being!<\/h3>\n<h3 style=\"text-align: justify;\"><span style=\"font-size: 12pt;\"><strong>EYE HEALTH, VASCULAR HEALTH AND INTESTINAL BALANCE :<\/strong> <\/span><\/h3>\n<p style=\"text-align: justify;\">Thanks to the benefits of bilberry anthocyanins, combined with our probiotics, Myr-biotiques food supplement helps maintain key factors in your well-being. In fact, bilberry extract concentrated in anthocyanins helps maintain the balance of your ocular and vascular health, as well as the health of your intestinal mucous membranes for better digestive comfort, thus reinforcing your body&#8217;s overall balance.<\/p>\n<h3 style=\"text-align: justify;\"><span style=\"font-size: 12pt;\"><strong>BILBERRY EXTRACT CONCENTRATED TO 25% ANTHOCYANINS :<\/strong> <\/span><\/h3>\n<p style=\"text-align: justify;\">Anthocyanins are the active molecules in bilberry. Among other things, they give it its anti-oxidant action. To guarantee optimum effectiveness, the Myr-biotics food supplement is enriched with a bilberry extract concentrated in 25% anthocyanins.<\/p>\n<h5><span style=\"color: #000000;\"><strong>For adults only.<\/strong><\/span><\/h5>\n<h5><em><span style=\"color: #2bb275;\"><strong>Over 30\u20ac = Free delivery!<\/strong><\/span><\/em><\/h5>\n<h5><em><span style=\"color: #2bb275;\"><strong>Free delivery on all 1st orders with the code: BIENVENUE<\/strong><\/span><\/em><\/h5>\n","protected":false},"featured_media":3481,"comment_status":"open","ping_status":"closed","template":"","meta":[],"product_brand":[],"product_cat":[130,132,134,131],"product_tag":[139,138,142,136,169,141,140,137],"class_list":{"0":"post-2548","1":"product","2":"type-product","3":"status-publish","4":"has-post-thumbnail","6":"product_cat-digestive-balance","7":"product_cat-micro-circulation-en","8":"product_cat-natural-probiotics","9":"product_cat-vision-en","10":"product_tag-anthocyanins","11":"product_tag-bilberry","12":"product_tag-digestive-balance","13":"product_tag-food-supplements","14":"product_tag-gastro-resistant-capsule","15":"product_tag-intestinal-flora","16":"product_tag-microbiota-en","17":"product_tag-probiotics","18":"product_shipping_class-allshipping-en","19":"description-off","21":"first","22":"instock","23":"taxable","24":"shipping-taxable","25":"purchasable","26":"product-type-variable","27":"has-default-attributes"},"yoast_head":"<!-- This site is optimized with the Yoast SEO plugin v27.5 - https:\/\/yoast.com\/product\/yoast-seo-wordpress\/ -->\n<title>Bilberry and probiotics - Rich in anthocyanins - Lyoproform<\/title>\n<meta name=\"description\" content=\"Eye health, vascular health, digestive discomfort, try our dietary supplement rich in natural probiotics and blueberry titrated in anthocyanins.\" \/>\n<meta name=\"robots\" content=\"index, follow, max-snippet:-1, max-image-preview:large, max-video-preview:-1\" \/>\n<link rel=\"canonical\" href=\"https:\/\/www.lyoproform.fr\/en\/complement-alimentaire\/probiotic-myr-biotics\/\" \/>\n<meta property=\"og:locale\" content=\"en_US\" \/>\n<meta property=\"og:type\" content=\"article\" \/>\n<meta property=\"og:title\" content=\"Bilberry and probiotics - Rich in anthocyanins - Lyoproform\" \/>\n<meta property=\"og:description\" content=\"Eye health, vascular health, digestive discomfort, try our dietary supplement rich in natural probiotics and blueberry titrated in anthocyanins.\" \/>\n<meta property=\"og:url\" content=\"https:\/\/www.lyoproform.fr\/en\/complement-alimentaire\/probiotic-myr-biotics\/\" \/>\n<meta property=\"og:site_name\" content=\"LYOPROFORM\" \/>\n<meta property=\"article:publisher\" content=\"https:\/\/www.facebook.com\/LYOPROFORM.Nutribiotiques\/\" \/>\n<meta property=\"article:modified_time\" content=\"2025-05-04T11:20:42+00:00\" \/>\n<meta property=\"og:image\" content=\"https:\/\/www.lyoproform.fr\/wp-content\/uploads\/2022\/08\/Visuel-Ads-3-e1666253207627.png\" \/>\n<meta name=\"twitter:card\" content=\"summary_large_image\" \/>\n<meta name=\"twitter:label1\" content=\"Est. reading time\" \/>\n\t<meta name=\"twitter:data1\" content=\"1 minute\" \/>\n<script type=\"application\/ld+json\" class=\"yoast-schema-graph\">{\"@context\":\"https:\\\/\\\/schema.org\",\"@graph\":[{\"@type\":\"WebPage\",\"@id\":\"https:\\\/\\\/www.lyoproform.fr\\\/en\\\/complement-alimentaire\\\/probiotic-myr-biotics\\\/\",\"url\":\"https:\\\/\\\/www.lyoproform.fr\\\/en\\\/complement-alimentaire\\\/probiotic-myr-biotics\\\/\",\"name\":\"Bilberry and probiotics - Rich in anthocyanins - Lyoproform\",\"isPartOf\":{\"@id\":\"https:\\\/\\\/www.lyoproform.fr\\\/en\\\/#website\"},\"primaryImageOfPage\":{\"@id\":\"https:\\\/\\\/www.lyoproform.fr\\\/en\\\/complement-alimentaire\\\/probiotic-myr-biotics\\\/#primaryimage\"},\"image\":{\"@id\":\"https:\\\/\\\/www.lyoproform.fr\\\/en\\\/complement-alimentaire\\\/probiotic-myr-biotics\\\/#primaryimage\"},\"thumbnailUrl\":\"https:\\\/\\\/www.lyoproform.fr\\\/wp-content\\\/uploads\\\/2022\\\/08\\\/myr-biotiques-300x300-1.jpg\",\"datePublished\":\"2022-08-03T13:22:14+00:00\",\"dateModified\":\"2025-05-04T11:20:42+00:00\",\"description\":\"Eye health, vascular health, digestive discomfort, try our dietary supplement rich in natural probiotics and blueberry titrated in anthocyanins.\",\"breadcrumb\":{\"@id\":\"https:\\\/\\\/www.lyoproform.fr\\\/en\\\/complement-alimentaire\\\/probiotic-myr-biotics\\\/#breadcrumb\"},\"inLanguage\":\"en-US\",\"potentialAction\":[{\"@type\":\"ReadAction\",\"target\":[\"https:\\\/\\\/www.lyoproform.fr\\\/en\\\/complement-alimentaire\\\/probiotic-myr-biotics\\\/\"]}]},{\"@type\":\"ImageObject\",\"inLanguage\":\"en-US\",\"@id\":\"https:\\\/\\\/www.lyoproform.fr\\\/en\\\/complement-alimentaire\\\/probiotic-myr-biotics\\\/#primaryimage\",\"url\":\"https:\\\/\\\/www.lyoproform.fr\\\/wp-content\\\/uploads\\\/2022\\\/08\\\/myr-biotiques-300x300-1.jpg\",\"contentUrl\":\"https:\\\/\\\/www.lyoproform.fr\\\/wp-content\\\/uploads\\\/2022\\\/08\\\/myr-biotiques-300x300-1.jpg\",\"width\":300,\"height\":300,\"caption\":\"Natural probiotics and bilberry extract\"},{\"@type\":\"BreadcrumbList\",\"@id\":\"https:\\\/\\\/www.lyoproform.fr\\\/en\\\/complement-alimentaire\\\/probiotic-myr-biotics\\\/#breadcrumb\",\"itemListElement\":[{\"@type\":\"ListItem\",\"position\":1,\"name\":\"Accueil Lyoproform\",\"item\":\"https:\\\/\\\/www.lyoproform.fr\\\/en\\\/\"},{\"@type\":\"ListItem\",\"position\":2,\"name\":\"La gamme de compl\u00e9ments alimentaires probiotiques LYOPROFORM\",\"item\":\"https:\\\/\\\/www.lyoproform.fr\\\/boutique\\\/\"},{\"@type\":\"ListItem\",\"position\":3,\"name\":\"Myr-biotics complex\"}]},{\"@type\":\"WebSite\",\"@id\":\"https:\\\/\\\/www.lyoproform.fr\\\/en\\\/#website\",\"url\":\"https:\\\/\\\/www.lyoproform.fr\\\/en\\\/\",\"name\":\"LYOPROFORM\",\"description\":\"La gamme de compl\u00e9ments alimentaires \u00e0 base de probiotiques\",\"publisher\":{\"@id\":\"https:\\\/\\\/www.lyoproform.fr\\\/en\\\/#organization\"},\"potentialAction\":[{\"@type\":\"SearchAction\",\"target\":{\"@type\":\"EntryPoint\",\"urlTemplate\":\"https:\\\/\\\/www.lyoproform.fr\\\/en\\\/?s={search_term_string}\"},\"query-input\":{\"@type\":\"PropertyValueSpecification\",\"valueRequired\":true,\"valueName\":\"search_term_string\"}}],\"inLanguage\":\"en-US\"},{\"@type\":\"Organization\",\"@id\":\"https:\\\/\\\/www.lyoproform.fr\\\/en\\\/#organization\",\"name\":\"LYOPROFORM\",\"url\":\"https:\\\/\\\/www.lyoproform.fr\\\/en\\\/\",\"logo\":{\"@type\":\"ImageObject\",\"inLanguage\":\"en-US\",\"@id\":\"https:\\\/\\\/www.lyoproform.fr\\\/en\\\/#\\\/schema\\\/logo\\\/image\\\/\",\"url\":\"https:\\\/\\\/www.lyoproform.fr\\\/wp-content\\\/uploads\\\/2022\\\/04\\\/Lyoproform-bleu-petit.png\",\"contentUrl\":\"https:\\\/\\\/www.lyoproform.fr\\\/wp-content\\\/uploads\\\/2022\\\/04\\\/Lyoproform-bleu-petit.png\",\"width\":2481,\"height\":1182,\"caption\":\"LYOPROFORM\"},\"image\":{\"@id\":\"https:\\\/\\\/www.lyoproform.fr\\\/en\\\/#\\\/schema\\\/logo\\\/image\\\/\"},\"sameAs\":[\"https:\\\/\\\/www.facebook.com\\\/LYOPROFORM.Nutribiotiques\\\/\"]}]}<\/script>\n<!-- \/ Yoast SEO plugin. -->","yoast_head_json":{"title":"Bilberry and probiotics - Rich in anthocyanins - Lyoproform","description":"Eye health, vascular health, digestive discomfort, try our dietary supplement rich in natural probiotics and blueberry titrated in anthocyanins.","robots":{"index":"index","follow":"follow","max-snippet":"max-snippet:-1","max-image-preview":"max-image-preview:large","max-video-preview":"max-video-preview:-1"},"canonical":"https:\/\/www.lyoproform.fr\/en\/complement-alimentaire\/probiotic-myr-biotics\/","og_locale":"en_US","og_type":"article","og_title":"Bilberry and probiotics - Rich in anthocyanins - Lyoproform","og_description":"Eye health, vascular health, digestive discomfort, try our dietary supplement rich in natural probiotics and blueberry titrated in anthocyanins.","og_url":"https:\/\/www.lyoproform.fr\/en\/complement-alimentaire\/probiotic-myr-biotics\/","og_site_name":"LYOPROFORM","article_publisher":"https:\/\/www.facebook.com\/LYOPROFORM.Nutribiotiques\/","article_modified_time":"2025-05-04T11:20:42+00:00","og_image":[{"url":"https:\/\/www.lyoproform.fr\/wp-content\/uploads\/2022\/08\/Visuel-Ads-3-e1666253207627.png","type":"","width":"","height":""}],"twitter_card":"summary_large_image","twitter_misc":{"Est. reading time":"1 minute"},"schema":{"@context":"https:\/\/schema.org","@graph":[{"@type":"WebPage","@id":"https:\/\/www.lyoproform.fr\/en\/complement-alimentaire\/probiotic-myr-biotics\/","url":"https:\/\/www.lyoproform.fr\/en\/complement-alimentaire\/probiotic-myr-biotics\/","name":"Bilberry and probiotics - Rich in anthocyanins - Lyoproform","isPartOf":{"@id":"https:\/\/www.lyoproform.fr\/en\/#website"},"primaryImageOfPage":{"@id":"https:\/\/www.lyoproform.fr\/en\/complement-alimentaire\/probiotic-myr-biotics\/#primaryimage"},"image":{"@id":"https:\/\/www.lyoproform.fr\/en\/complement-alimentaire\/probiotic-myr-biotics\/#primaryimage"},"thumbnailUrl":"https:\/\/www.lyoproform.fr\/wp-content\/uploads\/2022\/08\/myr-biotiques-300x300-1.jpg","datePublished":"2022-08-03T13:22:14+00:00","dateModified":"2025-05-04T11:20:42+00:00","description":"Eye health, vascular health, digestive discomfort, try our dietary supplement rich in natural probiotics and blueberry titrated in anthocyanins.","breadcrumb":{"@id":"https:\/\/www.lyoproform.fr\/en\/complement-alimentaire\/probiotic-myr-biotics\/#breadcrumb"},"inLanguage":"en-US","potentialAction":[{"@type":"ReadAction","target":["https:\/\/www.lyoproform.fr\/en\/complement-alimentaire\/probiotic-myr-biotics\/"]}]},{"@type":"ImageObject","inLanguage":"en-US","@id":"https:\/\/www.lyoproform.fr\/en\/complement-alimentaire\/probiotic-myr-biotics\/#primaryimage","url":"https:\/\/www.lyoproform.fr\/wp-content\/uploads\/2022\/08\/myr-biotiques-300x300-1.jpg","contentUrl":"https:\/\/www.lyoproform.fr\/wp-content\/uploads\/2022\/08\/myr-biotiques-300x300-1.jpg","width":300,"height":300,"caption":"Natural probiotics and bilberry extract"},{"@type":"BreadcrumbList","@id":"https:\/\/www.lyoproform.fr\/en\/complement-alimentaire\/probiotic-myr-biotics\/#breadcrumb","itemListElement":[{"@type":"ListItem","position":1,"name":"Accueil Lyoproform","item":"https:\/\/www.lyoproform.fr\/en\/"},{"@type":"ListItem","position":2,"name":"La gamme de compl\u00e9ments alimentaires probiotiques LYOPROFORM","item":"https:\/\/www.lyoproform.fr\/boutique\/"},{"@type":"ListItem","position":3,"name":"Myr-biotics complex"}]},{"@type":"WebSite","@id":"https:\/\/www.lyoproform.fr\/en\/#website","url":"https:\/\/www.lyoproform.fr\/en\/","name":"LYOPROFORM","description":"La gamme de compl\u00e9ments alimentaires \u00e0 base de probiotiques","publisher":{"@id":"https:\/\/www.lyoproform.fr\/en\/#organization"},"potentialAction":[{"@type":"SearchAction","target":{"@type":"EntryPoint","urlTemplate":"https:\/\/www.lyoproform.fr\/en\/?s={search_term_string}"},"query-input":{"@type":"PropertyValueSpecification","valueRequired":true,"valueName":"search_term_string"}}],"inLanguage":"en-US"},{"@type":"Organization","@id":"https:\/\/www.lyoproform.fr\/en\/#organization","name":"LYOPROFORM","url":"https:\/\/www.lyoproform.fr\/en\/","logo":{"@type":"ImageObject","inLanguage":"en-US","@id":"https:\/\/www.lyoproform.fr\/en\/#\/schema\/logo\/image\/","url":"https:\/\/www.lyoproform.fr\/wp-content\/uploads\/2022\/04\/Lyoproform-bleu-petit.png","contentUrl":"https:\/\/www.lyoproform.fr\/wp-content\/uploads\/2022\/04\/Lyoproform-bleu-petit.png","width":2481,"height":1182,"caption":"LYOPROFORM"},"image":{"@id":"https:\/\/www.lyoproform.fr\/en\/#\/schema\/logo\/image\/"},"sameAs":["https:\/\/www.facebook.com\/LYOPROFORM.Nutribiotiques\/"]}]}},"_links":{"self":[{"href":"https:\/\/www.lyoproform.fr\/en\/wp-json\/wp\/v2\/product\/2548","targetHints":{"allow":["GET"]}}],"collection":[{"href":"https:\/\/www.lyoproform.fr\/en\/wp-json\/wp\/v2\/product"}],"about":[{"href":"https:\/\/www.lyoproform.fr\/en\/wp-json\/wp\/v2\/types\/product"}],"replies":[{"embeddable":true,"href":"https:\/\/www.lyoproform.fr\/en\/wp-json\/wp\/v2\/comments?post=2548"}],"wp:featuredmedia":[{"embeddable":true,"href":"https:\/\/www.lyoproform.fr\/en\/wp-json\/wp\/v2\/media\/3481"}],"wp:attachment":[{"href":"https:\/\/www.lyoproform.fr\/en\/wp-json\/wp\/v2\/media?parent=2548"}],"wp:term":[{"taxonomy":"product_brand","embeddable":true,"href":"https:\/\/www.lyoproform.fr\/en\/wp-json\/wp\/v2\/product_brand?post=2548"},{"taxonomy":"product_cat","embeddable":true,"href":"https:\/\/www.lyoproform.fr\/en\/wp-json\/wp\/v2\/product_cat?post=2548"},{"taxonomy":"product_tag","embeddable":true,"href":"https:\/\/www.lyoproform.fr\/en\/wp-json\/wp\/v2\/product_tag?post=2548"}],"curies":[{"name":"wp","href":"https:\/\/api.w.org\/{rel}","templated":true}]}}