{"id":2312,"date":"2022-03-11T16:03:45","date_gmt":"2022-03-11T15:03:45","guid":{"rendered":"https:\/\/www.lyoproform.fr\/el-ingrediente-florytec\/"},"modified":"2024-07-24T15:58:47","modified_gmt":"2024-07-24T13:58:47","slug":"el-ingrediente-florytec","status":"publish","type":"page","link":"https:\/\/www.lyoproform.fr\/es\/el-ingrediente-florytec\/","title":{"rendered":"El ingrediente FLORYTEC\u00ae"},"content":{"rendered":"<div class=\"wpb-content-wrapper\"><p>[vc_row full_width=\u00bbstretch_row\u00bb full_height=\u00bbyes\u00bb bg_type=\u00bbimage\u00bb parallax_style=\u00bbvcpb-default\u00bb bg_image_new=\u00bbid^1425|url^https:\/\/www.lyoproform.fr\/wp-content\/uploads\/2023\/03\/co-culture-pro-biotiques.jpg|caption^null|alt^null|title^co-culture-pro-biotiques|description^null\u00bb bg_override=\u00bbex-full\u00bb css=\u00bb.vc_custom_1681827443927{background-image: url(https:\/\/www.lyoproform.fr\/wp-content\/uploads\/2023\/03\/co-culture-pro-biotiques.jpg?id=1425) !important;background-position: center !important;background-repeat: no-repeat !important;background-size: cover !important;}\u00bb][vc_column width=\u00bb1\/2&#8243;][vc_empty_space height=\u00bb50px\u00bb][vc_column_text css=\u00bb\u00bb]<\/p>\n<h2 style=\"color: #121766;\">El ingrediente Lyoproform<sup>\u00ae<\/sup>, fruto de una experiencia exigente.<\/h2>\n<p>&nbsp;<\/p>\n<p style=\"color: #121766;\"><span style=\"font-size: 12pt;\">Con casi 60 a\u00f1os de investigaci\u00f3n y desarrollo y el registro de patentes del Sr. Joseph-Louis LEGARDA, padre fundador de la empresa, el campo de los probi\u00f3ticos es una especialidad bien conocida del laboratorio SORBIAL. Gracias a sus a\u00f1os de experiencia en el cultivo de microorganismos, el laboratorio SORBIAL ha desarrollado un proceso de fabricaci\u00f3n basado en el concepto de simbiosis bacteriana. Este m\u00e9todo patentado de co-cultivo, especialmente adecuado para los <a href=\"https:\/\/www.lyoproform.fr\/es\/complementos-alimenticios\/probioticos-naturales\/\">complementos alimenticios a base de probi\u00f3ticos<\/a>, ha dado lugar al ingrediente <strong>Lyoproform<sup>\u00ae<\/sup>.<\/strong><\/span><\/p>\n<p>[\/vc_column_text][vc_separator color=\u00bbcustom\u00bb border_width=\u00bb2&#8243; el_width=\u00bb50&#8243; accent_color=\u00bb#2bb275&#8243;][vc_column_text css=\u00bb\u00bb]<\/p>\n<h3 style=\"color: #121766; text-align: left;\"><span style=\"font-size: 18pt;\"><strong>\u00bfPor qu\u00e9 es importante el concepto de simbiosis bacteriana en el campo de los complementos alimenticios probi\u00f3ticos?<\/strong><\/span><\/h3>\n<p style=\"color: #121766;\"><span style=\"font-size: 12pt;\">Los complementos alimenticios probi\u00f3ticos compuestos por varios microorganismos se utilizan para combinar cepas bacterianas que se han cultivado independientemente unas de otras, simplemente ensambl\u00e1ndolas. Esto significa combinarlos al final del proceso de fabricaci\u00f3n. Si bien este m\u00e9todo garantiza altos rendimientos de producci\u00f3n, no contribuye necesariamente al desarrollo de metabolitos activos producidos gracias a la presencia simbi\u00f3tica de los cultivos de inter\u00e9s. Motivado por estas observaciones, <a href=\"https:\/\/www.lyoproform.fr\/es\/quienes-somos\/\">el laboratorio SORBIAL<\/a> ha seguido desarrollando el concepto de co-cultivo mediante el desarrollo de su ingredienteFlorytec<sup>\u00ae<\/sup>. Desde los primeros trabajos de Joseph-Louis LEGARDA, centrados en el concepto de simbiosis bacteriana, hemos desarrollado un proceso de cultivo alternativo utilizando un enfoque natural en paralelo a nuestra asociaci\u00f3n de investigaci\u00f3n con el INRAe.<\/span><\/p>\n<p>[\/vc_column_text][vc_empty_space height=\u00bb80px\u00bb][\/vc_column][vc_column width=\u00bb1\/2&#8243;][\/vc_column][\/vc_row][vc_row full_width=\u00bbstretch_row\u00bb full_height=\u00bbyes\u00bb bg_type=\u00bbbg_color\u00bb bg_override=\u00bbex-full\u00bb bg_color_value=\u00bb#15184c\u00bb css=\u00bb.vc_custom_1681828362719{background-color: #15184c !important;background-position: center !important;background-repeat: no-repeat !important;background-size: cover !important;}\u00bb][vc_column width=\u00bb1\/2&#8243;][vc_single_image image=\u00bb1921&#8243; img_size=\u00bbfull\u00bb alignment=\u00bbcenter\u00bb][\/vc_column][vc_column width=\u00bb1\/2&#8243;][vc_column_text el_class=\u00bbblanc\u00bb]<\/p>\n<h2><span style=\"font-size: 24pt;\">DESARROLLO NATURAL EN COCULTURA<\/span><\/h2>\n<p><span style=\"font-size: 12pt;\">Nuestras <a href=\"https:\/\/www.lyoproform.fr\/es\/las-cepas-lyoproform\/\">cepas de microorganismos<\/a>, cuidadosamente seleccionadas, se cultivan en sinergia, en presencia de ingredientes naturales favorables a su desarrollo y, como todo el mundo sabe, de leche francesa. Este co-cultivo mediante un proceso de fabricaci\u00f3n \u00fanico ha dado lugar al ingrediente Florytec\u00ae, una formulaci\u00f3n innovadora que combina de forma natural nuestras cepas de inter\u00e9s y sus metabolitos en un complejo \u00fanico de leche fermentada.<\/span>[\/vc_column_text][vc_separator color=\u00bbcustom\u00bb border_width=\u00bb2&#8243; el_width=\u00bb50&#8243; accent_color=\u00bb#2bb275&#8243;][vc_column_text el_class=\u00bbblanc\u00bb]<\/p>\n<h3><span style=\"font-size: 18pt;\"><strong>\u00bfPor qu\u00e9 incluir el ingrediente Lyoproform<sup>\u00ae<\/sup> en nuestros complementos alimenticios en lugar de limitarse a ensamblar cepas probi\u00f3ticas industriales?<\/strong><\/span><\/h3>\n<p>Al crear una sinergia durante el cultivo de nuestras cepas, fomentamos la producci\u00f3n de una serie de principios activos \u00fanicos por parte de nuestras bacterias l\u00e1cticas, conocidos como metabolitos. Es esta combinaci\u00f3n la que hace que Lyoproform<sup>\u00ae<\/sup> sea incomparable con otros complementos alimenticios probi\u00f3ticos.[\/vc_column_text][vc_empty_space height=\u00bb50px\u00bb][\/vc_column][\/vc_row][vc_row content_placement=\u00bbtop\u00bb bg_type=\u00bbbg_color\u00bb bg_override=\u00bbfull\u00bb bg_color_value=\u00bb#15184c\u00bb css=\u00bb.vc_custom_1693296039201{margin-top: -80px !important;padding-top: -100px !important;padding-bottom: 100px !important;}\u00bb][vc_column][vc_single_image image=\u00bb1925&#8243; img_size=\u00bbmedium\u00bb alignment=\u00bbcenter\u00bb style=\u00bbvc_box_circle_2&#8243;]<style type=\"text\/css\" data-type=\"the7_shortcodes-inline-css\">#default-btn-c775bc2adc787a09e9be39114bf1960c.ico-right-side > i {\n  margin-right: 0px;\n  margin-left: 8px;\n}\n#default-btn-c775bc2adc787a09e9be39114bf1960c > i {\n  margin-right: 8px;\n}\n<\/style><div class=\"btn-align-center\"><a href=\"https:\/\/www.lyoproform.fr\/es\/las-cepas-lyoproform\/\" class=\"default-btn-shortcode dt-btn dt-btn-m link-hover-off bubulle \" id=\"default-btn-c775bc2adc787a09e9be39114bf1960c\"><span>aprende m\u00e1s sobre las cepas LYOPROFORM\u00ae<\/span><\/a><\/div>[\/vc_column][\/vc_row]<\/p>\n<\/div>","protected":false},"excerpt":{"rendered":"<p>[vc_row full_width=\u00bbstretch_row\u00bb full_height=\u00bbyes\u00bb bg_type=\u00bbimage\u00bb parallax_style=\u00bbvcpb-default\u00bb bg_image_new=\u00bbid^1425|url^https:\/\/www.lyoproform.fr\/wp-content\/uploads\/2023\/03\/co-culture-pro-biotiques.jpg|caption^null|alt^null|title^co-culture-pro-biotiques|description^null\u00bb bg_override=\u00bbex-full\u00bb css=\u00bb.vc_custom_1681827443927{background-image: url(https:\/\/www.lyoproform.fr\/wp-content\/uploads\/2023\/03\/co-culture-pro-biotiques.jpg?id=1425) !important;background-position: center !important;background-repeat: no-repeat !important;background-size: cover !important;}\u00bb][vc_column width=\u00bb1\/2&#8243;][vc_empty_space height=\u00bb50px\u00bb][vc_column_text css=\u00bb\u00bb] El ingrediente Lyoproform\u00ae, fruto de una experiencia exigente. &nbsp; Con casi 60 a\u00f1os de investigaci\u00f3n y desarrollo y el registro de patentes del Sr. Joseph-Louis LEGARDA, padre fundador de la empresa, el campo de los probi\u00f3ticos&hellip;<\/p>\n","protected":false},"author":2,"featured_media":0,"parent":0,"menu_order":0,"comment_status":"closed","ping_status":"closed","template":"","meta":{"footnotes":""},"class_list":["post-2312","page","type-page","status-publish","hentry","description-off"],"yoast_head":"<!-- This site is optimized with the Yoast SEO plugin v27.5 - https:\/\/yoast.com\/product\/yoast-seo-wordpress\/ -->\n<title>\u00bfQu\u00e9 es el ingrediente probi\u00f3tico Florytec\u00ae?<\/title>\n<meta name=\"description\" content=\"Experiencia probi\u00f3tica y nutrac\u00e9utica para potenciar el equilibrio de su microbiota intestinal con un complemento alimenticio innovador.\" \/>\n<meta name=\"robots\" content=\"index, follow, max-snippet:-1, max-image-preview:large, max-video-preview:-1\" \/>\n<link rel=\"canonical\" href=\"https:\/\/www.lyoproform.fr\/es\/el-ingrediente-florytec\/\" \/>\n<meta property=\"og:locale\" content=\"es_ES\" \/>\n<meta property=\"og:type\" content=\"article\" \/>\n<meta property=\"og:title\" content=\"\u00bfQu\u00e9 es el ingrediente probi\u00f3tico Florytec\u00ae?\" \/>\n<meta property=\"og:description\" content=\"Experiencia probi\u00f3tica y nutrac\u00e9utica para potenciar el equilibrio de su microbiota intestinal con un complemento alimenticio innovador.\" \/>\n<meta property=\"og:url\" content=\"https:\/\/www.lyoproform.fr\/es\/el-ingrediente-florytec\/\" \/>\n<meta property=\"og:site_name\" content=\"LYOPROFORM\" \/>\n<meta property=\"article:publisher\" content=\"https:\/\/www.facebook.com\/LYOPROFORM.Nutribiotiques\/\" \/>\n<meta property=\"article:modified_time\" content=\"2024-07-24T13:58:47+00:00\" \/>\n<meta property=\"og:image\" content=\"https:\/\/www.lyoproform.fr\/wp-content\/uploads\/2023\/08\/Gamme-Complements-alimentaires-probiotiques.png\" \/>\n\t<meta property=\"og:image:width\" content=\"500\" \/>\n\t<meta property=\"og:image:height\" content=\"500\" \/>\n\t<meta property=\"og:image:type\" content=\"image\/png\" \/>\n<meta name=\"twitter:card\" content=\"summary_large_image\" \/>\n<meta name=\"twitter:label1\" content=\"Tiempo de lectura\" \/>\n\t<meta name=\"twitter:data1\" content=\"3 minutos\" \/>\n<script type=\"application\/ld+json\" class=\"yoast-schema-graph\">{\"@context\":\"https:\\\/\\\/schema.org\",\"@graph\":[{\"@type\":\"WebPage\",\"@id\":\"https:\\\/\\\/www.lyoproform.fr\\\/es\\\/el-ingrediente-florytec\\\/\",\"url\":\"https:\\\/\\\/www.lyoproform.fr\\\/es\\\/el-ingrediente-florytec\\\/\",\"name\":\"\u00bfQu\u00e9 es el ingrediente probi\u00f3tico Florytec\u00ae?\",\"isPartOf\":{\"@id\":\"https:\\\/\\\/www.lyoproform.fr\\\/es\\\/#website\"},\"datePublished\":\"2022-03-11T15:03:45+00:00\",\"dateModified\":\"2024-07-24T13:58:47+00:00\",\"description\":\"Experiencia probi\u00f3tica y nutrac\u00e9utica para potenciar el equilibrio de su microbiota intestinal con un complemento alimenticio innovador.\",\"breadcrumb\":{\"@id\":\"https:\\\/\\\/www.lyoproform.fr\\\/es\\\/el-ingrediente-florytec\\\/#breadcrumb\"},\"inLanguage\":\"es\",\"potentialAction\":[{\"@type\":\"ReadAction\",\"target\":[\"https:\\\/\\\/www.lyoproform.fr\\\/es\\\/el-ingrediente-florytec\\\/\"]}]},{\"@type\":\"BreadcrumbList\",\"@id\":\"https:\\\/\\\/www.lyoproform.fr\\\/es\\\/el-ingrediente-florytec\\\/#breadcrumb\",\"itemListElement\":[{\"@type\":\"ListItem\",\"position\":1,\"name\":\"Accueil Lyoproform\",\"item\":\"https:\\\/\\\/www.lyoproform.fr\\\/es\\\/\"},{\"@type\":\"ListItem\",\"position\":2,\"name\":\"El ingrediente FLORYTEC\u00ae\"}]},{\"@type\":\"WebSite\",\"@id\":\"https:\\\/\\\/www.lyoproform.fr\\\/es\\\/#website\",\"url\":\"https:\\\/\\\/www.lyoproform.fr\\\/es\\\/\",\"name\":\"LYOPROFORM\",\"description\":\"La gamme de compl\u00e9ments alimentaires \u00e0 base de probiotiques\",\"publisher\":{\"@id\":\"https:\\\/\\\/www.lyoproform.fr\\\/es\\\/#organization\"},\"potentialAction\":[{\"@type\":\"SearchAction\",\"target\":{\"@type\":\"EntryPoint\",\"urlTemplate\":\"https:\\\/\\\/www.lyoproform.fr\\\/es\\\/?s={search_term_string}\"},\"query-input\":{\"@type\":\"PropertyValueSpecification\",\"valueRequired\":true,\"valueName\":\"search_term_string\"}}],\"inLanguage\":\"es\"},{\"@type\":\"Organization\",\"@id\":\"https:\\\/\\\/www.lyoproform.fr\\\/es\\\/#organization\",\"name\":\"LYOPROFORM\",\"url\":\"https:\\\/\\\/www.lyoproform.fr\\\/es\\\/\",\"logo\":{\"@type\":\"ImageObject\",\"inLanguage\":\"es\",\"@id\":\"https:\\\/\\\/www.lyoproform.fr\\\/es\\\/#\\\/schema\\\/logo\\\/image\\\/\",\"url\":\"https:\\\/\\\/www.lyoproform.fr\\\/wp-content\\\/uploads\\\/2022\\\/04\\\/Lyoproform-bleu-petit.png\",\"contentUrl\":\"https:\\\/\\\/www.lyoproform.fr\\\/wp-content\\\/uploads\\\/2022\\\/04\\\/Lyoproform-bleu-petit.png\",\"width\":2481,\"height\":1182,\"caption\":\"LYOPROFORM\"},\"image\":{\"@id\":\"https:\\\/\\\/www.lyoproform.fr\\\/es\\\/#\\\/schema\\\/logo\\\/image\\\/\"},\"sameAs\":[\"https:\\\/\\\/www.facebook.com\\\/LYOPROFORM.Nutribiotiques\\\/\"]}]}<\/script>\n<!-- \/ Yoast SEO plugin. -->","yoast_head_json":{"title":"\u00bfQu\u00e9 es el ingrediente probi\u00f3tico Florytec\u00ae?","description":"Experiencia probi\u00f3tica y nutrac\u00e9utica para potenciar el equilibrio de su microbiota intestinal con un complemento alimenticio innovador.","robots":{"index":"index","follow":"follow","max-snippet":"max-snippet:-1","max-image-preview":"max-image-preview:large","max-video-preview":"max-video-preview:-1"},"canonical":"https:\/\/www.lyoproform.fr\/es\/el-ingrediente-florytec\/","og_locale":"es_ES","og_type":"article","og_title":"\u00bfQu\u00e9 es el ingrediente probi\u00f3tico Florytec\u00ae?","og_description":"Experiencia probi\u00f3tica y nutrac\u00e9utica para potenciar el equilibrio de su microbiota intestinal con un complemento alimenticio innovador.","og_url":"https:\/\/www.lyoproform.fr\/es\/el-ingrediente-florytec\/","og_site_name":"LYOPROFORM","article_publisher":"https:\/\/www.facebook.com\/LYOPROFORM.Nutribiotiques\/","article_modified_time":"2024-07-24T13:58:47+00:00","og_image":[{"width":500,"height":500,"url":"https:\/\/www.lyoproform.fr\/wp-content\/uploads\/2023\/08\/Gamme-Complements-alimentaires-probiotiques.png","type":"image\/png"}],"twitter_card":"summary_large_image","twitter_misc":{"Tiempo de lectura":"3 minutos"},"schema":{"@context":"https:\/\/schema.org","@graph":[{"@type":"WebPage","@id":"https:\/\/www.lyoproform.fr\/es\/el-ingrediente-florytec\/","url":"https:\/\/www.lyoproform.fr\/es\/el-ingrediente-florytec\/","name":"\u00bfQu\u00e9 es el ingrediente probi\u00f3tico Florytec\u00ae?","isPartOf":{"@id":"https:\/\/www.lyoproform.fr\/es\/#website"},"datePublished":"2022-03-11T15:03:45+00:00","dateModified":"2024-07-24T13:58:47+00:00","description":"Experiencia probi\u00f3tica y nutrac\u00e9utica para potenciar el equilibrio de su microbiota intestinal con un complemento alimenticio innovador.","breadcrumb":{"@id":"https:\/\/www.lyoproform.fr\/es\/el-ingrediente-florytec\/#breadcrumb"},"inLanguage":"es","potentialAction":[{"@type":"ReadAction","target":["https:\/\/www.lyoproform.fr\/es\/el-ingrediente-florytec\/"]}]},{"@type":"BreadcrumbList","@id":"https:\/\/www.lyoproform.fr\/es\/el-ingrediente-florytec\/#breadcrumb","itemListElement":[{"@type":"ListItem","position":1,"name":"Accueil Lyoproform","item":"https:\/\/www.lyoproform.fr\/es\/"},{"@type":"ListItem","position":2,"name":"El ingrediente FLORYTEC\u00ae"}]},{"@type":"WebSite","@id":"https:\/\/www.lyoproform.fr\/es\/#website","url":"https:\/\/www.lyoproform.fr\/es\/","name":"LYOPROFORM","description":"La gamme de compl\u00e9ments alimentaires \u00e0 base de probiotiques","publisher":{"@id":"https:\/\/www.lyoproform.fr\/es\/#organization"},"potentialAction":[{"@type":"SearchAction","target":{"@type":"EntryPoint","urlTemplate":"https:\/\/www.lyoproform.fr\/es\/?s={search_term_string}"},"query-input":{"@type":"PropertyValueSpecification","valueRequired":true,"valueName":"search_term_string"}}],"inLanguage":"es"},{"@type":"Organization","@id":"https:\/\/www.lyoproform.fr\/es\/#organization","name":"LYOPROFORM","url":"https:\/\/www.lyoproform.fr\/es\/","logo":{"@type":"ImageObject","inLanguage":"es","@id":"https:\/\/www.lyoproform.fr\/es\/#\/schema\/logo\/image\/","url":"https:\/\/www.lyoproform.fr\/wp-content\/uploads\/2022\/04\/Lyoproform-bleu-petit.png","contentUrl":"https:\/\/www.lyoproform.fr\/wp-content\/uploads\/2022\/04\/Lyoproform-bleu-petit.png","width":2481,"height":1182,"caption":"LYOPROFORM"},"image":{"@id":"https:\/\/www.lyoproform.fr\/es\/#\/schema\/logo\/image\/"},"sameAs":["https:\/\/www.facebook.com\/LYOPROFORM.Nutribiotiques\/"]}]}},"_links":{"self":[{"href":"https:\/\/www.lyoproform.fr\/es\/wp-json\/wp\/v2\/pages\/2312","targetHints":{"allow":["GET"]}}],"collection":[{"href":"https:\/\/www.lyoproform.fr\/es\/wp-json\/wp\/v2\/pages"}],"about":[{"href":"https:\/\/www.lyoproform.fr\/es\/wp-json\/wp\/v2\/types\/page"}],"author":[{"embeddable":true,"href":"https:\/\/www.lyoproform.fr\/es\/wp-json\/wp\/v2\/users\/2"}],"replies":[{"embeddable":true,"href":"https:\/\/www.lyoproform.fr\/es\/wp-json\/wp\/v2\/comments?post=2312"}],"version-history":[{"count":8,"href":"https:\/\/www.lyoproform.fr\/es\/wp-json\/wp\/v2\/pages\/2312\/revisions"}],"predecessor-version":[{"id":3780,"href":"https:\/\/www.lyoproform.fr\/es\/wp-json\/wp\/v2\/pages\/2312\/revisions\/3780"}],"wp:attachment":[{"href":"https:\/\/www.lyoproform.fr\/es\/wp-json\/wp\/v2\/media?parent=2312"}],"curies":[{"name":"wp","href":"https:\/\/api.w.org\/{rel}","templated":true}]}}