{"id":2317,"date":"2022-03-11T15:28:18","date_gmt":"2022-03-11T14:28:18","guid":{"rendered":"https:\/\/www.lyoproform.fr\/las-cepas-lyoproform\/"},"modified":"2024-07-24T16:02:30","modified_gmt":"2024-07-24T14:02:30","slug":"las-cepas-lyoproform","status":"publish","type":"page","link":"https:\/\/www.lyoproform.fr\/es\/las-cepas-lyoproform\/","title":{"rendered":"Cepas naturales de lactobacilos LYOPROFORM"},"content":{"rendered":"<div class=\"wpb-content-wrapper\"><p>[vc_row full_width=\u00bbstretch_row\u00bb full_height=\u00bbyes\u00bb bg_type=\u00bbbg_color\u00bb bg_override=\u00bbex-full\u00bb bg_color_value=\u00bb#15184c\u00bb css=\u00bb.vc_custom_1681828433415{background-color: #15184c !important;background-position: center !important;background-repeat: no-repeat !important;background-size: cover !important;}\u00bb][vc_column][vc_row_inner][vc_column_inner width=\u00bb1\/6&#8243; offset=\u00bbvc_hidden-sm vc_hidden-xs\u00bb][\/vc_column_inner][vc_column_inner width=\u00bb2\/3&#8243; offset=\u00bbvc_hidden-sm vc_hidden-xs\u00bb][vc_column_text css=\u00bb\u00bb el_class=\u00bbblanc\u00bb]<\/p>\n<h2 style=\"text-align: center;\"><span style=\"font-size: 18pt;\"><em>Lactobacillus salivarius, Lactobacillus plantarum y Lactobacillus rhamnosus<\/em> en complementos alimenticios.<\/span><\/h2>\n<p>[\/vc_column_text][vc_column_text css=\u00bb\u00bb el_class=\u00bbblanc\u00bb]<span style=\"font-size: 12pt;\">Los probi\u00f3ticos naturales son microorganismos, es decir, seres vivos invisibles a simple vista, cuyo tama\u00f1o no supera unos cientos de micr\u00f3metros. Este mundo microsc\u00f3pico es rico y complejo, con unos 10 millones de especies diferentes ya identificadas&#8230; y eso es s\u00f3lo una peque\u00f1a fracci\u00f3n del n\u00famero real presente en la Tierra. S\u00f3lo nuestro intestino alberga m\u00e1s de 1.000 especies, es decir, casi 40.000 billones de bacterias que componen nuestra microbiota intestinal, lo que lo convierte probablemente en el ecosistema m\u00e1s densamente poblado del planeta. Para cada una de estas especies, existen multitud de cepas con caracter\u00edsticas diversas y variadas.<\/span><\/p>\n<p><span style=\"font-size: 12pt;\">Muchas de estas diversas floras intestinales no tienen ning\u00fan inter\u00e9s particular para nuestro organismo. Algunas de ellas pueden ser perjudiciales y, en ocasiones, provocar o favorecer el desarrollo de enfermedades de diversa gravedad.<\/span>[\/vc_column_text][\/vc_column_inner][vc_column_inner width=\u00bb1\/6&#8243; offset=\u00bbvc_hidden-sm vc_hidden-xs\u00bb][\/vc_column_inner][\/vc_row_inner][vc_empty_space height=\u00bb50px\u00bb][vc_row_inner content_placement=\u00bbmiddle\u00bb][vc_column_inner width=\u00bb1\/2&#8243; offset=\u00bbvc_hidden-sm vc_hidden-xs\u00bb][vc_single_image image=\u00bb1925&#8243; img_size=\u00bbfull\u00bb add_caption=\u00bbyes\u00bb alignment=\u00bbcenter\u00bb style=\u00bbvc_box_circle_2&#8243; css=\u00bb\u00bb][\/vc_column_inner][vc_column_inner width=\u00bb1\/2&#8243; offset=\u00bbvc_hidden-sm vc_hidden-xs\u00bb][vc_column_text el_class=\u00bbblanc\u00bb]<span style=\"font-size: 12pt;\">Otras, en cambio, aportan verdaderos beneficios para la salud de nuestro organismo y tambi\u00e9n ayudan a mantener el equilibrio fundamental de nuestra flora intestinal.<\/span><\/p>\n<h4><span style=\"font-size: 12pt;\">Todos estos microorganismos beneficiosos se conocen com\u00fanmente como \u00abprobi\u00f3ticos\u00bb.<\/span><\/h4>\n<p><span style=\"font-size: 12pt;\">Nuestro confort y bienestar dependen en particular de la constituci\u00f3n de nuestra microbiota intestinal y de su diversidad de probi\u00f3ticos naturales.<\/span><br \/>\n<span style=\"font-size: 12pt;\">Esta diversidad hace que sea esencial investigar y seleccionar las cepas para identificar las que realmente merecen inter\u00e9s.<\/span>[\/vc_column_text]<style type=\"text\/css\" data-type=\"the7_shortcodes-inline-css\">#default-btn-a3d7e2b8164e8efd2faeeda098efe7bf.ico-right-side > i {\n  margin-right: 0px;\n  margin-left: 8px;\n}\n#default-btn-a3d7e2b8164e8efd2faeeda098efe7bf > i {\n  margin-right: 8px;\n}\n<\/style><div class=\"btn-align-center\"><a href=\"https:\/\/www.lyoproform.fr\/es\/el-ingrediente-florytec\/\" class=\"default-btn-shortcode dt-btn dt-btn-m link-hover-off bubulle  vc_custom_1721829608286\" id=\"default-btn-a3d7e2b8164e8efd2faeeda098efe7bf\"><span>el ingr\u00e9diente Lyoproform\u00ae<\/span><\/a><\/div>[vc_column_text el_class=\u00bbblanc\u00bb]<span style=\"font-size: 12pt;\">El laboratorio Sorbial, con sus muchos a\u00f1os de experiencia en biotecnolog\u00eda de microorganismos, ha podido aislar y secuenciar multitud de cepas de lactobacilos mediante t\u00e9cnicas cient\u00edficas de vanguardia y en colaboraci\u00f3n con los principales equipos de expertos mundiales en el campo de los probi\u00f3ticos: el INRAe y el Instituto MICALIS. Sorbial dispone as\u00ed de su propia \u00abbiblioteca de existencias\u00bb.<\/span>[\/vc_column_text][\/vc_column_inner][vc_column_inner offset=\u00bbvc_hidden-sm vc_hidden-xs\u00bb][vc_empty_space height=\u00bb100px\u00bb][\/vc_column_inner][\/vc_row_inner][vc_row_inner][vc_column_inner][vc_column_text el_class=\u00bbblanc\u00bb]<\/p>\n<h2 style=\"text-align: center;\">Cepas naturales de inter\u00e9s &#8230;<\/h2>\n<h3 style=\"text-align: center;\">Entre ellos hay 3 lactobacilos con notables propiedades biol\u00f3gicas<\/h3>\n<p>[\/vc_column_text][\/vc_column_inner][\/vc_row_inner][vc_row_inner][vc_column_inner width=\u00bb1\/5&#8243;][\/vc_column_inner][vc_column_inner width=\u00bb1\/5&#8243;][vc_single_image image=\u00bb1933&#8243; img_size=\u00bbmedium\u00bb alignment=\u00bbcenter\u00bb css=\u00bb.vc_custom_1693313572984{margin-bottom: 0px !important;}\u00bb][vc_column_text el_class=\u00bbblanc\u00bb]<\/p>\n<h4 style=\"text-align: center;\"><em>LACTOBACILLUS RHAMNOSUS<\/em><\/h4>\n<p style=\"text-align: center;\"><strong>CNCM I-5504<\/strong><\/p>\n<p>[\/vc_column_text][\/vc_column_inner][vc_column_inner width=\u00bb1\/5&#8243;][vc_single_image image=\u00bb1935&#8243; img_size=\u00bbmedium\u00bb alignment=\u00bbcenter\u00bb css=\u00bb.vc_custom_1693299844034{margin-bottom: 0px !important;}\u00bb][vc_column_text el_class=\u00bbblanc\u00bb]<\/p>\n<h4 style=\"text-align: center;\"><em>LACTOBACILLUS PLANTARUM<\/em><\/h4>\n<p style=\"text-align: center;\"><strong>CNCM I-5483<\/strong><\/p>\n<p>[\/vc_column_text][\/vc_column_inner][vc_column_inner width=\u00bb1\/5&#8243;][vc_single_image image=\u00bb1936&#8243; img_size=\u00bbmedium\u00bb alignment=\u00bbcenter\u00bb css=\u00bb.vc_custom_1693313761970{margin-bottom: 0px !important;}\u00bb][vc_column_text css=\u00bb.vc_custom_1677574798059{margin-top: 0px !important;}\u00bb el_class=\u00bbblanc\u00bb]<\/p>\n<h4 style=\"text-align: center;\"><em>LACTOBACILLUS SALIVARIUS<\/em><\/h4>\n<p style=\"text-align: center;\"><strong>CNCM I-4866<\/strong><\/p>\n<p>[\/vc_column_text][\/vc_column_inner][vc_column_inner width=\u00bb1\/5&#8243;][\/vc_column_inner][\/vc_row_inner][vc_empty_space height=\u00bb50px\u00bb][vc_row_inner][vc_column_inner width=\u00bb1\/6&#8243;][\/vc_column_inner][vc_column_inner width=\u00bb2\/3&#8243;][vc_single_image image=\u00bb1858&#8243; img_size=\u00bbmedium\u00bb alignment=\u00bbcenter\u00bb][vc_column_text el_class=\u00bbblanc\u00bb]<\/p>\n<h4 style=\"text-align: center;\">Para garantizar la pureza y preservar la variabilidad biol\u00f3gica y gen\u00e9tica de estas cepas, se depositan y conservan en el Instituto PASTEUR, en la Collection Nationale de Cultures de Microorganismes (CNCM).<\/h4>\n<p>[\/vc_column_text][vc_single_image image=\u00bb1937&#8243; img_size=\u00bbmedium\u00bb alignment=\u00bbcenter\u00bb][\/vc_column_inner][vc_column_inner width=\u00bb1\/6&#8243;][\/vc_column_inner][\/vc_row_inner][vc_empty_space height=\u00bb50px\u00bb][\/vc_column][\/vc_row][vc_row full_width=\u00bbstretch_row\u00bb full_height=\u00bbyes\u00bb bg_type=\u00bbimage\u00bb parallax_style=\u00bbvcpb-default\u00bb bg_image_new=\u00bbid^676|url^https:\/\/www.lyoproform.fr\/wp-content\/uploads\/2022\/04\/retrouver-sa-vtalite\u0301.jpg|caption^null|alt^vitalit\u00e9 retrouv\u00e9e|title^retrouver-sa-vtalite\u0301|description^null\u00bb bg_override=\u00bbex-full\u00bb css=\u00bb.vc_custom_1681828725542{padding-bottom: 30px !important;background-image: url(https:\/\/www.lyoproform.fr\/wp-content\/uploads\/2022\/04\/retrouver-sa-vtalite\u0301.jpg?id=676) !important;background-position: center !important;background-repeat: no-repeat !important;background-size: cover !important;}\u00bb][vc_column width=\u00bb1\/2&#8243;][\/vc_column][vc_column width=\u00bb1\/2&#8243; css=\u00bb.vc_custom_1648044028729{padding-top: 50px !important;padding-right: 50px !important;padding-bottom: 50px !important;padding-left: 50px !important;background-color: #15184c !important;}\u00bb][vc_column_text el_class=\u00bbblanc\u00bb]<\/p>\n<h2>Una sinergia beneficiosa<\/h2>\n<h4>para mantener tu cuerpo en equilibrio<\/h4>\n<p>[\/vc_column_text][vc_separator color=\u00bbcustom\u00bb align=\u00bbalign_left\u00bb border_width=\u00bb2&#8243; el_width=\u00bb30&#8243; css=\u00bb.vc_custom_1648044004081{margin-left: -30px !important;}\u00bb accent_color=\u00bb#2bb275&#8243;][vc_column_text css=\u00bb\u00bb el_class=\u00bbblanc\u00bb]<span style=\"font-size: 12pt;\">Dado el potencial de estos microorganismos para la microbiota intestinal, se ha establecido una colaboraci\u00f3n entre el INRAe (Instituto Nacional de Investigaci\u00f3n Agron\u00f3mica, Alimentaria y Medioambiental de Francia) y el laboratorio SORBIAL para evaluar el alcance de sus caracter\u00edsticas probi\u00f3ticas.<\/span><br \/>\n<span style=\"font-size: 12pt;\">Nuestras cepas, especies del g\u00e9nero <em>lactobacillus<\/em>, han sido estudiadas por equipos del INRAe y del Instituto MICALIS. Se han llevado a cabo numerosas investigaciones sobre sus propiedades antiinflamatorias, antipat\u00f3genas y otras propiedades probi\u00f3ticas, lo que sugiere una amplia gama de aplicaciones y beneficios de los que puede disfrutar con nuestros diversos complementos alimenticios ricos en lactobacilos.<\/span><br \/>\n<span style=\"font-size: 12pt;\">Los complementos alimenticios LYOPROFORM no son simples ensamblajes de cultivos l\u00e1cticos probi\u00f3ticos comprados a proveedores industriales, sino una combinaci\u00f3n cient\u00edficamente seleccionada y cultivada en sinergia mediante un proceso de fabricaci\u00f3n que el laboratorio SORBIAL domina.<\/span>[\/vc_column_text]<style type=\"text\/css\" data-type=\"the7_shortcodes-inline-css\">#default-btn-fac55d2eb8c61acaf4e06843ed1b6522.ico-right-side > i {\n  margin-right: 0px;\n  margin-left: 8px;\n}\n#default-btn-fac55d2eb8c61acaf4e06843ed1b6522 > i {\n  margin-right: 8px;\n}\n<\/style><div class=\"btn-align-center\"><a href=\"https:\/\/www.lyoproform.fr\/es\/la-marca-lyoproform\/\" class=\"default-btn-shortcode dt-btn dt-btn-m link-hover-off bubulle \" id=\"default-btn-fac55d2eb8c61acaf4e06843ed1b6522\"><span>Los complementos alimentarios LYOPROFORM<\/span><\/a><\/div>[\/vc_column][\/vc_row]<\/p>\n<\/div>","protected":false},"excerpt":{"rendered":"<p>[vc_row full_width=\u00bbstretch_row\u00bb full_height=\u00bbyes\u00bb bg_type=\u00bbbg_color\u00bb bg_override=\u00bbex-full\u00bb bg_color_value=\u00bb#15184c\u00bb css=\u00bb.vc_custom_1681828433415{background-color: #15184c !important;background-position: center !important;background-repeat: no-repeat !important;background-size: cover !important;}\u00bb][vc_column][vc_row_inner][vc_column_inner width=\u00bb1\/6&#8243; offset=\u00bbvc_hidden-sm vc_hidden-xs\u00bb][\/vc_column_inner][vc_column_inner width=\u00bb2\/3&#8243; offset=\u00bbvc_hidden-sm vc_hidden-xs\u00bb][vc_column_text css=\u00bb\u00bb el_class=\u00bbblanc\u00bb] Lactobacillus salivarius, Lactobacillus plantarum y Lactobacillus rhamnosus en complementos alimenticios. [\/vc_column_text][vc_column_text css=\u00bb\u00bb el_class=\u00bbblanc\u00bb]Los probi\u00f3ticos naturales son microorganismos, es decir, seres vivos invisibles a simple vista, cuyo tama\u00f1o no supera unos cientos de&hellip;<\/p>\n","protected":false},"author":2,"featured_media":0,"parent":0,"menu_order":0,"comment_status":"closed","ping_status":"closed","template":"","meta":{"footnotes":""},"class_list":["post-2317","page","type-page","status-publish","hentry","description-off"],"yoast_head":"<!-- This site is optimized with the Yoast SEO plugin v27.5 - https:\/\/yoast.com\/product\/yoast-seo-wordpress\/ -->\n<title>Cepas naturales de lactobacilos LYOPROFORM - Probi\u00f3ticos de inter\u00e9s<\/title>\n<meta name=\"description\" content=\"Los probi\u00f3ticos son microorganismos vivos que, ingeridos en cantidades adecuadas, tienen efectos beneficiosos sobre el sistema inmunitario y...\" \/>\n<meta name=\"robots\" content=\"index, follow, max-snippet:-1, max-image-preview:large, max-video-preview:-1\" \/>\n<link rel=\"canonical\" href=\"https:\/\/www.lyoproform.fr\/es\/las-cepas-lyoproform\/\" \/>\n<meta property=\"og:locale\" content=\"es_ES\" \/>\n<meta property=\"og:type\" content=\"article\" \/>\n<meta property=\"og:title\" content=\"Cepas naturales de lactobacilos LYOPROFORM - Probi\u00f3ticos de inter\u00e9s\" \/>\n<meta property=\"og:description\" content=\"Los probi\u00f3ticos son microorganismos vivos que, ingeridos en cantidades adecuadas, tienen efectos beneficiosos sobre el sistema inmunitario y...\" \/>\n<meta property=\"og:url\" content=\"https:\/\/www.lyoproform.fr\/es\/las-cepas-lyoproform\/\" \/>\n<meta property=\"og:site_name\" content=\"LYOPROFORM\" \/>\n<meta property=\"article:publisher\" content=\"https:\/\/www.facebook.com\/LYOPROFORM.Nutribiotiques\/\" \/>\n<meta property=\"article:modified_time\" content=\"2024-07-24T14:02:30+00:00\" \/>\n<meta property=\"og:image\" content=\"https:\/\/www.lyoproform.fr\/wp-content\/uploads\/2023\/08\/Gamme-Complements-alimentaires-probiotiques.png\" \/>\n\t<meta property=\"og:image:width\" content=\"500\" \/>\n\t<meta property=\"og:image:height\" content=\"500\" \/>\n\t<meta property=\"og:image:type\" content=\"image\/png\" \/>\n<meta name=\"twitter:card\" content=\"summary_large_image\" \/>\n<meta name=\"twitter:label1\" content=\"Tiempo de lectura\" \/>\n\t<meta name=\"twitter:data1\" content=\"5 minutos\" \/>\n<script type=\"application\/ld+json\" class=\"yoast-schema-graph\">{\"@context\":\"https:\\\/\\\/schema.org\",\"@graph\":[{\"@type\":\"WebPage\",\"@id\":\"https:\\\/\\\/www.lyoproform.fr\\\/es\\\/las-cepas-lyoproform\\\/\",\"url\":\"https:\\\/\\\/www.lyoproform.fr\\\/es\\\/las-cepas-lyoproform\\\/\",\"name\":\"Cepas naturales de lactobacilos LYOPROFORM - Probi\u00f3ticos de inter\u00e9s\",\"isPartOf\":{\"@id\":\"https:\\\/\\\/www.lyoproform.fr\\\/es\\\/#website\"},\"datePublished\":\"2022-03-11T14:28:18+00:00\",\"dateModified\":\"2024-07-24T14:02:30+00:00\",\"description\":\"Los probi\u00f3ticos son microorganismos vivos que, ingeridos en cantidades adecuadas, tienen efectos beneficiosos sobre el sistema inmunitario y...\",\"breadcrumb\":{\"@id\":\"https:\\\/\\\/www.lyoproform.fr\\\/es\\\/las-cepas-lyoproform\\\/#breadcrumb\"},\"inLanguage\":\"es\",\"potentialAction\":[{\"@type\":\"ReadAction\",\"target\":[\"https:\\\/\\\/www.lyoproform.fr\\\/es\\\/las-cepas-lyoproform\\\/\"]}]},{\"@type\":\"BreadcrumbList\",\"@id\":\"https:\\\/\\\/www.lyoproform.fr\\\/es\\\/las-cepas-lyoproform\\\/#breadcrumb\",\"itemListElement\":[{\"@type\":\"ListItem\",\"position\":1,\"name\":\"Accueil Lyoproform\",\"item\":\"https:\\\/\\\/www.lyoproform.fr\\\/es\\\/\"},{\"@type\":\"ListItem\",\"position\":2,\"name\":\"Cepas naturales de lactobacilos LYOPROFORM\"}]},{\"@type\":\"WebSite\",\"@id\":\"https:\\\/\\\/www.lyoproform.fr\\\/es\\\/#website\",\"url\":\"https:\\\/\\\/www.lyoproform.fr\\\/es\\\/\",\"name\":\"LYOPROFORM\",\"description\":\"La gamme de compl\u00e9ments alimentaires \u00e0 base de probiotiques\",\"publisher\":{\"@id\":\"https:\\\/\\\/www.lyoproform.fr\\\/es\\\/#organization\"},\"potentialAction\":[{\"@type\":\"SearchAction\",\"target\":{\"@type\":\"EntryPoint\",\"urlTemplate\":\"https:\\\/\\\/www.lyoproform.fr\\\/es\\\/?s={search_term_string}\"},\"query-input\":{\"@type\":\"PropertyValueSpecification\",\"valueRequired\":true,\"valueName\":\"search_term_string\"}}],\"inLanguage\":\"es\"},{\"@type\":\"Organization\",\"@id\":\"https:\\\/\\\/www.lyoproform.fr\\\/es\\\/#organization\",\"name\":\"LYOPROFORM\",\"url\":\"https:\\\/\\\/www.lyoproform.fr\\\/es\\\/\",\"logo\":{\"@type\":\"ImageObject\",\"inLanguage\":\"es\",\"@id\":\"https:\\\/\\\/www.lyoproform.fr\\\/es\\\/#\\\/schema\\\/logo\\\/image\\\/\",\"url\":\"https:\\\/\\\/www.lyoproform.fr\\\/wp-content\\\/uploads\\\/2022\\\/04\\\/Lyoproform-bleu-petit.png\",\"contentUrl\":\"https:\\\/\\\/www.lyoproform.fr\\\/wp-content\\\/uploads\\\/2022\\\/04\\\/Lyoproform-bleu-petit.png\",\"width\":2481,\"height\":1182,\"caption\":\"LYOPROFORM\"},\"image\":{\"@id\":\"https:\\\/\\\/www.lyoproform.fr\\\/es\\\/#\\\/schema\\\/logo\\\/image\\\/\"},\"sameAs\":[\"https:\\\/\\\/www.facebook.com\\\/LYOPROFORM.Nutribiotiques\\\/\"]}]}<\/script>\n<!-- \/ Yoast SEO plugin. -->","yoast_head_json":{"title":"Cepas naturales de lactobacilos LYOPROFORM - Probi\u00f3ticos de inter\u00e9s","description":"Los probi\u00f3ticos son microorganismos vivos que, ingeridos en cantidades adecuadas, tienen efectos beneficiosos sobre el sistema inmunitario y...","robots":{"index":"index","follow":"follow","max-snippet":"max-snippet:-1","max-image-preview":"max-image-preview:large","max-video-preview":"max-video-preview:-1"},"canonical":"https:\/\/www.lyoproform.fr\/es\/las-cepas-lyoproform\/","og_locale":"es_ES","og_type":"article","og_title":"Cepas naturales de lactobacilos LYOPROFORM - Probi\u00f3ticos de inter\u00e9s","og_description":"Los probi\u00f3ticos son microorganismos vivos que, ingeridos en cantidades adecuadas, tienen efectos beneficiosos sobre el sistema inmunitario y...","og_url":"https:\/\/www.lyoproform.fr\/es\/las-cepas-lyoproform\/","og_site_name":"LYOPROFORM","article_publisher":"https:\/\/www.facebook.com\/LYOPROFORM.Nutribiotiques\/","article_modified_time":"2024-07-24T14:02:30+00:00","og_image":[{"width":500,"height":500,"url":"https:\/\/www.lyoproform.fr\/wp-content\/uploads\/2023\/08\/Gamme-Complements-alimentaires-probiotiques.png","type":"image\/png"}],"twitter_card":"summary_large_image","twitter_misc":{"Tiempo de lectura":"5 minutos"},"schema":{"@context":"https:\/\/schema.org","@graph":[{"@type":"WebPage","@id":"https:\/\/www.lyoproform.fr\/es\/las-cepas-lyoproform\/","url":"https:\/\/www.lyoproform.fr\/es\/las-cepas-lyoproform\/","name":"Cepas naturales de lactobacilos LYOPROFORM - Probi\u00f3ticos de inter\u00e9s","isPartOf":{"@id":"https:\/\/www.lyoproform.fr\/es\/#website"},"datePublished":"2022-03-11T14:28:18+00:00","dateModified":"2024-07-24T14:02:30+00:00","description":"Los probi\u00f3ticos son microorganismos vivos que, ingeridos en cantidades adecuadas, tienen efectos beneficiosos sobre el sistema inmunitario y...","breadcrumb":{"@id":"https:\/\/www.lyoproform.fr\/es\/las-cepas-lyoproform\/#breadcrumb"},"inLanguage":"es","potentialAction":[{"@type":"ReadAction","target":["https:\/\/www.lyoproform.fr\/es\/las-cepas-lyoproform\/"]}]},{"@type":"BreadcrumbList","@id":"https:\/\/www.lyoproform.fr\/es\/las-cepas-lyoproform\/#breadcrumb","itemListElement":[{"@type":"ListItem","position":1,"name":"Accueil Lyoproform","item":"https:\/\/www.lyoproform.fr\/es\/"},{"@type":"ListItem","position":2,"name":"Cepas naturales de lactobacilos LYOPROFORM"}]},{"@type":"WebSite","@id":"https:\/\/www.lyoproform.fr\/es\/#website","url":"https:\/\/www.lyoproform.fr\/es\/","name":"LYOPROFORM","description":"La gamme de compl\u00e9ments alimentaires \u00e0 base de probiotiques","publisher":{"@id":"https:\/\/www.lyoproform.fr\/es\/#organization"},"potentialAction":[{"@type":"SearchAction","target":{"@type":"EntryPoint","urlTemplate":"https:\/\/www.lyoproform.fr\/es\/?s={search_term_string}"},"query-input":{"@type":"PropertyValueSpecification","valueRequired":true,"valueName":"search_term_string"}}],"inLanguage":"es"},{"@type":"Organization","@id":"https:\/\/www.lyoproform.fr\/es\/#organization","name":"LYOPROFORM","url":"https:\/\/www.lyoproform.fr\/es\/","logo":{"@type":"ImageObject","inLanguage":"es","@id":"https:\/\/www.lyoproform.fr\/es\/#\/schema\/logo\/image\/","url":"https:\/\/www.lyoproform.fr\/wp-content\/uploads\/2022\/04\/Lyoproform-bleu-petit.png","contentUrl":"https:\/\/www.lyoproform.fr\/wp-content\/uploads\/2022\/04\/Lyoproform-bleu-petit.png","width":2481,"height":1182,"caption":"LYOPROFORM"},"image":{"@id":"https:\/\/www.lyoproform.fr\/es\/#\/schema\/logo\/image\/"},"sameAs":["https:\/\/www.facebook.com\/LYOPROFORM.Nutribiotiques\/"]}]}},"_links":{"self":[{"href":"https:\/\/www.lyoproform.fr\/es\/wp-json\/wp\/v2\/pages\/2317","targetHints":{"allow":["GET"]}}],"collection":[{"href":"https:\/\/www.lyoproform.fr\/es\/wp-json\/wp\/v2\/pages"}],"about":[{"href":"https:\/\/www.lyoproform.fr\/es\/wp-json\/wp\/v2\/types\/page"}],"author":[{"embeddable":true,"href":"https:\/\/www.lyoproform.fr\/es\/wp-json\/wp\/v2\/users\/2"}],"replies":[{"embeddable":true,"href":"https:\/\/www.lyoproform.fr\/es\/wp-json\/wp\/v2\/comments?post=2317"}],"version-history":[{"count":16,"href":"https:\/\/www.lyoproform.fr\/es\/wp-json\/wp\/v2\/pages\/2317\/revisions"}],"predecessor-version":[{"id":3781,"href":"https:\/\/www.lyoproform.fr\/es\/wp-json\/wp\/v2\/pages\/2317\/revisions\/3781"}],"wp:attachment":[{"href":"https:\/\/www.lyoproform.fr\/es\/wp-json\/wp\/v2\/media?parent=2317"}],"curies":[{"name":"wp","href":"https:\/\/api.w.org\/{rel}","templated":true}]}}