{"id":2318,"date":"2022-03-16T09:36:27","date_gmt":"2022-03-16T08:36:27","guid":{"rendered":"https:\/\/www.lyoproform.fr\/pongase-en-contacto-con-nosotros\/"},"modified":"2024-07-25T09:46:57","modified_gmt":"2024-07-25T07:46:57","slug":"pongase-en-contacto-con-nosotros","status":"publish","type":"page","link":"https:\/\/www.lyoproform.fr\/es\/pongase-en-contacto-con-nosotros\/","title":{"rendered":"P\u00f3ngase en contacto con nosotros"},"content":{"rendered":"<div class=\"wpb-content-wrapper\"><p>[vc_row][vc_column]\n<div class=\"wpcf7 no-js\" id=\"wpcf7-f2454-o1\" lang=\"es-ES\" dir=\"ltr\" data-wpcf7-id=\"2454\">\n<div class=\"screen-reader-response\"><p role=\"status\" aria-live=\"polite\" aria-atomic=\"true\"><\/p> <ul><\/ul><\/div>\n<form action=\"\/es\/wp-json\/wp\/v2\/pages\/2318#wpcf7-f2454-o1\" method=\"post\" class=\"wpcf7-form init\" aria-label=\"Formulario de contacto\" novalidate=\"novalidate\" data-status=\"init\">\n<fieldset class=\"hidden-fields-container\"><input type=\"hidden\" name=\"_wpcf7\" value=\"2454\" \/><input type=\"hidden\" name=\"_wpcf7_version\" value=\"6.1.5\" \/><input type=\"hidden\" name=\"_wpcf7_locale\" value=\"es_ES\" \/><input type=\"hidden\" name=\"_wpcf7_unit_tag\" value=\"wpcf7-f2454-o1\" \/><input type=\"hidden\" name=\"_wpcf7_container_post\" value=\"0\" \/><input type=\"hidden\" name=\"_wpcf7_posted_data_hash\" value=\"\" \/><input type=\"hidden\" name=\"_wpcf7_recaptcha_response\" value=\"\" \/>\n<\/fieldset>\n<div class=\"row-double-col\">\n\t<p><label class=\"nom-input\"> Nombre <span class=\"wpcf7-form-control-wrap\" data-name=\"votre-nom\"><input size=\"40\" maxlength=\"400\" class=\"wpcf7-form-control wpcf7-text wpcf7-validates-as-required\" aria-required=\"true\" aria-invalid=\"false\" value=\"\" type=\"text\" name=\"votre-nom\" \/><\/span> <\/label><br \/>\n<label class=\"prenom-input\"> Apellido <span class=\"wpcf7-form-control-wrap\" data-name=\"votre-prenom\"><input size=\"40\" maxlength=\"400\" class=\"wpcf7-form-control wpcf7-text wpcf7-validates-as-required\" aria-required=\"true\" aria-invalid=\"false\" value=\"\" type=\"text\" name=\"votre-prenom\" \/><\/span> <\/label>\n\t<\/p>\n<\/div>\n<p><label> Empresa (opcional)<br \/>\n<span class=\"wpcf7-form-control-wrap\" data-name=\"entreprise\"><input size=\"40\" maxlength=\"400\" class=\"wpcf7-form-control wpcf7-text\" aria-invalid=\"false\" value=\"\" type=\"text\" name=\"entreprise\" \/><\/span> <\/label>\n<\/p>\n<div class=\"row-double-col\">\n\t<p><label class=\"nom-input\"> Correo electr\u00f3nic <span class=\"wpcf7-form-control-wrap\" data-name=\"votre-mail\"><input size=\"40\" maxlength=\"400\" class=\"wpcf7-form-control wpcf7-email wpcf7-validates-as-required wpcf7-text wpcf7-validates-as-email\" aria-required=\"true\" aria-invalid=\"false\" value=\"\" type=\"email\" name=\"votre-mail\" \/><\/span> <\/label><br \/>\n<label class=\"prenom-input\"> Tel. <span class=\"wpcf7-form-control-wrap\" data-name=\"votre-telephone\"><input size=\"40\" maxlength=\"400\" class=\"wpcf7-form-control wpcf7-tel wpcf7-validates-as-required wpcf7-text wpcf7-validates-as-tel\" aria-required=\"true\" aria-invalid=\"false\" value=\"\" type=\"tel\" name=\"votre-telephone\" \/><\/span> <\/label>\n\t<\/p>\n<\/div>\n<p><label> Su mensaje<br \/>\n<span class=\"wpcf7-form-control-wrap\" data-name=\"votre-message\"><textarea cols=\"40\" rows=\"10\" maxlength=\"2000\" class=\"wpcf7-form-control wpcf7-textarea\" aria-invalid=\"false\" name=\"votre-message\"><\/textarea><\/span> <\/label>\n<\/p>\n<p><label>Consentimiento del RGPD<br \/>\n<span style=\"font-size: 14px; opacity: 0.7\">[checkbox checkbox-836 \"Je consens \u00e0 ce que ce site Web stocke mes informations soumises afin qu\" il=\"\" puisse=\"\" r=\"\" ma=\"\" demande.=\"\"]<\/span><\/label>\n<\/p>\n<p><input class=\"wpcf7-form-control wpcf7-submit has-spinner\" type=\"submit\" value=\"ENVOYER\" \/>\n<\/p><p style=\"display: none !important;\" class=\"akismet-fields-container\" data-prefix=\"_wpcf7_ak_\"><label>&#916;<textarea name=\"_wpcf7_ak_hp_textarea\" cols=\"45\" rows=\"8\" maxlength=\"100\"><\/textarea><\/label><input type=\"hidden\" id=\"ak_js_1\" name=\"_wpcf7_ak_js\" value=\"42\"\/><script>\ndocument.getElementById( \"ak_js_1\" ).setAttribute( \"value\", ( new Date() ).getTime() );\n<\/script>\n<\/p><div class=\"wpcf7-response-output\" aria-hidden=\"true\"><\/div>\n<\/form>\n<\/div>\n[\/vc_column][\/vc_row]<\/p>\n<\/div>","protected":false},"excerpt":{"rendered":"<p>[vc_row][vc_column][\/vc_column][\/vc_row]<\/p>\n","protected":false},"author":2,"featured_media":0,"parent":0,"menu_order":0,"comment_status":"closed","ping_status":"closed","template":"","meta":{"footnotes":""},"class_list":["post-2318","page","type-page","status-publish","hentry","description-off"],"yoast_head":"<!-- This site is optimized with the Yoast SEO plugin v27.5 - https:\/\/yoast.com\/product\/yoast-seo-wordpress\/ -->\n<title>P\u00f3ngase en contacto con nosotros acerca de nuestros probi\u00f3ticos \u00fanicos - LYOPROFORM<\/title>\n<meta name=\"description\" content=\"Como fabricante y vendedor de los innovadores complementos alimenticios Lyoproform, podemos responder a todas sus preguntas sobre nuestros productos.\" \/>\n<meta name=\"robots\" content=\"noindex, nofollow\" \/>\n<meta property=\"og:locale\" content=\"es_ES\" \/>\n<meta property=\"og:type\" content=\"article\" \/>\n<meta property=\"og:title\" content=\"P\u00f3ngase en contacto con nosotros acerca de nuestros probi\u00f3ticos \u00fanicos - LYOPROFORM\" \/>\n<meta property=\"og:description\" content=\"Como fabricante y vendedor de los innovadores complementos alimenticios Lyoproform, podemos responder a todas sus preguntas sobre nuestros productos.\" \/>\n<meta property=\"og:url\" content=\"https:\/\/www.lyoproform.fr\/es\/pongase-en-contacto-con-nosotros\/\" \/>\n<meta property=\"og:site_name\" content=\"LYOPROFORM\" \/>\n<meta property=\"article:publisher\" content=\"https:\/\/www.facebook.com\/LYOPROFORM.Nutribiotiques\/\" \/>\n<meta property=\"article:modified_time\" content=\"2024-07-25T07:46:57+00:00\" \/>\n<meta property=\"og:image\" content=\"https:\/\/www.lyoproform.fr\/wp-content\/uploads\/2023\/08\/Gamme-Complements-alimentaires-probiotiques.png\" \/>\n\t<meta property=\"og:image:width\" content=\"500\" \/>\n\t<meta property=\"og:image:height\" content=\"500\" \/>\n\t<meta property=\"og:image:type\" content=\"image\/png\" \/>\n<meta name=\"twitter:card\" content=\"summary_large_image\" \/>\n<script type=\"application\/ld+json\" class=\"yoast-schema-graph\">{\"@context\":\"https:\\\/\\\/schema.org\",\"@graph\":[{\"@type\":\"WebPage\",\"@id\":\"https:\\\/\\\/www.lyoproform.fr\\\/es\\\/pongase-en-contacto-con-nosotros\\\/\",\"url\":\"https:\\\/\\\/www.lyoproform.fr\\\/es\\\/pongase-en-contacto-con-nosotros\\\/\",\"name\":\"P\u00f3ngase en contacto con nosotros acerca de nuestros probi\u00f3ticos \u00fanicos - LYOPROFORM\",\"isPartOf\":{\"@id\":\"https:\\\/\\\/www.lyoproform.fr\\\/es\\\/#website\"},\"datePublished\":\"2022-03-16T08:36:27+00:00\",\"dateModified\":\"2024-07-25T07:46:57+00:00\",\"description\":\"Como fabricante y vendedor de los innovadores complementos alimenticios Lyoproform, podemos responder a todas sus preguntas sobre nuestros productos.\",\"breadcrumb\":{\"@id\":\"https:\\\/\\\/www.lyoproform.fr\\\/es\\\/pongase-en-contacto-con-nosotros\\\/#breadcrumb\"},\"inLanguage\":\"es\",\"potentialAction\":[{\"@type\":\"ReadAction\",\"target\":[\"https:\\\/\\\/www.lyoproform.fr\\\/es\\\/pongase-en-contacto-con-nosotros\\\/\"]}]},{\"@type\":\"BreadcrumbList\",\"@id\":\"https:\\\/\\\/www.lyoproform.fr\\\/es\\\/pongase-en-contacto-con-nosotros\\\/#breadcrumb\",\"itemListElement\":[{\"@type\":\"ListItem\",\"position\":1,\"name\":\"Accueil Lyoproform\",\"item\":\"https:\\\/\\\/www.lyoproform.fr\\\/es\\\/\"},{\"@type\":\"ListItem\",\"position\":2,\"name\":\"P\u00f3ngase en contacto con nosotros\"}]},{\"@type\":\"WebSite\",\"@id\":\"https:\\\/\\\/www.lyoproform.fr\\\/es\\\/#website\",\"url\":\"https:\\\/\\\/www.lyoproform.fr\\\/es\\\/\",\"name\":\"LYOPROFORM\",\"description\":\"La gamme de compl\u00e9ments alimentaires \u00e0 base de probiotiques\",\"publisher\":{\"@id\":\"https:\\\/\\\/www.lyoproform.fr\\\/es\\\/#organization\"},\"potentialAction\":[{\"@type\":\"SearchAction\",\"target\":{\"@type\":\"EntryPoint\",\"urlTemplate\":\"https:\\\/\\\/www.lyoproform.fr\\\/es\\\/?s={search_term_string}\"},\"query-input\":{\"@type\":\"PropertyValueSpecification\",\"valueRequired\":true,\"valueName\":\"search_term_string\"}}],\"inLanguage\":\"es\"},{\"@type\":\"Organization\",\"@id\":\"https:\\\/\\\/www.lyoproform.fr\\\/es\\\/#organization\",\"name\":\"LYOPROFORM\",\"url\":\"https:\\\/\\\/www.lyoproform.fr\\\/es\\\/\",\"logo\":{\"@type\":\"ImageObject\",\"inLanguage\":\"es\",\"@id\":\"https:\\\/\\\/www.lyoproform.fr\\\/es\\\/#\\\/schema\\\/logo\\\/image\\\/\",\"url\":\"https:\\\/\\\/www.lyoproform.fr\\\/wp-content\\\/uploads\\\/2022\\\/04\\\/Lyoproform-bleu-petit.png\",\"contentUrl\":\"https:\\\/\\\/www.lyoproform.fr\\\/wp-content\\\/uploads\\\/2022\\\/04\\\/Lyoproform-bleu-petit.png\",\"width\":2481,\"height\":1182,\"caption\":\"LYOPROFORM\"},\"image\":{\"@id\":\"https:\\\/\\\/www.lyoproform.fr\\\/es\\\/#\\\/schema\\\/logo\\\/image\\\/\"},\"sameAs\":[\"https:\\\/\\\/www.facebook.com\\\/LYOPROFORM.Nutribiotiques\\\/\"]}]}<\/script>\n<!-- \/ Yoast SEO plugin. -->","yoast_head_json":{"title":"P\u00f3ngase en contacto con nosotros acerca de nuestros probi\u00f3ticos \u00fanicos - LYOPROFORM","description":"Como fabricante y vendedor de los innovadores complementos alimenticios Lyoproform, podemos responder a todas sus preguntas sobre nuestros productos.","robots":{"index":"noindex","follow":"nofollow"},"og_locale":"es_ES","og_type":"article","og_title":"P\u00f3ngase en contacto con nosotros acerca de nuestros probi\u00f3ticos \u00fanicos - LYOPROFORM","og_description":"Como fabricante y vendedor de los innovadores complementos alimenticios Lyoproform, podemos responder a todas sus preguntas sobre nuestros productos.","og_url":"https:\/\/www.lyoproform.fr\/es\/pongase-en-contacto-con-nosotros\/","og_site_name":"LYOPROFORM","article_publisher":"https:\/\/www.facebook.com\/LYOPROFORM.Nutribiotiques\/","article_modified_time":"2024-07-25T07:46:57+00:00","og_image":[{"width":500,"height":500,"url":"https:\/\/www.lyoproform.fr\/wp-content\/uploads\/2023\/08\/Gamme-Complements-alimentaires-probiotiques.png","type":"image\/png"}],"twitter_card":"summary_large_image","schema":{"@context":"https:\/\/schema.org","@graph":[{"@type":"WebPage","@id":"https:\/\/www.lyoproform.fr\/es\/pongase-en-contacto-con-nosotros\/","url":"https:\/\/www.lyoproform.fr\/es\/pongase-en-contacto-con-nosotros\/","name":"P\u00f3ngase en contacto con nosotros acerca de nuestros probi\u00f3ticos \u00fanicos - LYOPROFORM","isPartOf":{"@id":"https:\/\/www.lyoproform.fr\/es\/#website"},"datePublished":"2022-03-16T08:36:27+00:00","dateModified":"2024-07-25T07:46:57+00:00","description":"Como fabricante y vendedor de los innovadores complementos alimenticios Lyoproform, podemos responder a todas sus preguntas sobre nuestros productos.","breadcrumb":{"@id":"https:\/\/www.lyoproform.fr\/es\/pongase-en-contacto-con-nosotros\/#breadcrumb"},"inLanguage":"es","potentialAction":[{"@type":"ReadAction","target":["https:\/\/www.lyoproform.fr\/es\/pongase-en-contacto-con-nosotros\/"]}]},{"@type":"BreadcrumbList","@id":"https:\/\/www.lyoproform.fr\/es\/pongase-en-contacto-con-nosotros\/#breadcrumb","itemListElement":[{"@type":"ListItem","position":1,"name":"Accueil Lyoproform","item":"https:\/\/www.lyoproform.fr\/es\/"},{"@type":"ListItem","position":2,"name":"P\u00f3ngase en contacto con nosotros"}]},{"@type":"WebSite","@id":"https:\/\/www.lyoproform.fr\/es\/#website","url":"https:\/\/www.lyoproform.fr\/es\/","name":"LYOPROFORM","description":"La gamme de compl\u00e9ments alimentaires \u00e0 base de probiotiques","publisher":{"@id":"https:\/\/www.lyoproform.fr\/es\/#organization"},"potentialAction":[{"@type":"SearchAction","target":{"@type":"EntryPoint","urlTemplate":"https:\/\/www.lyoproform.fr\/es\/?s={search_term_string}"},"query-input":{"@type":"PropertyValueSpecification","valueRequired":true,"valueName":"search_term_string"}}],"inLanguage":"es"},{"@type":"Organization","@id":"https:\/\/www.lyoproform.fr\/es\/#organization","name":"LYOPROFORM","url":"https:\/\/www.lyoproform.fr\/es\/","logo":{"@type":"ImageObject","inLanguage":"es","@id":"https:\/\/www.lyoproform.fr\/es\/#\/schema\/logo\/image\/","url":"https:\/\/www.lyoproform.fr\/wp-content\/uploads\/2022\/04\/Lyoproform-bleu-petit.png","contentUrl":"https:\/\/www.lyoproform.fr\/wp-content\/uploads\/2022\/04\/Lyoproform-bleu-petit.png","width":2481,"height":1182,"caption":"LYOPROFORM"},"image":{"@id":"https:\/\/www.lyoproform.fr\/es\/#\/schema\/logo\/image\/"},"sameAs":["https:\/\/www.facebook.com\/LYOPROFORM.Nutribiotiques\/"]}]}},"_links":{"self":[{"href":"https:\/\/www.lyoproform.fr\/es\/wp-json\/wp\/v2\/pages\/2318","targetHints":{"allow":["GET"]}}],"collection":[{"href":"https:\/\/www.lyoproform.fr\/es\/wp-json\/wp\/v2\/pages"}],"about":[{"href":"https:\/\/www.lyoproform.fr\/es\/wp-json\/wp\/v2\/types\/page"}],"author":[{"embeddable":true,"href":"https:\/\/www.lyoproform.fr\/es\/wp-json\/wp\/v2\/users\/2"}],"replies":[{"embeddable":true,"href":"https:\/\/www.lyoproform.fr\/es\/wp-json\/wp\/v2\/comments?post=2318"}],"version-history":[{"count":2,"href":"https:\/\/www.lyoproform.fr\/es\/wp-json\/wp\/v2\/pages\/2318\/revisions"}],"predecessor-version":[{"id":3836,"href":"https:\/\/www.lyoproform.fr\/es\/wp-json\/wp\/v2\/pages\/2318\/revisions\/3836"}],"wp:attachment":[{"href":"https:\/\/www.lyoproform.fr\/es\/wp-json\/wp\/v2\/media?parent=2318"}],"curies":[{"name":"wp","href":"https:\/\/api.w.org\/{rel}","templated":true}]}}