{"id":2319,"date":"2022-03-15T15:03:10","date_gmt":"2022-03-15T14:03:10","guid":{"rendered":"https:\/\/www.lyoproform.fr\/informacion-juridica\/"},"modified":"2024-03-15T16:49:40","modified_gmt":"2024-03-15T15:49:40","slug":"informacion-juridica","status":"publish","type":"page","link":"https:\/\/www.lyoproform.fr\/es\/informacion-juridica\/","title":{"rendered":"Informaci\u00f3n jur\u00eddica"},"content":{"rendered":"<div class=\"wpb-content-wrapper\"><p>[vc_row][vc_column][vc_column_text]<\/p>\n<div id=\"content\" class=\"content\" role=\"main\">\n<div class=\"vc_row wpb_row vc_row-fluid\">\n<div class=\"wpb_column vc_column_container vc_col-sm-6\">\n<div class=\"vc_column-inner\">\n<div class=\"wpb_wrapper\">\n<div class=\"wpb_text_column wpb_content_element \">\n<div class=\"wpb_wrapper\">\n<h3>Director de la publicaci\u00f3n :<\/h3>\n<p>Jacques HUREL (gerente de la empresa)<\/p>\n<h3>Dise\u00f1o del sitio :<\/h3>\n<p>SORBIAL SARL y <a href=\"https:\/\/www.coclico.fr\/\" target=\"_blank\" rel=\"noopener\">coclico<\/a><\/p>\n<h3>Cr\u00e9ditos de las fotos :<\/h3>\n<p>SORBIAL Sarl<strong><br \/>\n<\/strong><\/p>\n<h3>Alojamiento del sitio \/ base de datos :<\/h3>\n<p>OVH<br \/>\nDomicilio social: 2 rue Kellermann 59100 Roubaix &#8211; Francia.<br \/>\nT\u00e9l : 08 203 203 63<\/p>\n<h3 id=\"siegeSocial\">Propietario del sitio :<\/h3>\n<p>SORBIAL Sarl<strong><br \/>\n<\/strong>Route de Spay<br \/>\n72700 ALLONNES<br \/>\n<a href=\"mailto:%20contact@lyoproform.fr\">contact@lyoproform.fr<\/a><br \/>\nTel. +33 (0)2 43 21 79 00<br \/>\ninscripci\u00f3n : 430 246 199 R.C.S Le Mans<br \/>\nN\u00famero de IVA : FR58 430 246 199<\/p>\n<h3>Enlaces de hipertexto<\/h3>\n<p style=\"text-align: justify;\">Los hiperv\u00ednculos hacia el sitio <a href=\"https:\/\/www.lyoproform.fr\/es\/\" target=\"_blank\" rel=\"noopener\">lyoproform.fr<\/a> s\u00f3lo podr\u00e1n crearse previa autorizaci\u00f3n por escrito de SORBIAL Sarl o de sus representantes legales. SORBIAL Sarl no se hace responsable del contenido de los sitios web de terceros vinculados a su sitio web.<\/p>\n<h3>Menciones legales<\/h3>\n<p style=\"text-align: justify;\">SORBIAL Sarl garantiza que la informaci\u00f3n accesible a trav\u00e9s de su sitio web <a href=\"https:\/\/www.lyoproform.fr\/es\/\" target=\"_blank\" rel=\"noopener\">lyoproform.fr<\/a> son correctas. Sin embargo, no garantiza en modo alguno que esta informaci\u00f3n sea exacta, completa y actualizada y, en general, no ofrece ninguna garant\u00eda expresa o t\u00e1cita en relaci\u00f3n con la totalidad o parte de su sitio web.<\/p>\n<\/div>\n<\/div>\n<\/div>\n<\/div>\n<\/div>\n<div class=\"wpb_column vc_column_container vc_col-sm-6\">\n<div class=\"vc_column-inner\">\n<div class=\"wpb_wrapper\">\n<div class=\"wpb_text_column wpb_content_element \">\n<div class=\"wpb_wrapper\">\n<h3>Copyright<\/h3>\n<p style=\"text-align: justify;\">El sitio web <a href=\"https:\/\/www.lyoproform.fr\/es\/\" target=\"_blank\" rel=\"noopener\">lyoproform.fr<\/a> y cada uno de sus componentes, incluidos, entre otros, los textos, im\u00e1genes, fotograf\u00edas, ilustraciones, sonidos y m\u00fasica son, salvo que se indique lo contrario, propiedad exclusiva de SORBIAL Sarl. Por consiguiente, en aplicaci\u00f3n de las disposiciones del C\u00f3digo de la Propiedad Intelectual franc\u00e9s, de las disposiciones legislativas y reglamentarias de todos los pa\u00edses y de los convenios internacionales, queda prohibida toda reproducci\u00f3n o representaci\u00f3n, total o parcial, del sitio o de cualquiera de sus elementos, as\u00ed como toda modificaci\u00f3n del mismo. El nombre de dominio \u00ab<a href=\"https:\/\/www.lyoproform.fr\/es\/\" target=\"_blank\" rel=\"noopener\">lyoproform.fr<\/a>\u201d es propiedad exclusiva de SORBIAL Sarl. Del mismo modo, las marcas y logotipos que aparecen en el sitio web <a href=\"https:\/\/www.lyoproform.fr\/es\/\" target=\"_blank\" rel=\"noopener\">lyoproform.fr<\/a> son propiedad exclusiva de SORBIAL Sarl. Queda prohibida la reproducci\u00f3n o utilizaci\u00f3n de estas marcas, logotipos o nombres de dominio de cualquier forma o para cualquier fin.<\/p>\n<h3>Datos personales<\/h3>\n<p style=\"text-align: justify;\">De conformidad con la Ley Inform\u00e1tica y Libertades de 6 de enero de 1978, modificada por la Ley de 6 de agosto de 2004 (art. 27), le informamos de que SORBIAL Sarl trata de forma automatizada sus datos personales. Como tal, tiene derecho a acceder, modificar, rectificar y suprimir cualquier dato personal que le concierna (art. 34 y siguientes de la citada ley). Para ejercer este derecho, dir\u00edjase a SORBIAL Sarl \u2013 ROUTE DE SPAY \u2013 BP50067 \u2013 72700 ALLONNES. (Tel : +33 (0)2 43 21 79 00).<\/p>\n<p style=\"text-align: justify;\">SORBIAL Sarl es el destinatario de los datos personales que recoge a trav\u00e9s de su p\u00e1gina web. No obstante, puede transmitirlos a terceros (webmaster, etc.). Por lo tanto, puede oponerse a esta transferencia notific\u00e1ndolo a nuestro contacto mencionado anteriormente.<\/p>\n<\/div>\n<\/div>\n<\/div>\n<\/div>\n<\/div>\n<\/div>\n<\/div>\n<p>[\/vc_column_text][vc_single_image image=\u00bb353&#8243; img_size=\u00bbfull\u00bb alignment=\u00bbcenter\u00bb][\/vc_column][\/vc_row]<\/p>\n<\/div>","protected":false},"excerpt":{"rendered":"<p>[vc_row][vc_column][vc_column_text] Director de la publicaci\u00f3n : Jacques HUREL (gerente de la empresa) Dise\u00f1o del sitio : SORBIAL SARL y coclico Cr\u00e9ditos de las fotos : SORBIAL Sarl Alojamiento del sitio \/ base de datos : OVH Domicilio social: 2 rue Kellermann 59100 Roubaix &#8211; Francia. T\u00e9l : 08 203 203 63 Propietario del sitio :&hellip;<\/p>\n","protected":false},"author":2,"featured_media":0,"parent":0,"menu_order":0,"comment_status":"closed","ping_status":"closed","template":"","meta":{"footnotes":""},"class_list":["post-2319","page","type-page","status-publish","hentry","description-off"],"yoast_head":"<!-- This site is optimized with the Yoast SEO plugin v27.5 - https:\/\/yoast.com\/product\/yoast-seo-wordpress\/ -->\n<title>Informaci\u00f3n jur\u00eddica - LYOPROFORM<\/title>\n<meta name=\"description\" content=\"Complementos alimenticios innovadores fabricados en Francia por el laboratorio SORBIAL, especialistas en probi\u00f3ticos.\" \/>\n<meta name=\"robots\" content=\"noindex, follow\" \/>\n<meta property=\"og:locale\" content=\"es_ES\" \/>\n<meta property=\"og:type\" content=\"article\" \/>\n<meta property=\"og:title\" content=\"Informaci\u00f3n jur\u00eddica - LYOPROFORM\" \/>\n<meta property=\"og:description\" content=\"Complementos alimenticios innovadores fabricados en Francia por el laboratorio SORBIAL, especialistas en probi\u00f3ticos.\" \/>\n<meta property=\"og:url\" content=\"https:\/\/www.lyoproform.fr\/es\/informacion-juridica\/\" \/>\n<meta property=\"og:site_name\" content=\"LYOPROFORM\" \/>\n<meta property=\"article:publisher\" content=\"https:\/\/www.facebook.com\/LYOPROFORM.Nutribiotiques\/\" \/>\n<meta property=\"article:modified_time\" content=\"2024-03-15T15:49:40+00:00\" \/>\n<meta property=\"og:image\" content=\"https:\/\/www.lyoproform.fr\/wp-content\/uploads\/2023\/08\/Gamme-Complements-alimentaires-probiotiques.png\" \/>\n\t<meta property=\"og:image:width\" content=\"500\" \/>\n\t<meta property=\"og:image:height\" content=\"500\" \/>\n\t<meta property=\"og:image:type\" content=\"image\/png\" \/>\n<meta name=\"twitter:card\" content=\"summary_large_image\" \/>\n<meta name=\"twitter:label1\" content=\"Tiempo de lectura\" \/>\n\t<meta name=\"twitter:data1\" content=\"2 minutos\" \/>\n<script type=\"application\/ld+json\" class=\"yoast-schema-graph\">{\"@context\":\"https:\\\/\\\/schema.org\",\"@graph\":[{\"@type\":\"WebPage\",\"@id\":\"https:\\\/\\\/www.lyoproform.fr\\\/es\\\/informacion-juridica\\\/\",\"url\":\"https:\\\/\\\/www.lyoproform.fr\\\/es\\\/informacion-juridica\\\/\",\"name\":\"Informaci\u00f3n jur\u00eddica - LYOPROFORM\",\"isPartOf\":{\"@id\":\"https:\\\/\\\/www.lyoproform.fr\\\/es\\\/#website\"},\"datePublished\":\"2022-03-15T14:03:10+00:00\",\"dateModified\":\"2024-03-15T15:49:40+00:00\",\"description\":\"Complementos alimenticios innovadores fabricados en Francia por el laboratorio SORBIAL, especialistas en probi\u00f3ticos.\",\"breadcrumb\":{\"@id\":\"https:\\\/\\\/www.lyoproform.fr\\\/es\\\/informacion-juridica\\\/#breadcrumb\"},\"inLanguage\":\"es\",\"potentialAction\":[{\"@type\":\"ReadAction\",\"target\":[\"https:\\\/\\\/www.lyoproform.fr\\\/es\\\/informacion-juridica\\\/\"]}]},{\"@type\":\"BreadcrumbList\",\"@id\":\"https:\\\/\\\/www.lyoproform.fr\\\/es\\\/informacion-juridica\\\/#breadcrumb\",\"itemListElement\":[{\"@type\":\"ListItem\",\"position\":1,\"name\":\"Accueil Lyoproform\",\"item\":\"https:\\\/\\\/www.lyoproform.fr\\\/es\\\/\"},{\"@type\":\"ListItem\",\"position\":2,\"name\":\"Informaci\u00f3n jur\u00eddica\"}]},{\"@type\":\"WebSite\",\"@id\":\"https:\\\/\\\/www.lyoproform.fr\\\/es\\\/#website\",\"url\":\"https:\\\/\\\/www.lyoproform.fr\\\/es\\\/\",\"name\":\"LYOPROFORM\",\"description\":\"La gamme de compl\u00e9ments alimentaires \u00e0 base de probiotiques\",\"publisher\":{\"@id\":\"https:\\\/\\\/www.lyoproform.fr\\\/es\\\/#organization\"},\"potentialAction\":[{\"@type\":\"SearchAction\",\"target\":{\"@type\":\"EntryPoint\",\"urlTemplate\":\"https:\\\/\\\/www.lyoproform.fr\\\/es\\\/?s={search_term_string}\"},\"query-input\":{\"@type\":\"PropertyValueSpecification\",\"valueRequired\":true,\"valueName\":\"search_term_string\"}}],\"inLanguage\":\"es\"},{\"@type\":\"Organization\",\"@id\":\"https:\\\/\\\/www.lyoproform.fr\\\/es\\\/#organization\",\"name\":\"LYOPROFORM\",\"url\":\"https:\\\/\\\/www.lyoproform.fr\\\/es\\\/\",\"logo\":{\"@type\":\"ImageObject\",\"inLanguage\":\"es\",\"@id\":\"https:\\\/\\\/www.lyoproform.fr\\\/es\\\/#\\\/schema\\\/logo\\\/image\\\/\",\"url\":\"https:\\\/\\\/www.lyoproform.fr\\\/wp-content\\\/uploads\\\/2022\\\/04\\\/Lyoproform-bleu-petit.png\",\"contentUrl\":\"https:\\\/\\\/www.lyoproform.fr\\\/wp-content\\\/uploads\\\/2022\\\/04\\\/Lyoproform-bleu-petit.png\",\"width\":2481,\"height\":1182,\"caption\":\"LYOPROFORM\"},\"image\":{\"@id\":\"https:\\\/\\\/www.lyoproform.fr\\\/es\\\/#\\\/schema\\\/logo\\\/image\\\/\"},\"sameAs\":[\"https:\\\/\\\/www.facebook.com\\\/LYOPROFORM.Nutribiotiques\\\/\"]}]}<\/script>\n<!-- \/ Yoast SEO plugin. -->","yoast_head_json":{"title":"Informaci\u00f3n jur\u00eddica - LYOPROFORM","description":"Complementos alimenticios innovadores fabricados en Francia por el laboratorio SORBIAL, especialistas en probi\u00f3ticos.","robots":{"index":"noindex","follow":"follow"},"og_locale":"es_ES","og_type":"article","og_title":"Informaci\u00f3n jur\u00eddica - LYOPROFORM","og_description":"Complementos alimenticios innovadores fabricados en Francia por el laboratorio SORBIAL, especialistas en probi\u00f3ticos.","og_url":"https:\/\/www.lyoproform.fr\/es\/informacion-juridica\/","og_site_name":"LYOPROFORM","article_publisher":"https:\/\/www.facebook.com\/LYOPROFORM.Nutribiotiques\/","article_modified_time":"2024-03-15T15:49:40+00:00","og_image":[{"width":500,"height":500,"url":"https:\/\/www.lyoproform.fr\/wp-content\/uploads\/2023\/08\/Gamme-Complements-alimentaires-probiotiques.png","type":"image\/png"}],"twitter_card":"summary_large_image","twitter_misc":{"Tiempo de lectura":"2 minutos"},"schema":{"@context":"https:\/\/schema.org","@graph":[{"@type":"WebPage","@id":"https:\/\/www.lyoproform.fr\/es\/informacion-juridica\/","url":"https:\/\/www.lyoproform.fr\/es\/informacion-juridica\/","name":"Informaci\u00f3n jur\u00eddica - LYOPROFORM","isPartOf":{"@id":"https:\/\/www.lyoproform.fr\/es\/#website"},"datePublished":"2022-03-15T14:03:10+00:00","dateModified":"2024-03-15T15:49:40+00:00","description":"Complementos alimenticios innovadores fabricados en Francia por el laboratorio SORBIAL, especialistas en probi\u00f3ticos.","breadcrumb":{"@id":"https:\/\/www.lyoproform.fr\/es\/informacion-juridica\/#breadcrumb"},"inLanguage":"es","potentialAction":[{"@type":"ReadAction","target":["https:\/\/www.lyoproform.fr\/es\/informacion-juridica\/"]}]},{"@type":"BreadcrumbList","@id":"https:\/\/www.lyoproform.fr\/es\/informacion-juridica\/#breadcrumb","itemListElement":[{"@type":"ListItem","position":1,"name":"Accueil Lyoproform","item":"https:\/\/www.lyoproform.fr\/es\/"},{"@type":"ListItem","position":2,"name":"Informaci\u00f3n jur\u00eddica"}]},{"@type":"WebSite","@id":"https:\/\/www.lyoproform.fr\/es\/#website","url":"https:\/\/www.lyoproform.fr\/es\/","name":"LYOPROFORM","description":"La gamme de compl\u00e9ments alimentaires \u00e0 base de probiotiques","publisher":{"@id":"https:\/\/www.lyoproform.fr\/es\/#organization"},"potentialAction":[{"@type":"SearchAction","target":{"@type":"EntryPoint","urlTemplate":"https:\/\/www.lyoproform.fr\/es\/?s={search_term_string}"},"query-input":{"@type":"PropertyValueSpecification","valueRequired":true,"valueName":"search_term_string"}}],"inLanguage":"es"},{"@type":"Organization","@id":"https:\/\/www.lyoproform.fr\/es\/#organization","name":"LYOPROFORM","url":"https:\/\/www.lyoproform.fr\/es\/","logo":{"@type":"ImageObject","inLanguage":"es","@id":"https:\/\/www.lyoproform.fr\/es\/#\/schema\/logo\/image\/","url":"https:\/\/www.lyoproform.fr\/wp-content\/uploads\/2022\/04\/Lyoproform-bleu-petit.png","contentUrl":"https:\/\/www.lyoproform.fr\/wp-content\/uploads\/2022\/04\/Lyoproform-bleu-petit.png","width":2481,"height":1182,"caption":"LYOPROFORM"},"image":{"@id":"https:\/\/www.lyoproform.fr\/es\/#\/schema\/logo\/image\/"},"sameAs":["https:\/\/www.facebook.com\/LYOPROFORM.Nutribiotiques\/"]}]}},"_links":{"self":[{"href":"https:\/\/www.lyoproform.fr\/es\/wp-json\/wp\/v2\/pages\/2319","targetHints":{"allow":["GET"]}}],"collection":[{"href":"https:\/\/www.lyoproform.fr\/es\/wp-json\/wp\/v2\/pages"}],"about":[{"href":"https:\/\/www.lyoproform.fr\/es\/wp-json\/wp\/v2\/types\/page"}],"author":[{"embeddable":true,"href":"https:\/\/www.lyoproform.fr\/es\/wp-json\/wp\/v2\/users\/2"}],"replies":[{"embeddable":true,"href":"https:\/\/www.lyoproform.fr\/es\/wp-json\/wp\/v2\/comments?post=2319"}],"version-history":[{"count":5,"href":"https:\/\/www.lyoproform.fr\/es\/wp-json\/wp\/v2\/pages\/2319\/revisions"}],"predecessor-version":[{"id":3461,"href":"https:\/\/www.lyoproform.fr\/es\/wp-json\/wp\/v2\/pages\/2319\/revisions\/3461"}],"wp:attachment":[{"href":"https:\/\/www.lyoproform.fr\/es\/wp-json\/wp\/v2\/media?parent=2319"}],"curies":[{"name":"wp","href":"https:\/\/api.w.org\/{rel}","templated":true}]}}