{"id":2320,"date":"2022-03-11T12:00:45","date_gmt":"2022-03-11T11:00:45","guid":{"rendered":"https:\/\/www.lyoproform.fr\/quienes-somos\/"},"modified":"2024-07-26T15:16:22","modified_gmt":"2024-07-26T13:16:22","slug":"quienes-somos","status":"publish","type":"page","link":"https:\/\/www.lyoproform.fr\/es\/quienes-somos\/","title":{"rendered":"\u00bfQui\u00e9nes somos?"},"content":{"rendered":"<div class=\"wpb-content-wrapper\"><p>[vc_row css=\u00bb.vc_custom_1718179427237{margin-right: 10px !important;margin-left: 10px !important;}\u00bb][vc_column][vc_row_inner content_placement=\u00bbmiddle\u00bb][vc_column_inner width=\u00bb1\/2&#8243;][vc_single_image image=\u00bb1908&#8243; img_size=\u00bbfull\u00bb add_caption=\u00bbyes\u00bb alignment=\u00bbcenter\u00bb style=\u00bbvc_box_circle_2&#8243;][\/vc_column_inner][vc_column_inner width=\u00bb1\/2&#8243;][vc_column_text css=\u00bb\u00bb]<\/p>\n<h2>Probi\u00f3ticos,<\/h2>\n<p><span style=\"font-size: 14pt;\"><strong>una aventura familiar<\/strong><\/span>[\/vc_column_text][vc_separator color=\u00bbcustom\u00bb align=\u00bbalign_left\u00bb border_width=\u00bb2&#8243; el_width=\u00bb30&#8243; css=\u00bb.vc_custom_1647960917370{margin-left: -30px !important;}\u00bb accent_color=\u00bb#2bb275&#8243;][vc_column_text]En los a\u00f1os sesenta, los trabajos de investigaci\u00f3n iniciados por Joseph-Louis LEGARDA, investigador en microbiolog\u00eda aplicada y experto en zootecnia, permitieron aislar e identificar las primeras cepas de Lactobacillus En los a\u00f1os sesenta, los trabajos de investigaci\u00f3n iniciados por Joseph-Louis LEGARDA, investigador en microbiolog\u00eda aplicada y experto en zootecnia, permitieron aislar e identificar las primeras cepas de Lactobacillus El fruto de sus investigaciones iniciales impuls\u00f3 a sus hijos a crear Sorbial como laboratorio y unidad de fabricaci\u00f3n especializada en nutrici\u00f3n y salud animal.[\/vc_column_text]<style type=\"text\/css\" data-type=\"the7_shortcodes-inline-css\">#default-btn-2f7ce5e2c44def100feb82275a346410.ico-right-side > i {\n  margin-right: 0px;\n  margin-left: 8px;\n}\n#default-btn-2f7ce5e2c44def100feb82275a346410 > i {\n  margin-right: 8px;\n}\n<\/style><div class=\"btn-align-center\"><a href=\"https:\/\/www.lyoproform.fr\/es\/el-ingrediente-florytec\/\" class=\"default-btn-shortcode dt-btn dt-btn-m link-hover-off bubulle  vc_custom_1721999646566\" id=\"default-btn-2f7ce5e2c44def100feb82275a346410\"><span>M\u00e1s informaci\u00f3n<\/span><\/a><\/div>[\/vc_column_inner][\/vc_row_inner][\/vc_column][\/vc_row][vc_row bg_type=\u00bbbg_color\u00bb bg_override=\u00bbex-full\u00bb bg_color_value=\u00bb#15184c\u00bb el_class=\u00bbblanc\u00bb css=\u00bb.vc_custom_1718179453702{margin-right: 10px !important;margin-left: 10px !important;}\u00bb][vc_column][vc_empty_space height=\u00bb50px\u00bb][vc_row_inner content_placement=\u00bbmiddle\u00bb][vc_column_inner width=\u00bb1\/2&#8243;][vc_column_text el_class=\u00bbblanc\u00bb]<\/p>\n<h2>El laboratorio Sorbial<\/h2>\n<h3>Experiencia probi\u00f3tica<\/h3>\n<p>[\/vc_column_text][vc_separator color=\u00bbcustom\u00bb align=\u00bbalign_left\u00bb border_width=\u00bb2&#8243; el_width=\u00bb30&#8243; css=\u00bb.vc_custom_1647960917370{margin-left: -30px !important;}\u00bb accent_color=\u00bb#2bb275&#8243;][vc_column_text el_class=\u00bbblanc\u00bb]En la d\u00e9cada de 2000, bajo la direcci\u00f3n t\u00e9cnica y comercial de los hijos del Sr. Joseph-Louis LEGARDA, se insufl\u00f3 una nueva din\u00e1mica a la empresa y las aplicaciones del sector vieron la luz, lo que permiti\u00f3 a la empresa alcanzar nuevos horizontes. Aprovechando su experiencia en probi\u00f3ticos, Sorbial lleva muchos a\u00f1os fabricando productos por cuenta propia y por cuenta de empresas de renombre mundial en el sector de los ingredientes funcionales. En la actualidad, la empresa ha optado por centrarse en las aplicaciones en nutrici\u00f3n humana para capitalizar su experiencia.[\/vc_column_text]<style type=\"text\/css\" data-type=\"the7_shortcodes-inline-css\">#default-btn-86762483402a0950e8dd148409cc8f44.ico-right-side > i {\n  margin-right: 0px;\n  margin-left: 8px;\n}\n#default-btn-86762483402a0950e8dd148409cc8f44 > i {\n  margin-right: 8px;\n}\n<\/style><div class=\"btn-align-center\"><a href=\"https:\/\/www.lyoproform.fr\/es\/complementos-alimenticios\/probioticos-naturales\/\" class=\"default-btn-shortcode dt-btn dt-btn-m link-hover-off bubulle  vc_custom_1721999687549\" id=\"default-btn-86762483402a0950e8dd148409cc8f44\"><span>Nuestros complementos alimenticios<\/span><\/a><\/div>[\/vc_column_inner][vc_column_inner width=\u00bb1\/2&#8243; offset=\u00bbvc_hidden-sm vc_hidden-xs\u00bb][vc_single_image image=\u00bb1910&#8243; img_size=\u00bbfull\u00bb alignment=\u00bbcenter\u00bb][\/vc_column_inner][\/vc_row_inner][vc_row_inner][vc_column_inner width=\u00bb1\/4&#8243; offset=\u00bbvc_hidden-sm vc_hidden-xs\u00bb][\/vc_column_inner][vc_column_inner width=\u00bb1\/2&#8243; offset=\u00bbvc_hidden-sm vc_hidden-xs\u00bb][vc_single_image image=\u00bb1860&#8243; img_size=\u00bbmedium\u00bb alignment=\u00bbcenter\u00bb][vc_column_text el_class=\u00bbblanc\u00bb]<\/p>\n<h4 style=\"text-align: center;\"><strong>SORBIAL es un laboratorio franc\u00e9s con sede en Allonnes, en la regi\u00f3n de Sarthe, cerca de Le Mans.<\/strong><\/h4>\n<p>[\/vc_column_text][\/vc_column_inner][vc_column_inner width=\u00bb1\/4&#8243; offset=\u00bbvc_hidden-sm vc_hidden-xs\u00bb][\/vc_column_inner][\/vc_row_inner][\/vc_column][\/vc_row][vc_row full_height=\u00bbyes\u00bb bg_type=\u00bbimage\u00bb parallax_style=\u00bbvcpb-default\u00bb bg_image_new=\u00bbid^304|url^http:\/\/lyoproform.fr\/wp-content\/uploads\/2022\/03\/background-blue-bacteries.jpg|caption^null|alt^null|title^background-blue-bacteries|description^null\u00bb bg_image_repeat=\u00bbno-repeat\u00bb bg_override=\u00bbfull\u00bb el_class=\u00bbblanc\u00bb css=\u00bb.vc_custom_1718179471535{margin-right: 10px !important;margin-left: 10px !important;background-position: center !important;background-repeat: no-repeat !important;background-size: cover !important;}\u00bb][vc_column][vc_row_inner content_placement=\u00bbmiddle\u00bb gap=\u00bb35&#8243; css=\u00bb.vc_custom_1694525765248{background-position: center !important;background-repeat: no-repeat !important;background-size: cover !important;}\u00bb][vc_column_inner width=\u00bb1\/2&#8243;][vc_column_text el_class=\u00bbblanc\u00bb]<\/p>\n<h2>Diferentes probi\u00f3ticos<\/h2>\n<h3>Un enfoque natural e innovador<\/h3>\n<p>[\/vc_column_text][vc_separator color=\u00bbcustom\u00bb align=\u00bbalign_left\u00bb border_width=\u00bb2&#8243; el_width=\u00bb30&#8243; css=\u00bb.vc_custom_1647960917370{margin-left: -30px !important;}\u00bb accent_color=\u00bb#2bb275&#8243;][vc_column_text css=\u00bb\u00bb el_class=\u00bbblanc\u00bb]Gracias a sus a\u00f1os de experiencia en el cultivo de microorganismos, el laboratorio SORBIAL ha desarrollado un proceso de fabricaci\u00f3n basado en el concepto de simbiosis bacteriana. Este proceso patentado de lactofermentaci\u00f3n ha dado lugar al ingrediente <sup>Lyoproform\u00ae<\/sup>. Nuestros lactobacilos crecen juntos en un entorno natural, la leche, que es ideal para su desarrollo.[\/vc_column_text]<style type=\"text\/css\" data-type=\"the7_shortcodes-inline-css\">#default-btn-cf8dcf0ea337737df2c47d67d9d6dbca.ico-right-side > i {\n  margin-right: 0px;\n  margin-left: 8px;\n}\n#default-btn-cf8dcf0ea337737df2c47d67d9d6dbca > i {\n  margin-right: 8px;\n}\n<\/style><div class=\"btn-align-center\"><a href=\"https:\/\/www.lyoproform.fr\/es\/el-ingrediente-florytec\/\" class=\"default-btn-shortcode dt-btn dt-btn-m link-hover-off bubulle  vc_custom_1721999729316\" id=\"default-btn-cf8dcf0ea337737df2c47d67d9d6dbca\"><span>El ingrediente Lyoproform\u00ae<\/span><\/a><\/div>[\/vc_column_inner][vc_column_inner width=\u00bb1\/2&#8243;][\/vc_column_inner][\/vc_row_inner][\/vc_column][\/vc_row][vc_row bg_type=\u00bbbg_color\u00bb bg_override=\u00bbex-full\u00bb el_class=\u00bbblanc\u00bb bg_color_value=\u00bb#15184c\u00bb css=\u00bb.vc_custom_1718179487210{margin-right: 10px !important;margin-left: 10px !important;}\u00bb][vc_column css=\u00bb.vc_custom_1648718141824{margin-bottom: 100px !important;}\u00bb][vc_empty_space height=\u00bb50px\u00bb][vc_row_inner content_placement=\u00bbmiddle\u00bb][vc_column_inner width=\u00bb1\/2&#8243;][vc_column_text css=\u00bb\u00bb el_class=\u00bbblanc\u00bb]<\/p>\n<h2>Nuestro objetivo en Sorbial,<\/h2>\n<h3>\u00a1Te ofrecemos una soluci\u00f3n innovadora para el confort digestivo!<\/h3>\n<p>[\/vc_column_text][vc_separator color=\u00bbcustom\u00bb align=\u00bbalign_left\u00bb border_width=\u00bb2&#8243; el_width=\u00bb30&#8243; css=\u00bb.vc_custom_1647960917370{margin-left: -30px !important;}\u00bb accent_color=\u00bb#2bb275&#8243;][vc_column_text el_class=\u00bbblanc\u00bb]En la actualidad se reconoce plenamente el importante papel que desempe\u00f1a la microbiota intestinal en la salud humana ! Ya sea en beneficio del bienestar digestivo, la inmunidad, la regulaci\u00f3n del apetito o la gesti\u00f3n del estr\u00e9s y la ansiedad.[\/vc_column_text][vc_column_text el_class=\u00bbblanc\u00bb]Desde hace d\u00e9cadas, el laboratorio Sorbial explota y desarrolla el potencial probi\u00f3tico de esta microbiota, ya sea realizando estudios cient\u00edficos, desarrollando t\u00e9cnicas de cultivo innovadoras o transmitiendo su experiencia a otras empresas como subcontratista.<\/p>\n<h4>A partir de ahora con <span style=\"color: #ffffff;\"><a style=\"color: #ffffff;\" href=\"https:\/\/www.lyoproform.fr\/es\/la-marca-lyoproform\/\">LYOPROFORM<\/a><\/span><strong><span style=\"color: #ffffff;\"><sup>\u00ae<\/sup><\/span>, <\/strong>nos gustar\u00eda compartir nuestra experiencia contigo, al servicio de tu bienestar.<\/h4>\n<p>[\/vc_column_text]<style type=\"text\/css\" data-type=\"the7_shortcodes-inline-css\">#default-btn-1039b5da5c2e4125446b2bc4b3872874.ico-right-side > i {\n  margin-right: 0px;\n  margin-left: 8px;\n}\n#default-btn-1039b5da5c2e4125446b2bc4b3872874 > i {\n  margin-right: 8px;\n}\n<\/style><div class=\"btn-align-center\"><a href=\"https:\/\/www.lyoproform.fr\/es\/complementos-alimenticios\/probioticos-naturales\/\" class=\"default-btn-shortcode dt-btn dt-btn-m link-hover-off bubulle \" id=\"default-btn-1039b5da5c2e4125446b2bc4b3872874\"><span>Nuestros complementos alimenticios<\/span><\/a><\/div>[\/vc_column_inner][vc_column_inner width=\u00bb1\/2&#8243;][vc_single_image image=\u00bb1919&#8243; img_size=\u00bbfull\u00bb alignment=\u00bbcenter\u00bb][\/vc_column_inner][\/vc_row_inner][\/vc_column][\/vc_row][vc_row bg_type=\u00bbbg_color\u00bb bg_override=\u00bbfull\u00bb css=\u00bb.vc_custom_1718179505071{margin-top: -70px !important;margin-right: 10px !important;margin-left: 10px !important;background-position: center !important;background-repeat: no-repeat !important;background-size: cover !important;}\u00bb bg_color_value=\u00bb#ffffff\u00bb][vc_column offset=\u00bbvc_hidden-sm vc_hidden-xs\u00bb][vc_row_inner content_placement=\u00bbmiddle\u00bb css=\u00bb.vc_custom_1690451660881{margin-top: -100px !important;background-color: #ffffff !important;background-position: center !important;background-repeat: no-repeat !important;background-size: cover !important;}\u00bb][vc_column_inner width=\u00bb1\/3&#8243;][vc_single_image image=\u00bb1914&#8243; img_size=\u00bb600&#215;600&#8243; alignment=\u00bbcenter\u00bb style=\u00bbvc_box_outline_circle\u00bb border_color=\u00bbblue\u00bb css=\u00bb.vc_custom_1693226635233{margin-top: 0px !important;}\u00bb][\/vc_column_inner][vc_column_inner width=\u00bb2\/3&#8243;][vc_custom_heading text=\u00bbNuestros expertos est\u00e1n a tu disposici\u00f3n para dise\u00f1ar complementos alimenticios adaptados a tus necesidades.\u00bb font_container=\u00bbtag:h3|text_align:left|color:%2315184c\u00bb use_theme_fonts=\u00bbyes\u00bb css=\u00bb.vc_custom_1710775292426{margin-top: 0px !important;}\u00bb][\/vc_column_inner][\/vc_row_inner][\/vc_column][\/vc_row]<\/p>\n<\/div>","protected":false},"excerpt":{"rendered":"<p>[vc_row css=\u00bb.vc_custom_1718179427237{margin-right: 10px !important;margin-left: 10px !important;}\u00bb][vc_column][vc_row_inner content_placement=\u00bbmiddle\u00bb][vc_column_inner width=\u00bb1\/2&#8243;][vc_single_image image=\u00bb1908&#8243; img_size=\u00bbfull\u00bb add_caption=\u00bbyes\u00bb alignment=\u00bbcenter\u00bb style=\u00bbvc_box_circle_2&#8243;][\/vc_column_inner][vc_column_inner width=\u00bb1\/2&#8243;][vc_column_text css=\u00bb\u00bb] Probi\u00f3ticos, una aventura familiar[\/vc_column_text][vc_separator color=\u00bbcustom\u00bb align=\u00bbalign_left\u00bb border_width=\u00bb2&#8243; el_width=\u00bb30&#8243; css=\u00bb.vc_custom_1647960917370{margin-left: -30px !important;}\u00bb accent_color=\u00bb#2bb275&#8243;][vc_column_text]En los a\u00f1os sesenta, los trabajos de investigaci\u00f3n iniciados por Joseph-Louis LEGARDA, investigador en microbiolog\u00eda aplicada y experto en zootecnia, permitieron aislar e identificar las primeras cepas de Lactobacillus&hellip;<\/p>\n","protected":false},"author":2,"featured_media":0,"parent":0,"menu_order":0,"comment_status":"closed","ping_status":"closed","template":"","meta":{"footnotes":""},"class_list":["post-2320","page","type-page","status-publish","hentry","description-off"],"yoast_head":"<!-- This site is optimized with the Yoast SEO plugin v27.5 - https:\/\/yoast.com\/product\/yoast-seo-wordpress\/ -->\n<title>\u00bfQui\u00e9nes somos?<\/title>\n<meta name=\"description\" content=\"Como laboratorio especializado en el cultivo de lactobacilos, hemos decidido ofrecerle nuestra propia gama de complementos alimenticios.\" \/>\n<meta name=\"robots\" content=\"index, follow, max-snippet:-1, max-image-preview:large, max-video-preview:-1\" \/>\n<link rel=\"canonical\" href=\"https:\/\/www.lyoproform.fr\/es\/quienes-somos\/\" \/>\n<meta property=\"og:locale\" content=\"es_ES\" \/>\n<meta property=\"og:type\" content=\"article\" \/>\n<meta property=\"og:title\" content=\"\u00bfQui\u00e9nes somos?\" \/>\n<meta property=\"og:description\" content=\"Como laboratorio especializado en el cultivo de lactobacilos, hemos decidido ofrecerle nuestra propia gama de complementos alimenticios.\" \/>\n<meta property=\"og:url\" content=\"https:\/\/www.lyoproform.fr\/es\/quienes-somos\/\" \/>\n<meta property=\"og:site_name\" content=\"LYOPROFORM\" \/>\n<meta property=\"article:publisher\" content=\"https:\/\/www.facebook.com\/LYOPROFORM.Nutribiotiques\/\" \/>\n<meta property=\"article:modified_time\" content=\"2024-07-26T13:16:22+00:00\" \/>\n<meta property=\"og:image\" content=\"https:\/\/www.lyoproform.fr\/wp-content\/uploads\/2023\/08\/Gamme-Complements-alimentaires-probiotiques.png\" \/>\n\t<meta property=\"og:image:width\" content=\"500\" \/>\n\t<meta property=\"og:image:height\" content=\"500\" \/>\n\t<meta property=\"og:image:type\" content=\"image\/png\" \/>\n<meta name=\"twitter:card\" content=\"summary_large_image\" \/>\n<meta name=\"twitter:label1\" content=\"Tiempo de lectura\" \/>\n\t<meta name=\"twitter:data1\" content=\"4 minutos\" \/>\n<script type=\"application\/ld+json\" class=\"yoast-schema-graph\">{\"@context\":\"https:\\\/\\\/schema.org\",\"@graph\":[{\"@type\":\"WebPage\",\"@id\":\"https:\\\/\\\/www.lyoproform.fr\\\/es\\\/quienes-somos\\\/\",\"url\":\"https:\\\/\\\/www.lyoproform.fr\\\/es\\\/quienes-somos\\\/\",\"name\":\"\u00bfQui\u00e9nes somos?\",\"isPartOf\":{\"@id\":\"https:\\\/\\\/www.lyoproform.fr\\\/es\\\/#website\"},\"datePublished\":\"2022-03-11T11:00:45+00:00\",\"dateModified\":\"2024-07-26T13:16:22+00:00\",\"description\":\"Como laboratorio especializado en el cultivo de lactobacilos, hemos decidido ofrecerle nuestra propia gama de complementos alimenticios.\",\"breadcrumb\":{\"@id\":\"https:\\\/\\\/www.lyoproform.fr\\\/es\\\/quienes-somos\\\/#breadcrumb\"},\"inLanguage\":\"es\",\"potentialAction\":[{\"@type\":\"ReadAction\",\"target\":[\"https:\\\/\\\/www.lyoproform.fr\\\/es\\\/quienes-somos\\\/\"]}]},{\"@type\":\"BreadcrumbList\",\"@id\":\"https:\\\/\\\/www.lyoproform.fr\\\/es\\\/quienes-somos\\\/#breadcrumb\",\"itemListElement\":[{\"@type\":\"ListItem\",\"position\":1,\"name\":\"Accueil Lyoproform\",\"item\":\"https:\\\/\\\/www.lyoproform.fr\\\/es\\\/\"},{\"@type\":\"ListItem\",\"position\":2,\"name\":\"\u00bfQui\u00e9nes somos?\"}]},{\"@type\":\"WebSite\",\"@id\":\"https:\\\/\\\/www.lyoproform.fr\\\/es\\\/#website\",\"url\":\"https:\\\/\\\/www.lyoproform.fr\\\/es\\\/\",\"name\":\"LYOPROFORM\",\"description\":\"La gamme de compl\u00e9ments alimentaires \u00e0 base de probiotiques\",\"publisher\":{\"@id\":\"https:\\\/\\\/www.lyoproform.fr\\\/es\\\/#organization\"},\"potentialAction\":[{\"@type\":\"SearchAction\",\"target\":{\"@type\":\"EntryPoint\",\"urlTemplate\":\"https:\\\/\\\/www.lyoproform.fr\\\/es\\\/?s={search_term_string}\"},\"query-input\":{\"@type\":\"PropertyValueSpecification\",\"valueRequired\":true,\"valueName\":\"search_term_string\"}}],\"inLanguage\":\"es\"},{\"@type\":\"Organization\",\"@id\":\"https:\\\/\\\/www.lyoproform.fr\\\/es\\\/#organization\",\"name\":\"LYOPROFORM\",\"url\":\"https:\\\/\\\/www.lyoproform.fr\\\/es\\\/\",\"logo\":{\"@type\":\"ImageObject\",\"inLanguage\":\"es\",\"@id\":\"https:\\\/\\\/www.lyoproform.fr\\\/es\\\/#\\\/schema\\\/logo\\\/image\\\/\",\"url\":\"https:\\\/\\\/www.lyoproform.fr\\\/wp-content\\\/uploads\\\/2022\\\/04\\\/Lyoproform-bleu-petit.png\",\"contentUrl\":\"https:\\\/\\\/www.lyoproform.fr\\\/wp-content\\\/uploads\\\/2022\\\/04\\\/Lyoproform-bleu-petit.png\",\"width\":2481,\"height\":1182,\"caption\":\"LYOPROFORM\"},\"image\":{\"@id\":\"https:\\\/\\\/www.lyoproform.fr\\\/es\\\/#\\\/schema\\\/logo\\\/image\\\/\"},\"sameAs\":[\"https:\\\/\\\/www.facebook.com\\\/LYOPROFORM.Nutribiotiques\\\/\"]}]}<\/script>\n<!-- \/ Yoast SEO plugin. -->","yoast_head_json":{"title":"\u00bfQui\u00e9nes somos?","description":"Como laboratorio especializado en el cultivo de lactobacilos, hemos decidido ofrecerle nuestra propia gama de complementos alimenticios.","robots":{"index":"index","follow":"follow","max-snippet":"max-snippet:-1","max-image-preview":"max-image-preview:large","max-video-preview":"max-video-preview:-1"},"canonical":"https:\/\/www.lyoproform.fr\/es\/quienes-somos\/","og_locale":"es_ES","og_type":"article","og_title":"\u00bfQui\u00e9nes somos?","og_description":"Como laboratorio especializado en el cultivo de lactobacilos, hemos decidido ofrecerle nuestra propia gama de complementos alimenticios.","og_url":"https:\/\/www.lyoproform.fr\/es\/quienes-somos\/","og_site_name":"LYOPROFORM","article_publisher":"https:\/\/www.facebook.com\/LYOPROFORM.Nutribiotiques\/","article_modified_time":"2024-07-26T13:16:22+00:00","og_image":[{"width":500,"height":500,"url":"https:\/\/www.lyoproform.fr\/wp-content\/uploads\/2023\/08\/Gamme-Complements-alimentaires-probiotiques.png","type":"image\/png"}],"twitter_card":"summary_large_image","twitter_misc":{"Tiempo de lectura":"4 minutos"},"schema":{"@context":"https:\/\/schema.org","@graph":[{"@type":"WebPage","@id":"https:\/\/www.lyoproform.fr\/es\/quienes-somos\/","url":"https:\/\/www.lyoproform.fr\/es\/quienes-somos\/","name":"\u00bfQui\u00e9nes somos?","isPartOf":{"@id":"https:\/\/www.lyoproform.fr\/es\/#website"},"datePublished":"2022-03-11T11:00:45+00:00","dateModified":"2024-07-26T13:16:22+00:00","description":"Como laboratorio especializado en el cultivo de lactobacilos, hemos decidido ofrecerle nuestra propia gama de complementos alimenticios.","breadcrumb":{"@id":"https:\/\/www.lyoproform.fr\/es\/quienes-somos\/#breadcrumb"},"inLanguage":"es","potentialAction":[{"@type":"ReadAction","target":["https:\/\/www.lyoproform.fr\/es\/quienes-somos\/"]}]},{"@type":"BreadcrumbList","@id":"https:\/\/www.lyoproform.fr\/es\/quienes-somos\/#breadcrumb","itemListElement":[{"@type":"ListItem","position":1,"name":"Accueil Lyoproform","item":"https:\/\/www.lyoproform.fr\/es\/"},{"@type":"ListItem","position":2,"name":"\u00bfQui\u00e9nes somos?"}]},{"@type":"WebSite","@id":"https:\/\/www.lyoproform.fr\/es\/#website","url":"https:\/\/www.lyoproform.fr\/es\/","name":"LYOPROFORM","description":"La gamme de compl\u00e9ments alimentaires \u00e0 base de probiotiques","publisher":{"@id":"https:\/\/www.lyoproform.fr\/es\/#organization"},"potentialAction":[{"@type":"SearchAction","target":{"@type":"EntryPoint","urlTemplate":"https:\/\/www.lyoproform.fr\/es\/?s={search_term_string}"},"query-input":{"@type":"PropertyValueSpecification","valueRequired":true,"valueName":"search_term_string"}}],"inLanguage":"es"},{"@type":"Organization","@id":"https:\/\/www.lyoproform.fr\/es\/#organization","name":"LYOPROFORM","url":"https:\/\/www.lyoproform.fr\/es\/","logo":{"@type":"ImageObject","inLanguage":"es","@id":"https:\/\/www.lyoproform.fr\/es\/#\/schema\/logo\/image\/","url":"https:\/\/www.lyoproform.fr\/wp-content\/uploads\/2022\/04\/Lyoproform-bleu-petit.png","contentUrl":"https:\/\/www.lyoproform.fr\/wp-content\/uploads\/2022\/04\/Lyoproform-bleu-petit.png","width":2481,"height":1182,"caption":"LYOPROFORM"},"image":{"@id":"https:\/\/www.lyoproform.fr\/es\/#\/schema\/logo\/image\/"},"sameAs":["https:\/\/www.facebook.com\/LYOPROFORM.Nutribiotiques\/"]}]}},"_links":{"self":[{"href":"https:\/\/www.lyoproform.fr\/es\/wp-json\/wp\/v2\/pages\/2320","targetHints":{"allow":["GET"]}}],"collection":[{"href":"https:\/\/www.lyoproform.fr\/es\/wp-json\/wp\/v2\/pages"}],"about":[{"href":"https:\/\/www.lyoproform.fr\/es\/wp-json\/wp\/v2\/types\/page"}],"author":[{"embeddable":true,"href":"https:\/\/www.lyoproform.fr\/es\/wp-json\/wp\/v2\/users\/2"}],"replies":[{"embeddable":true,"href":"https:\/\/www.lyoproform.fr\/es\/wp-json\/wp\/v2\/comments?post=2320"}],"version-history":[{"count":10,"href":"https:\/\/www.lyoproform.fr\/es\/wp-json\/wp\/v2\/pages\/2320\/revisions"}],"predecessor-version":[{"id":3888,"href":"https:\/\/www.lyoproform.fr\/es\/wp-json\/wp\/v2\/pages\/2320\/revisions\/3888"}],"wp:attachment":[{"href":"https:\/\/www.lyoproform.fr\/es\/wp-json\/wp\/v2\/media?parent=2320"}],"curies":[{"name":"wp","href":"https:\/\/api.w.org\/{rel}","templated":true}]}}