{"id":2324,"date":"2022-03-04T11:26:34","date_gmt":"2022-03-04T10:26:34","guid":{"rendered":"https:\/\/www.lyoproform.fr\/condiciones-generales-de-venta-sorbial-sarl\/"},"modified":"2024-07-24T17:06:15","modified_gmt":"2024-07-24T15:06:15","slug":"condiciones-generales-de-venta-sorbial-sarl","status":"publish","type":"page","link":"https:\/\/www.lyoproform.fr\/es\/condiciones-generales-de-venta-sorbial-sarl\/","title":{"rendered":"Condiciones generales de venta SORBIAL SARL"},"content":{"rendered":"<p>&nbsp;<\/p>\n<h3 style=\"font-size: 22px;\">Art\u00edculo 1 &#8211; Disposiciones generales<\/h3>\n<hr>\n<p>  Las presentes Condiciones Generales de Venta (en lo sucesivo, las \u00abCGV\u00bb) se aplican exclusivamente a la venta en l\u00ednea de productos LYOPROFORM en el sitio web <a href=\"https:\/\/www.lyoproform.fr\">www.lyoproform.fr<\/a>. Nuestras CGV rigen exclusivamente la venta en l\u00ednea de productos LYOPROFORM a los compradores (en lo sucesivo, el \u00abCliente\u00bb).<br \/>\nLas CGV pueden consultarse en el reverso de la factura enviada al Cliente, as\u00ed como en cualquier momento en el sitio web <a href=\"https:\/\/www.lyoproform.fr\">www.lyoproform.fr<\/a>. Las CGV son oponibles al Cliente que reconoce, marcando una casilla prevista a tal efecto, haber sido informado de las mismas y haberlas aceptado antes de realizar un pedido.  La confirmaci\u00f3n del pedido implica la aceptaci\u00f3n por parte del Cliente de las CGC vigentes el d\u00eda del pedido. SORBIAL podr\u00e1 modificar en cualquier momento las condiciones generales de venta. En caso de modificaci\u00f3n de las CGV, las CGV aplicables ser\u00e1n las vigentes en la fecha del pedido, una copia de las cuales fechada en dicha fecha podr\u00e1 ser enviada al Cliente previa solicitud. Si una o varias estipulaciones de las condiciones generales de venta son declaradas nulas en aplicaci\u00f3n de una ley, reglamento o a ra\u00edz de una decisi\u00f3n judicial firme, las dem\u00e1s estipulaciones conservar\u00e1n toda su fuerza y alcance. &nbsp;<\/p>\n<h3 style=\"font-size: 22px;\">Art\u00edculo 2 &#8211; Declaraciones y autorizaciones previas<\/h3>\n<hr>\n<p> De conformidad con la legislaci\u00f3n francesa vigente, SORBIAL certifica que ha realizado todas las declaraciones previas y obtenido todas las autorizaciones\/aprobaciones necesarias para comercializar los productos LYOPROFORM en el mercado franc\u00e9s. SORBIAL no podr\u00e1 ser considerada responsable si los productos LYOPROFORM se consideran no conformes en mercados fuera de Francia. &nbsp;<\/p>\n<h3 style=\"font-size: 22px;\">Art\u00edculo 3 &#8211; Productos LYOPROFORM<\/h3>\n<hr>\n<p> Los productos LYOPROFORM puestos a la venta se describen detalladamente, especificando sus caracter\u00edsticas esenciales. Las fotograf\u00edas que ilustran los productos LYOPROFORM no constituyen un documento contractual. Los productos LYOPROFORM no son medicamentos. No deben considerarse como tales y en ning\u00fan caso sustituyen al tratamiento m\u00e9dico. Es responsabilidad del Cliente consultar a un profesional de la salud para obtener asesoramiento m\u00e9dico. SORBIAL no se hace responsable de los inconvenientes derivados de una utilizaci\u00f3n no conforme con los consejos que figuran en los productos LYOPROFORM y en sus envases. &nbsp;<\/p>\n<h3 style=\"font-size: 22px;\">Art\u00edculo 4 &#8211; Pedidos<\/h3>\n<hr>\n<p> El Cliente podr\u00e1 acceder a las CGC de forma legible y comprensible antes de celebrar el contrato de venta. El Cliente confirma la oferta confirmando el pedido. SORBIAL se reserva el derecho de rechazar cualquier pedido por motivos leg\u00edtimos. Si los productos solicitados no estuvieran disponibles para su entrega, SORBIAL informar\u00e1 inmediatamente al Cliente y le propondr\u00e1 una pr\u00f3rroga del plazo de entrega inicial. Si el Cliente se niega, SORBIAL anular\u00e1 el pedido lo antes posible y reembolsar\u00e1 las sumas pagadas por el Cliente. Es responsabilidad del cliente comprobar la exactitud del pedido e informar inmediatamente de cualquier error. Cualquier modificaci\u00f3n o anulaci\u00f3n de un pedido por parte del Cliente s\u00f3lo se tendr\u00e1 en cuenta si se env\u00eda a la siguiente direcci\u00f3n de correo electr\u00f3nico: commande@lyoproform.fr . La solicitud de modificaci\u00f3n o anulaci\u00f3n deber\u00e1 incluir al menos los datos de identificaci\u00f3n del Cliente y el n\u00famero de pedido. Esta solicitud debe recibirse antes de que se env\u00eden los productos solicitados. &nbsp;<\/p>\n<h3 style=\"font-size: 22px;\">Art\u00edculo 5 &#8211; Precios<\/h3>\n<hr>\n<p> Los precios de venta se indican en euros, con todos los impuestos incluidos, excluidos los gastos de entrega y transporte, que se mencionan antes de validar el pedido y se facturan aparte. El importe total adeudado por el Cliente se especifica en la p\u00e1gina de confirmaci\u00f3n del pedido. SORBIAL se reserva el derecho de modificar el precio en cualquier momento. El precio de venta de los productos es el vigente el d\u00eda del pedido. &nbsp;<\/p>\n<h3 style=\"font-size: 22px;\">Art\u00edculo 6 &#8211; Entrega<\/h3>\n<hr>\n<p> A reserva de la recepci\u00f3n del pago por parte del Cliente, SORBIAL se compromete a enviar los productos pedidos en un plazo de siete (7) d\u00edas a partir de la validaci\u00f3n del pedido. Para las entregas en Francia metropolitana, los gastos de env\u00edo se calculan y se indican al Cliente antes de validar el pedido. Los clientes pueden elegir entre la entrega de Colissimo en su domicilio o en un punto de recogida. Si se sobrepasan los plazos de entrega, el Cliente no tendr\u00e1 derecho a reclamar da\u00f1os y perjuicios o deducciones, ni a anular los pedidos en curso. A elecci\u00f3n del Cliente, los productos se entregan por correo o por transportista en la direcci\u00f3n indicada por el Cliente en el formulario de pedido. En caso de error en la direcci\u00f3n de entrega imputable al Cliente, SORBIAL no podr\u00e1 ser considerada responsable de las consecuencias. El Cliente debe comprobar la conformidad y el estado del embalaje del producto en el momento de su recepci\u00f3n. Las entregas se realizan seg\u00fan disponibilidad y en el orden en que se realizan los pedidos. Los plazos de entrega indicados son estimaciones y dependen, en particular, de los plazos de producci\u00f3n, suministro y correo. En caso de que los productos no est\u00e9n disponibles para su entrega, SORBIAL podr\u00e1 ofrecer al Cliente una pr\u00f3rroga del plazo de entrega inicial. &nbsp;<\/p>\n<h3 style=\"font-size: 22px;\">Art\u00edculo 7 &#8211; Reclamaciones<\/h3>\n<hr>\n<p>  Todas las reclamaciones deben enviarse a SORBIAL a la siguiente direcci\u00f3n de correo electr\u00f3nico: <strong>contact@lyoproform.fr .<\/strong> O bien a la siguiente direcci\u00f3n postal SORBIAL<strong> SARL &#8211; ROUTE DE SPAY &#8211; BP50067<\/strong><strong>&#8211; 72700 ALLONNES.<\/strong> Las reclamaciones relativas a la facturaci\u00f3n deben realizarse en un plazo de ocho (8) d\u00edas laborables a partir de la recepci\u00f3n de la factura. Todas las dem\u00e1s reclamaciones deben realizarse en un plazo de catorce (14) d\u00edas laborables a partir de la recepci\u00f3n de los productos. No se aceptar\u00e1n reclamaciones fuera de plazo. SORBIAL se compromete a responder al Cliente, por correo postal o electr\u00f3nico, en un plazo de treinta (30) d\u00edas laborables a partir de la recepci\u00f3n de la reclamaci\u00f3n. &nbsp;<\/p>\n<h3 style=\"font-size: 22px;\">Art\u00edculo 8 &#8211; Pago<\/h3>\n<hr>\n<p> El precio se abona \u00edntegramente una vez confirmado el pedido. El pago se realiza inmediatamente despu\u00e9s del pedido mediante tarjeta de cr\u00e9dito. Cualquier retraso en el pago conllevar\u00e1 autom\u00e1ticamente la aplicaci\u00f3n de penalizaciones por demora calculadas de acuerdo con el tipo de inter\u00e9s legal vigente en el momento de la validaci\u00f3n del pedido, as\u00ed como una penalizaci\u00f3n fija de cuarenta (40) euros. &nbsp;<\/p>\n<h3 style=\"font-size: 22px;\">Art\u00edculo 9 &#8211; Derecho de desistimiento<\/h3>\n<hr>\n<p> El Cliente dispone de un plazo de desistimiento de catorce (14) d\u00edas a partir de la fecha de recepci\u00f3n de los productos para ejercer su derecho de desistimiento. El Cliente puede decidir devolver el producto para su cambio o reembolso sin tener que dar una raz\u00f3n. Para ejercer su derecho de desistimiento, el Cliente deber\u00e1 enviar su solicitud a la siguiente direcci\u00f3n de correo electr\u00f3nico: contact@lyoproform.fr . El derecho de desistimiento no se aplica cuando los productos han sido da\u00f1ados o abiertos y consumidos total o parcialmente, o no est\u00e1n en perfecto estado para su reventa por razones de higiene o protecci\u00f3n de la salud. El Cliente deber\u00e1 devolver, a su cargo, los productos con una copia de la factura, en un plazo de catorce (14) d\u00edas a partir de la comunicaci\u00f3n de su desistimiento, a la siguiente direcci\u00f3n postal: SORBIAL SARL \u2013 ROUTE DE SPAY \u2013 BP 50067 \u2013 72700 ALLONNES. Los productos deben estar intactos, completos y en su embalaje original. Los riesgos asociados a la devoluci\u00f3n del producto correr\u00e1n a cargo del Cliente. En caso de p\u00e9rdida o deterioro del paquete por el transportista, el Cliente es el \u00fanico responsable y no ser\u00e1 reembolsado por SORBIAL. A la recepci\u00f3n de los productos, SORBIAL se compromete a reembolsar al Cliente las sumas pagadas en el momento del pedido en un plazo de treinta (30) d\u00edas laborables a partir de la fecha de ejercicio del derecho de retractaci\u00f3n. &nbsp;<\/p>\n<h3 style=\"font-size: 22px;\">Art\u00edculo 10 &#8211; Garant\u00eda legal de conformidad y vicios ocultos<\/h3>\n<hr>\n<p> Todos los productos LYOPROFORM vendidos por SORBIAL est\u00e1n cubiertos por la garant\u00eda legal de conformidad estipulada en los art\u00edculos L. 211-4 a L. 211-14 del C\u00f3digo de Consumo franc\u00e9s y por la garant\u00eda legal contra los vicios ocultos estipulada en los art\u00edculos 1641 a 1649 del C\u00f3digo Civil franc\u00e9s. A este respecto, SORBIAL se compromete, a elecci\u00f3n del Cliente, a reembolsar o cambiar los productos defectuosos o que no correspondan al pedido del Cliente. &nbsp;<\/p>\n<h3 style=\"font-size: 22px;\">Art\u00edculo 11 &#8211; Propiedad intelectual<\/h3>\n<hr>\n<p> Los productos LYOPROFORM seguir\u00e1n siendo propiedad de SORBIAL hasta el pago \u00edntegro del precio por parte del Cliente. El impago puede dar lugar a la reclamaci\u00f3n de la mercanc\u00eda. Los elementos reproducidos en el sitio <a href=\"https:\/\/www.lyoproform.fr\/\">www.lyoproform.fr<\/a> son propiedad exclusiva de SORBIAL. Cualquier reproducci\u00f3n o distribuci\u00f3n sin la autorizaci\u00f3n previa por escrito de SORBIAL har\u00e1 que los infractores sean perseguidos judicialmente. &nbsp;<\/p>\n<h3 style=\"font-size: 22px;\">Art\u00edculo 12 &#8211; Protecci\u00f3n de datos personales<\/h3>\n<hr>\n<p> Al validar el pedido, s\u00f3lo se solicita la informaci\u00f3n necesaria para procesar las solicitudes del Cliente. Esta informaci\u00f3n se trata confidencialmente y se almacena en una base de datos propiedad exclusiva de SORBIAL. Los clientes tienen derecho a acceder a la informaci\u00f3n que les concierne, modificarla o eliminarla. Este derecho puede ejercerse por correo electr\u00f3nico (<a href=\"mailto:contact@lyoproform.fr\">contact@lyoproform.fr<\/a>) o por correo a la siguiente direcci\u00f3n : SORBIAL SARL \u2013 ROUTE DE SPAY \u2013 BP 50067 \u2013 72700 ALLONNES. Los clientes pueden retirar su consentimiento para el uso de sus datos personales en cualquier momento. SORBIAL no se hace responsable del deterioro o p\u00e9rdida de datos personales que pueda producirse a pesar de todas las precauciones tomadas para garantizar la confidencialidad y seguridad de dichos datos. Los datos personales proporcionados por el Cliente podr\u00e1n ser utilizados por SORBIAL con fines comerciales o informativos para personalizar los productos puestos a la venta, mejorar sus ofertas promocionales o innovar su gama de productos y enviar boletines informativos. Por \u00faltimo, SORBIAL se reserva el derecho de comunicar el n\u00famero de tel\u00e9fono o la direcci\u00f3n de correo electr\u00f3nico del cliente a las empresas encargadas de la entrega de los productos solicitados. &nbsp;<\/p>\n<h3 style=\"font-size: 22px;\">Art\u00edculo 13 &#8211; Cl\u00e1usula resolutoria<\/h3>\n<hr>\n<p> La venta se cancelar\u00e1 por carta certificada con acuse de recibo y se har\u00e1 efectiva autom\u00e1ticamente sin m\u00e1s tr\u00e1mites &nbsp;<\/p>\n<h3 style=\"font-size: 22px;\">Art\u00edculo 14 &#8211; Mediaci\u00f3n<\/h3>\n<hr>\n<p> Si el Cliente ha enviado una reclamaci\u00f3n por escrito a SORBIAL y no ha recibido satisfacci\u00f3n o respuesta en el plazo de dos (2) meses, podr\u00e1 presentar su reclamaci\u00f3n de forma gratuita al Defensor del Consumidor. La remisi\u00f3n al mediador debe hacerse en el plazo de un a\u00f1o (1) a partir de la queja inicial. &nbsp;<\/p>\n<h3 style=\"font-size: 22px;\">Art\u00edculo 15 &#8211; Ley aplicable y tribunal competente<\/h3>\n<hr>\n<p> Las presentes CGV se rigen exclusivamente por el Derecho franc\u00e9s, tanto en cuanto al fondo como al procedimiento aplicable. Adem\u00e1s, el franc\u00e9s es la \u00fanica lengua utilizada para redactar documentos contractuales. A falta de acuerdo amistoso, cualquier litigio relativo a una venta y\/o entrega, incluso en caso de reclamaci\u00f3n de garant\u00eda, ser\u00e1 competencia exclusiva de los tribunales de LE MANS. Alternativamente, el Cliente puede optar por acudir a los tribunales de su lugar de residencia en el momento de la celebraci\u00f3n del contrato o en el momento en que se produjo el hecho da\u00f1oso.<\/p>\n","protected":false},"excerpt":{"rendered":"<p>&nbsp; Art\u00edculo 1 &#8211; Disposiciones generales Las presentes Condiciones Generales de Venta (en lo sucesivo, las \u00abCGV\u00bb) se aplican exclusivamente a la venta en l\u00ednea de productos LYOPROFORM en el sitio web www.lyoproform.fr. Nuestras CGV rigen exclusivamente la venta en l\u00ednea de productos LYOPROFORM a los compradores (en lo sucesivo, el \u00abCliente\u00bb). Las CGV pueden&hellip;<\/p>\n","protected":false},"author":41,"featured_media":0,"parent":0,"menu_order":0,"comment_status":"closed","ping_status":"closed","template":"","meta":{"footnotes":""},"class_list":["post-2324","page","type-page","status-publish","hentry","description-off"],"yoast_head":"<!-- This site is optimized with the Yoast SEO plugin v27.4 - https:\/\/yoast.com\/product\/yoast-seo-wordpress\/ -->\n<title>Condiciones generales de venta SORBIAL SARL - LYOPROFORM<\/title>\n<meta name=\"description\" content=\"Condiciones generales de venta - Sorbial, laboratorio franc\u00e9s fabricante de complementos alimenticios a base de microbios.\" \/>\n<meta name=\"robots\" content=\"noindex, nofollow\" \/>\n<meta property=\"og:locale\" content=\"es_ES\" \/>\n<meta property=\"og:type\" content=\"article\" \/>\n<meta property=\"og:title\" content=\"Condiciones generales de venta SORBIAL SARL - LYOPROFORM\" \/>\n<meta property=\"og:description\" content=\"Condiciones generales de venta - Sorbial, laboratorio franc\u00e9s fabricante de complementos alimenticios a base de microbios.\" \/>\n<meta property=\"og:url\" content=\"https:\/\/www.lyoproform.fr\/es\/condiciones-generales-de-venta-sorbial-sarl\/\" \/>\n<meta property=\"og:site_name\" content=\"LYOPROFORM\" \/>\n<meta property=\"article:publisher\" content=\"https:\/\/www.facebook.com\/LYOPROFORM.Nutribiotiques\/\" \/>\n<meta property=\"article:modified_time\" content=\"2024-07-24T15:06:15+00:00\" \/>\n<meta property=\"og:image\" content=\"https:\/\/www.lyoproform.fr\/wp-content\/uploads\/2023\/08\/Gamme-Complements-alimentaires-probiotiques.png\" \/>\n\t<meta property=\"og:image:width\" content=\"500\" \/>\n\t<meta property=\"og:image:height\" content=\"500\" \/>\n\t<meta property=\"og:image:type\" content=\"image\/png\" \/>\n<meta name=\"twitter:card\" content=\"summary_large_image\" \/>\n<meta name=\"twitter:label1\" content=\"Tiempo de lectura\" \/>\n\t<meta name=\"twitter:data1\" content=\"10 minutos\" \/>\n<script type=\"application\/ld+json\" class=\"yoast-schema-graph\">{\"@context\":\"https:\\\/\\\/schema.org\",\"@graph\":[{\"@type\":\"WebPage\",\"@id\":\"https:\\\/\\\/www.lyoproform.fr\\\/es\\\/condiciones-generales-de-venta-sorbial-sarl\\\/\",\"url\":\"https:\\\/\\\/www.lyoproform.fr\\\/es\\\/condiciones-generales-de-venta-sorbial-sarl\\\/\",\"name\":\"Condiciones generales de venta SORBIAL SARL - LYOPROFORM\",\"isPartOf\":{\"@id\":\"https:\\\/\\\/www.lyoproform.fr\\\/es\\\/#website\"},\"datePublished\":\"2022-03-04T10:26:34+00:00\",\"dateModified\":\"2024-07-24T15:06:15+00:00\",\"description\":\"Condiciones generales de venta - Sorbial, laboratorio franc\u00e9s fabricante de complementos alimenticios a base de microbios.\",\"breadcrumb\":{\"@id\":\"https:\\\/\\\/www.lyoproform.fr\\\/es\\\/condiciones-generales-de-venta-sorbial-sarl\\\/#breadcrumb\"},\"inLanguage\":\"es\",\"potentialAction\":[{\"@type\":\"ReadAction\",\"target\":[\"https:\\\/\\\/www.lyoproform.fr\\\/es\\\/condiciones-generales-de-venta-sorbial-sarl\\\/\"]}]},{\"@type\":\"BreadcrumbList\",\"@id\":\"https:\\\/\\\/www.lyoproform.fr\\\/es\\\/condiciones-generales-de-venta-sorbial-sarl\\\/#breadcrumb\",\"itemListElement\":[{\"@type\":\"ListItem\",\"position\":1,\"name\":\"Accueil Lyoproform\",\"item\":\"https:\\\/\\\/www.lyoproform.fr\\\/es\\\/\"},{\"@type\":\"ListItem\",\"position\":2,\"name\":\"Condiciones generales de venta SORBIAL SARL\"}]},{\"@type\":\"WebSite\",\"@id\":\"https:\\\/\\\/www.lyoproform.fr\\\/es\\\/#website\",\"url\":\"https:\\\/\\\/www.lyoproform.fr\\\/es\\\/\",\"name\":\"LYOPROFORM\",\"description\":\"La gamme de compl\u00e9ments alimentaires \u00e0 base de probiotiques\",\"publisher\":{\"@id\":\"https:\\\/\\\/www.lyoproform.fr\\\/es\\\/#organization\"},\"potentialAction\":[{\"@type\":\"SearchAction\",\"target\":{\"@type\":\"EntryPoint\",\"urlTemplate\":\"https:\\\/\\\/www.lyoproform.fr\\\/es\\\/?s={search_term_string}\"},\"query-input\":{\"@type\":\"PropertyValueSpecification\",\"valueRequired\":true,\"valueName\":\"search_term_string\"}}],\"inLanguage\":\"es\"},{\"@type\":\"Organization\",\"@id\":\"https:\\\/\\\/www.lyoproform.fr\\\/es\\\/#organization\",\"name\":\"LYOPROFORM\",\"url\":\"https:\\\/\\\/www.lyoproform.fr\\\/es\\\/\",\"logo\":{\"@type\":\"ImageObject\",\"inLanguage\":\"es\",\"@id\":\"https:\\\/\\\/www.lyoproform.fr\\\/es\\\/#\\\/schema\\\/logo\\\/image\\\/\",\"url\":\"https:\\\/\\\/www.lyoproform.fr\\\/wp-content\\\/uploads\\\/2022\\\/04\\\/Lyoproform-bleu-petit.png\",\"contentUrl\":\"https:\\\/\\\/www.lyoproform.fr\\\/wp-content\\\/uploads\\\/2022\\\/04\\\/Lyoproform-bleu-petit.png\",\"width\":2481,\"height\":1182,\"caption\":\"LYOPROFORM\"},\"image\":{\"@id\":\"https:\\\/\\\/www.lyoproform.fr\\\/es\\\/#\\\/schema\\\/logo\\\/image\\\/\"},\"sameAs\":[\"https:\\\/\\\/www.facebook.com\\\/LYOPROFORM.Nutribiotiques\\\/\"]}]}<\/script>\n<!-- \/ Yoast SEO plugin. -->","yoast_head_json":{"title":"Condiciones generales de venta SORBIAL SARL - LYOPROFORM","description":"Condiciones generales de venta - Sorbial, laboratorio franc\u00e9s fabricante de complementos alimenticios a base de microbios.","robots":{"index":"noindex","follow":"nofollow"},"og_locale":"es_ES","og_type":"article","og_title":"Condiciones generales de venta SORBIAL SARL - LYOPROFORM","og_description":"Condiciones generales de venta - Sorbial, laboratorio franc\u00e9s fabricante de complementos alimenticios a base de microbios.","og_url":"https:\/\/www.lyoproform.fr\/es\/condiciones-generales-de-venta-sorbial-sarl\/","og_site_name":"LYOPROFORM","article_publisher":"https:\/\/www.facebook.com\/LYOPROFORM.Nutribiotiques\/","article_modified_time":"2024-07-24T15:06:15+00:00","og_image":[{"width":500,"height":500,"url":"https:\/\/www.lyoproform.fr\/wp-content\/uploads\/2023\/08\/Gamme-Complements-alimentaires-probiotiques.png","type":"image\/png"}],"twitter_card":"summary_large_image","twitter_misc":{"Tiempo de lectura":"10 minutos"},"schema":{"@context":"https:\/\/schema.org","@graph":[{"@type":"WebPage","@id":"https:\/\/www.lyoproform.fr\/es\/condiciones-generales-de-venta-sorbial-sarl\/","url":"https:\/\/www.lyoproform.fr\/es\/condiciones-generales-de-venta-sorbial-sarl\/","name":"Condiciones generales de venta SORBIAL SARL - LYOPROFORM","isPartOf":{"@id":"https:\/\/www.lyoproform.fr\/es\/#website"},"datePublished":"2022-03-04T10:26:34+00:00","dateModified":"2024-07-24T15:06:15+00:00","description":"Condiciones generales de venta - Sorbial, laboratorio franc\u00e9s fabricante de complementos alimenticios a base de microbios.","breadcrumb":{"@id":"https:\/\/www.lyoproform.fr\/es\/condiciones-generales-de-venta-sorbial-sarl\/#breadcrumb"},"inLanguage":"es","potentialAction":[{"@type":"ReadAction","target":["https:\/\/www.lyoproform.fr\/es\/condiciones-generales-de-venta-sorbial-sarl\/"]}]},{"@type":"BreadcrumbList","@id":"https:\/\/www.lyoproform.fr\/es\/condiciones-generales-de-venta-sorbial-sarl\/#breadcrumb","itemListElement":[{"@type":"ListItem","position":1,"name":"Accueil Lyoproform","item":"https:\/\/www.lyoproform.fr\/es\/"},{"@type":"ListItem","position":2,"name":"Condiciones generales de venta SORBIAL SARL"}]},{"@type":"WebSite","@id":"https:\/\/www.lyoproform.fr\/es\/#website","url":"https:\/\/www.lyoproform.fr\/es\/","name":"LYOPROFORM","description":"La gamme de compl\u00e9ments alimentaires \u00e0 base de probiotiques","publisher":{"@id":"https:\/\/www.lyoproform.fr\/es\/#organization"},"potentialAction":[{"@type":"SearchAction","target":{"@type":"EntryPoint","urlTemplate":"https:\/\/www.lyoproform.fr\/es\/?s={search_term_string}"},"query-input":{"@type":"PropertyValueSpecification","valueRequired":true,"valueName":"search_term_string"}}],"inLanguage":"es"},{"@type":"Organization","@id":"https:\/\/www.lyoproform.fr\/es\/#organization","name":"LYOPROFORM","url":"https:\/\/www.lyoproform.fr\/es\/","logo":{"@type":"ImageObject","inLanguage":"es","@id":"https:\/\/www.lyoproform.fr\/es\/#\/schema\/logo\/image\/","url":"https:\/\/www.lyoproform.fr\/wp-content\/uploads\/2022\/04\/Lyoproform-bleu-petit.png","contentUrl":"https:\/\/www.lyoproform.fr\/wp-content\/uploads\/2022\/04\/Lyoproform-bleu-petit.png","width":2481,"height":1182,"caption":"LYOPROFORM"},"image":{"@id":"https:\/\/www.lyoproform.fr\/es\/#\/schema\/logo\/image\/"},"sameAs":["https:\/\/www.facebook.com\/LYOPROFORM.Nutribiotiques\/"]}]}},"_links":{"self":[{"href":"https:\/\/www.lyoproform.fr\/es\/wp-json\/wp\/v2\/pages\/2324","targetHints":{"allow":["GET"]}}],"collection":[{"href":"https:\/\/www.lyoproform.fr\/es\/wp-json\/wp\/v2\/pages"}],"about":[{"href":"https:\/\/www.lyoproform.fr\/es\/wp-json\/wp\/v2\/types\/page"}],"author":[{"embeddable":true,"href":"https:\/\/www.lyoproform.fr\/es\/wp-json\/wp\/v2\/users\/41"}],"replies":[{"embeddable":true,"href":"https:\/\/www.lyoproform.fr\/es\/wp-json\/wp\/v2\/comments?post=2324"}],"version-history":[{"count":14,"href":"https:\/\/www.lyoproform.fr\/es\/wp-json\/wp\/v2\/pages\/2324\/revisions"}],"predecessor-version":[{"id":3815,"href":"https:\/\/www.lyoproform.fr\/es\/wp-json\/wp\/v2\/pages\/2324\/revisions\/3815"}],"wp:attachment":[{"href":"https:\/\/www.lyoproform.fr\/es\/wp-json\/wp\/v2\/media?parent=2324"}],"curies":[{"name":"wp","href":"https:\/\/api.w.org\/{rel}","templated":true}]}}