{"id":2327,"date":"2022-03-15T15:03:34","date_gmt":"2022-03-15T14:03:34","guid":{"rendered":"https:\/\/www.lyoproform.fr\/politica-de-privacidad\/"},"modified":"2024-07-25T10:04:17","modified_gmt":"2024-07-25T08:04:17","slug":"politica-de-privacidad","status":"publish","type":"page","link":"https:\/\/www.lyoproform.fr\/es\/politica-de-privacidad\/","title":{"rendered":"Pol\u00edtica de privacidad"},"content":{"rendered":"<div class=\"wpb-content-wrapper\"><p>[vc_row][vc_column][vc_column_text]<\/p>\n<div id=\"content\" class=\"content\" role=\"main\">\n<div class=\"vc_row wpb_row vc_row-fluid vc_column-gap-35\">\n<div class=\"wpb_column vc_column_container vc_col-sm-6\">\n<div class=\"vc_column-inner\">\n<div class=\"wpb_wrapper\">\n<div class=\"wpb_text_column wpb_content_element justify\">\n<div class=\"wpb_wrapper\">\n<h3>POL\u00cdTICA DE PRIVACIDAD<\/h3>\n<p> Al navegar por el sitio web <a href=\"https:\/\/www.lyoproform.fr\/es\/\">lyoproform.fr<\/a> usted acepta que Sorbial pueda recoger y tratar datos personales sobre usted. Estamos convencidos de la importancia de la confidencialidad. Por eso dise\u00f1amos y prestamos nuestros servicios pensando en su privacidad. Esta pol\u00edtica de privacidad describe los tipos de informaci\u00f3n personal que recogemos, c\u00f3mo se utiliza y c\u00f3mo se protege y se garantizan sus derechos. &nbsp;<\/p>\n<h3>\u00bfQU\u00c9 DATOS SE RECOGEN EN NUESTRO SITIO WEB?<\/h3>\n<p>  Cuando eres un simple visitante de nuestro Sitio, Sorbial no recoge ning\u00fan dato personal sobre ti, excepto en el contexto del uso de cookies. En particular, recogemos y tratamos tu nombre, direcci\u00f3n de correo electr\u00f3nico, n\u00famero de tel\u00e9fono, datos de conexi\u00f3n y navegaci\u00f3n y otros datos personales que nos comunicas directamente.El car\u00e1cter obligatorio o facultativo de los datos se indica en el momento de su recogida mediante un asterisco. Algunos datos se recogen autom\u00e1ticamente como resultado de tus acciones en el sitio.  &nbsp;<\/p>\n<h3>\u00bfCU\u00c1NDO?<\/h3>\n<p>  Recogemos la informaci\u00f3n que nos proporcionas, en particular cuando : &#8211; navegas por nuestro sitio &#8211; rellenas un formulario de contacto  &nbsp;<\/p>\n<h3>DESTINATARIOS DE LOS DATOS<\/h3>\n<p> Los datos recogidos en el sitio web de Sorbial est\u00e1n destinados exclusivamente a Sorbial. Pueden transmitirse a subcontratistas &#8211; que Sorbial utiliza para prestar servicios (por ejemplo, el alojamiento del Sitio Web). Sorbial exige a sus proveedores de servicios que apliquen estrictas medidas de confidencialidad y protecci\u00f3n de datos. Una vez procesada, la informaci\u00f3n est\u00e1 protegida por contratos que obligan a estos terceros a procesar la informaci\u00f3n \u00fanicamente de acuerdo con las instrucciones de Sorbial y las disposiciones de este compromiso de confidencialidad, aplicando todas las medidas de seguridad y confidencialidad adecuadas. &nbsp;<\/p>\n<h3>C\u00d3MO UTILIZAMOS LOS DATOS QUE RECOPILAMOS<\/h3>\n<p> Los datos que recogemos nos permiten prestar, gestionar, proteger y mejorar nuestros servicios, desarrollar otros nuevos y proteger tanto a nuestros usuarios como a nosotros mismos. &nbsp;<\/p>\n<h3>REDES SOCIALES<\/h3>\n<p> El uso de las redes sociales y de los servicios de Sorbial en relaci\u00f3n con estas redes sociales puede dar lugar a la recogida e intercambio de determinados datos entre las redes sociales y Sorbial. Le invitamos a consultar las pol\u00edticas de protecci\u00f3n de datos personales de las redes sociales para saber qu\u00e9 informaci\u00f3n recopilan las redes sociales y puede transmitirse a Sorbial en relaci\u00f3n con sus sitios y aplicaciones, as\u00ed como los fines para los que se utilizar\u00e1n sus datos, en particular con fines publicitarios. Puedes configurar y controlar el acceso y la confidencialidad directamente en las redes sociales. Sorbial no se hace responsable del uso que las redes sociales hagan de sus datos por cuenta propia. <\/p><\/div>\n<\/div>\n<\/div>\n<\/div>\n<\/div>\n<div class=\"wpb_column vc_column_container vc_col-sm-6\">\n<div class=\"vc_column-inner\">\n<div class=\"wpb_wrapper\">\n<div class=\"wpb_text_column wpb_content_element justify\">\n<div class=\"wpb_wrapper\">\n<h3>COOKIES<\/h3>\n<p> Para mejorar el rendimiento de nuestro sitio y ofrecerle una mejor experiencia de navegaci\u00f3n, el Sitio utiliza cookies. Una \u00abcookie\u00bb es un peque\u00f1o fragmento de informaci\u00f3n que podemos proporcionar a su navegador cuando est\u00e1 en nuestro Sitio. Las cookies no se utilizan para determinar su identidad personal. Las cookies nos permiten controlar los h\u00e1bitos de navegaci\u00f3n de nuestro Sitio para determinar la ubicaci\u00f3n y el idioma preferidos del usuario y dirigirle directamente a la p\u00e1gina de inicio correcta cuando visite nuestro Sitio. Si no desea recibir cookies de nuestro Sitio, puede modificar las preferencias de su navegador para poder rechazarlas o limitar su aceptaci\u00f3n. No obstante, si desea cancelar todas las cookies de su navegador, no podr\u00e1 aprovechar plenamente las opciones que ofrece nuestro Sitio. &nbsp;<\/p>\n<h3>SEGURIDAD DE LA INFORMACI\u00d3N<\/h3>\n<p> Sorbial toma todas las medidas de seguridad necesarias para protegerse contra cualquier acceso no autorizado a los datos almacenados o cualquier modificaci\u00f3n, divulgaci\u00f3n o destrucci\u00f3n no autorizada de dichos datos. Sorbial limita el acceso a su informaci\u00f3n de identificaci\u00f3n personal a aquellos empleados que requieren dicha informaci\u00f3n para operar, desarrollar o mejorar los servicios de la empresa. &nbsp;<\/p>\n<h3>SUS DERECHOS EN VIRTUD DE LA LEY DE PROTECCI\u00d3N DE DATOS<\/h3>\n<p> De conformidad con la Ley francesa de Protecci\u00f3n de Datos, usted tiene derecho a acceder, rectificar, suprimir u oponerse a los datos que le conciernen. Estos derechos pueden ejercerse escribiendo a  <a href=\"mailto:contact@lyoproform.fr\">contact@lyoproform.fr<\/a> o por correo postal a la siguiente direcci\u00f3n Sorbial SARL ROUTE DE SPAY, BP50067 &#8211; 72700 ALLONNES Para cualquier informaci\u00f3n sobre la protecci\u00f3n de datos personales, tambi\u00e9n puedes consultar el sitio web de la Comisi\u00f3n Inform\u00e1tica y Libertad www.cnil.fr  <\/p>\n<h2><\/h2>\n<h3>IDENTIDAD DEL RESPONSABLE DEL TRATAMIENTO<\/h3>\n<p>  Sorbial SARL ROUTE DE SPAY, BP50067 &#8211; 72700 ALLONNES  <\/p><\/div>\n<\/div>\n<\/div>\n<\/div>\n<\/div>\n<\/div>\n<\/div>\n<p>[\/vc_column_text][\/vc_column][\/vc_row]<\/p>\n<\/div>","protected":false},"excerpt":{"rendered":"<p>[vc_row][vc_column][vc_column_text] POL\u00cdTICA DE PRIVACIDAD Al navegar por el sitio web lyoproform.fr usted acepta que Sorbial pueda recoger y tratar datos personales sobre usted. Estamos convencidos de la importancia de la confidencialidad. Por eso dise\u00f1amos y prestamos nuestros servicios pensando en su privacidad. Esta pol\u00edtica de privacidad describe los tipos de informaci\u00f3n personal que recogemos, c\u00f3mo&hellip;<\/p>\n","protected":false},"author":2,"featured_media":0,"parent":0,"menu_order":0,"comment_status":"closed","ping_status":"closed","template":"","meta":{"footnotes":""},"class_list":["post-2327","page","type-page","status-publish","hentry","description-off"],"yoast_head":"<!-- This site is optimized with the Yoast SEO plugin v27.5 - https:\/\/yoast.com\/product\/yoast-seo-wordpress\/ -->\n<title>Pol\u00edtica de privacidad - LYOPROFORM<\/title>\n<meta name=\"description\" content=\"Venta en l\u00ednea de complementos alimenticios innovadores fabricados en Francia por un laboratorio especializado en probi\u00f3ticos.\" \/>\n<meta name=\"robots\" content=\"noindex, nofollow\" \/>\n<meta property=\"og:locale\" content=\"es_ES\" \/>\n<meta property=\"og:type\" content=\"article\" \/>\n<meta property=\"og:title\" content=\"Pol\u00edtica de privacidad - LYOPROFORM\" \/>\n<meta property=\"og:description\" content=\"Venta en l\u00ednea de complementos alimenticios innovadores fabricados en Francia por un laboratorio especializado en probi\u00f3ticos.\" \/>\n<meta property=\"og:url\" content=\"https:\/\/www.lyoproform.fr\/es\/politica-de-privacidad\/\" \/>\n<meta property=\"og:site_name\" content=\"LYOPROFORM\" \/>\n<meta property=\"article:publisher\" content=\"https:\/\/www.facebook.com\/LYOPROFORM.Nutribiotiques\/\" \/>\n<meta property=\"article:modified_time\" content=\"2024-07-25T08:04:17+00:00\" \/>\n<meta property=\"og:image\" content=\"https:\/\/www.lyoproform.fr\/wp-content\/uploads\/2023\/08\/Gamme-Complements-alimentaires-probiotiques.png\" \/>\n\t<meta property=\"og:image:width\" content=\"500\" \/>\n\t<meta property=\"og:image:height\" content=\"500\" \/>\n\t<meta property=\"og:image:type\" content=\"image\/png\" \/>\n<meta name=\"twitter:card\" content=\"summary_large_image\" \/>\n<meta name=\"twitter:label1\" content=\"Tiempo de lectura\" \/>\n\t<meta name=\"twitter:data1\" content=\"4 minutos\" \/>\n<script type=\"application\/ld+json\" class=\"yoast-schema-graph\">{\"@context\":\"https:\\\/\\\/schema.org\",\"@graph\":[{\"@type\":\"WebPage\",\"@id\":\"https:\\\/\\\/www.lyoproform.fr\\\/es\\\/politica-de-privacidad\\\/\",\"url\":\"https:\\\/\\\/www.lyoproform.fr\\\/es\\\/politica-de-privacidad\\\/\",\"name\":\"Pol\u00edtica de privacidad - LYOPROFORM\",\"isPartOf\":{\"@id\":\"https:\\\/\\\/www.lyoproform.fr\\\/es\\\/#website\"},\"datePublished\":\"2022-03-15T14:03:34+00:00\",\"dateModified\":\"2024-07-25T08:04:17+00:00\",\"description\":\"Venta en l\u00ednea de complementos alimenticios innovadores fabricados en Francia por un laboratorio especializado en probi\u00f3ticos.\",\"breadcrumb\":{\"@id\":\"https:\\\/\\\/www.lyoproform.fr\\\/es\\\/politica-de-privacidad\\\/#breadcrumb\"},\"inLanguage\":\"es\",\"potentialAction\":[{\"@type\":\"ReadAction\",\"target\":[\"https:\\\/\\\/www.lyoproform.fr\\\/es\\\/politica-de-privacidad\\\/\"]}]},{\"@type\":\"BreadcrumbList\",\"@id\":\"https:\\\/\\\/www.lyoproform.fr\\\/es\\\/politica-de-privacidad\\\/#breadcrumb\",\"itemListElement\":[{\"@type\":\"ListItem\",\"position\":1,\"name\":\"Accueil Lyoproform\",\"item\":\"https:\\\/\\\/www.lyoproform.fr\\\/es\\\/\"},{\"@type\":\"ListItem\",\"position\":2,\"name\":\"Pol\u00edtica de privacidad\"}]},{\"@type\":\"WebSite\",\"@id\":\"https:\\\/\\\/www.lyoproform.fr\\\/es\\\/#website\",\"url\":\"https:\\\/\\\/www.lyoproform.fr\\\/es\\\/\",\"name\":\"LYOPROFORM\",\"description\":\"La gamme de compl\u00e9ments alimentaires \u00e0 base de probiotiques\",\"publisher\":{\"@id\":\"https:\\\/\\\/www.lyoproform.fr\\\/es\\\/#organization\"},\"potentialAction\":[{\"@type\":\"SearchAction\",\"target\":{\"@type\":\"EntryPoint\",\"urlTemplate\":\"https:\\\/\\\/www.lyoproform.fr\\\/es\\\/?s={search_term_string}\"},\"query-input\":{\"@type\":\"PropertyValueSpecification\",\"valueRequired\":true,\"valueName\":\"search_term_string\"}}],\"inLanguage\":\"es\"},{\"@type\":\"Organization\",\"@id\":\"https:\\\/\\\/www.lyoproform.fr\\\/es\\\/#organization\",\"name\":\"LYOPROFORM\",\"url\":\"https:\\\/\\\/www.lyoproform.fr\\\/es\\\/\",\"logo\":{\"@type\":\"ImageObject\",\"inLanguage\":\"es\",\"@id\":\"https:\\\/\\\/www.lyoproform.fr\\\/es\\\/#\\\/schema\\\/logo\\\/image\\\/\",\"url\":\"https:\\\/\\\/www.lyoproform.fr\\\/wp-content\\\/uploads\\\/2022\\\/04\\\/Lyoproform-bleu-petit.png\",\"contentUrl\":\"https:\\\/\\\/www.lyoproform.fr\\\/wp-content\\\/uploads\\\/2022\\\/04\\\/Lyoproform-bleu-petit.png\",\"width\":2481,\"height\":1182,\"caption\":\"LYOPROFORM\"},\"image\":{\"@id\":\"https:\\\/\\\/www.lyoproform.fr\\\/es\\\/#\\\/schema\\\/logo\\\/image\\\/\"},\"sameAs\":[\"https:\\\/\\\/www.facebook.com\\\/LYOPROFORM.Nutribiotiques\\\/\"]}]}<\/script>\n<!-- \/ Yoast SEO plugin. -->","yoast_head_json":{"title":"Pol\u00edtica de privacidad - LYOPROFORM","description":"Venta en l\u00ednea de complementos alimenticios innovadores fabricados en Francia por un laboratorio especializado en probi\u00f3ticos.","robots":{"index":"noindex","follow":"nofollow"},"og_locale":"es_ES","og_type":"article","og_title":"Pol\u00edtica de privacidad - LYOPROFORM","og_description":"Venta en l\u00ednea de complementos alimenticios innovadores fabricados en Francia por un laboratorio especializado en probi\u00f3ticos.","og_url":"https:\/\/www.lyoproform.fr\/es\/politica-de-privacidad\/","og_site_name":"LYOPROFORM","article_publisher":"https:\/\/www.facebook.com\/LYOPROFORM.Nutribiotiques\/","article_modified_time":"2024-07-25T08:04:17+00:00","og_image":[{"width":500,"height":500,"url":"https:\/\/www.lyoproform.fr\/wp-content\/uploads\/2023\/08\/Gamme-Complements-alimentaires-probiotiques.png","type":"image\/png"}],"twitter_card":"summary_large_image","twitter_misc":{"Tiempo de lectura":"4 minutos"},"schema":{"@context":"https:\/\/schema.org","@graph":[{"@type":"WebPage","@id":"https:\/\/www.lyoproform.fr\/es\/politica-de-privacidad\/","url":"https:\/\/www.lyoproform.fr\/es\/politica-de-privacidad\/","name":"Pol\u00edtica de privacidad - LYOPROFORM","isPartOf":{"@id":"https:\/\/www.lyoproform.fr\/es\/#website"},"datePublished":"2022-03-15T14:03:34+00:00","dateModified":"2024-07-25T08:04:17+00:00","description":"Venta en l\u00ednea de complementos alimenticios innovadores fabricados en Francia por un laboratorio especializado en probi\u00f3ticos.","breadcrumb":{"@id":"https:\/\/www.lyoproform.fr\/es\/politica-de-privacidad\/#breadcrumb"},"inLanguage":"es","potentialAction":[{"@type":"ReadAction","target":["https:\/\/www.lyoproform.fr\/es\/politica-de-privacidad\/"]}]},{"@type":"BreadcrumbList","@id":"https:\/\/www.lyoproform.fr\/es\/politica-de-privacidad\/#breadcrumb","itemListElement":[{"@type":"ListItem","position":1,"name":"Accueil Lyoproform","item":"https:\/\/www.lyoproform.fr\/es\/"},{"@type":"ListItem","position":2,"name":"Pol\u00edtica de privacidad"}]},{"@type":"WebSite","@id":"https:\/\/www.lyoproform.fr\/es\/#website","url":"https:\/\/www.lyoproform.fr\/es\/","name":"LYOPROFORM","description":"La gamme de compl\u00e9ments alimentaires \u00e0 base de probiotiques","publisher":{"@id":"https:\/\/www.lyoproform.fr\/es\/#organization"},"potentialAction":[{"@type":"SearchAction","target":{"@type":"EntryPoint","urlTemplate":"https:\/\/www.lyoproform.fr\/es\/?s={search_term_string}"},"query-input":{"@type":"PropertyValueSpecification","valueRequired":true,"valueName":"search_term_string"}}],"inLanguage":"es"},{"@type":"Organization","@id":"https:\/\/www.lyoproform.fr\/es\/#organization","name":"LYOPROFORM","url":"https:\/\/www.lyoproform.fr\/es\/","logo":{"@type":"ImageObject","inLanguage":"es","@id":"https:\/\/www.lyoproform.fr\/es\/#\/schema\/logo\/image\/","url":"https:\/\/www.lyoproform.fr\/wp-content\/uploads\/2022\/04\/Lyoproform-bleu-petit.png","contentUrl":"https:\/\/www.lyoproform.fr\/wp-content\/uploads\/2022\/04\/Lyoproform-bleu-petit.png","width":2481,"height":1182,"caption":"LYOPROFORM"},"image":{"@id":"https:\/\/www.lyoproform.fr\/es\/#\/schema\/logo\/image\/"},"sameAs":["https:\/\/www.facebook.com\/LYOPROFORM.Nutribiotiques\/"]}]}},"_links":{"self":[{"href":"https:\/\/www.lyoproform.fr\/es\/wp-json\/wp\/v2\/pages\/2327","targetHints":{"allow":["GET"]}}],"collection":[{"href":"https:\/\/www.lyoproform.fr\/es\/wp-json\/wp\/v2\/pages"}],"about":[{"href":"https:\/\/www.lyoproform.fr\/es\/wp-json\/wp\/v2\/types\/page"}],"author":[{"embeddable":true,"href":"https:\/\/www.lyoproform.fr\/es\/wp-json\/wp\/v2\/users\/2"}],"replies":[{"embeddable":true,"href":"https:\/\/www.lyoproform.fr\/es\/wp-json\/wp\/v2\/comments?post=2327"}],"version-history":[{"count":14,"href":"https:\/\/www.lyoproform.fr\/es\/wp-json\/wp\/v2\/pages\/2327\/revisions"}],"predecessor-version":[{"id":3846,"href":"https:\/\/www.lyoproform.fr\/es\/wp-json\/wp\/v2\/pages\/2327\/revisions\/3846"}],"wp:attachment":[{"href":"https:\/\/www.lyoproform.fr\/es\/wp-json\/wp\/v2\/media?parent=2327"}],"curies":[{"name":"wp","href":"https:\/\/api.w.org\/{rel}","templated":true}]}}