{"id":2333,"date":"2022-03-10T16:11:54","date_gmt":"2022-03-10T15:11:54","guid":{"rendered":"https:\/\/www.lyoproform.fr\/complements_alimentaires\/complejo-3-bioticos\/"},"modified":"2025-04-06T05:14:40","modified_gmt":"2025-04-06T03:14:40","slug":"probioticos-3-bioticos","status":"publish","type":"product","link":"https:\/\/www.lyoproform.fr\/es\/complement-alimentaire\/probioticos-3-bioticos\/","title":{"rendered":"Complejo 3-bi\u00f3ticos"},"content":{"rendered":"<h3 style=\"text-align: center;\"><strong>Complemento alimenticio a base de <\/strong><strong>probi\u00f3ticos naturales<\/strong><\/h3>\n<p>&nbsp;<\/p>\n<style>#sp-ea-2309 .spcollapsing { height: 0; overflow: hidden; transition-property: height;transition-duration: 300ms;}#sp-ea-2309.sp-easy-accordion>.sp-ea-single {margin-bottom: 10px; border: 1px solid #1938ae; }#sp-ea-2309.sp-easy-accordion>.sp-ea-single>.ea-header a {color: #ffffff;}#sp-ea-2309.sp-easy-accordion>.sp-ea-single>.sp-collapse>.ea-body {background: #fff; color: #15184c;}#sp-ea-2309.sp-easy-accordion>.sp-ea-single {background: #1938ae;}#sp-ea-2309.sp-easy-accordion>.sp-ea-single>.ea-header a .ea-expand-icon { float: left; color: #ffffff;font-size: 12px;}<\/style><div id=\"sp_easy_accordion-1694522378\"><div id=\"sp-ea-2309\" class=\"sp-ea-one sp-easy-accordion\" data-ea-active=\"ea-hover\" data-ea-mode=\"vertical\" data-preloader=\"\" data-scroll-active-item=\"\" data-offset-to-scroll=\"0\"><div class=\"ea-card sp-ea-single\"><h3 class=\"ea-header\"><a class=\"collapsed\" id=\"ea-header-23090\" role=\"button\" data-sptoggle=\"spcollapse\" data-sptarget=\"#collapse23090\" aria-controls=\"collapse23090\" href=\"#\" aria-expanded=\"false\" tabindex=\"0\"><i aria-hidden=\"true\" role=\"presentation\" class=\"ea-expand-icon eap-icon-ea-expand-plus\"><\/i> El complejo 3-bi\u00f3ticos, \u00a1la clave de su orquesta simbi\u00f3tica!<\/a><\/h3><div class=\"sp-collapse spcollapse spcollapse\" id=\"collapse23090\" data-parent=\"#sp-ea-2309\" role=\"region\" aria-labelledby=\"ea-header-23090\"> <div class=\"ea-body\"><p style=\"text-align: justify\"><em>Lacticaseibacillus rhamnosus<\/em> CNCM I-5504, <em>Lactiplantibacillus plantarum<\/em> CNCM I-5483, <em>Ligilactobacillus<\/em> salivarius CNCM I-4866. Estas son las 3 cepas de bacterias l\u00e1cticas aisladas y seleccionadas por el laboratorio SORBIAL que encontrar\u00e1 en nuestro complemento alimenticio Complejo 3-bi\u00f3ticos\u00ae. Depositadas en Francia en el Instituto Pasteur en la Collection Nationale de Cultures de Microorganismes. (<a href=\"https:\/\/www.pasteur.fr\/fr\/depot-cncm\">CNCM<\/a>), hemos identificado una serie de caracter\u00edsticas probi\u00f3ticas cient\u00edficamente notables en estas cepas. En colaboraci\u00f3n con los equipos de investigaci\u00f3n del <a href=\"https:\/\/www.micalis.fr\/Institut-Micalis\">Instituto Micalis y del INRAe<\/a>, se han realizado estudios sobre su potencial antipat\u00f3geno y antiinflamatorio, entre otros. Las cualidades \u00fanicas de estas interesantes cepas, combinadas con nuestro proceso de cultivo FLORYTEC\u00ae, le ayudar\u00e1n a restablecer la armon\u00eda de su orquesta simbi\u00f3tica.<\/p><\/div><\/div><\/div><div class=\"ea-card sp-ea-single\"><h3 class=\"ea-header\"><a class=\"collapsed\" id=\"ea-header-23091\" role=\"button\" data-sptoggle=\"spcollapse\" data-sptarget=\"#collapse23091\" aria-controls=\"collapse23091\" href=\"#\" aria-expanded=\"false\" tabindex=\"0\"><i aria-hidden=\"true\" role=\"presentation\" class=\"ea-expand-icon eap-icon-ea-expand-plus\"><\/i> Microbiota, probi\u00f3ticos y bienestar digestivo.<\/a><\/h3><div class=\"sp-collapse spcollapse spcollapse\" id=\"collapse23091\" data-parent=\"#sp-ea-2309\" role=\"region\" aria-labelledby=\"ea-header-23091\"> <div class=\"ea-body\"><p style=\"text-align: justify\">Los microorganismos que componen nuestra microflora intestinal desempe\u00f1an un papel esencial en el proceso digestivo. La mayor\u00eda de las criaturas microsc\u00f3picas que componen nuestra microbiota intestinal poseen un verdadero arsenal de enzimas. Tienen la capacidad de modificar la estructura de nuestros alimentos para satisfacer sus propias necesidades energ\u00e9ticas. Gracias a su acci\u00f3n, contribuyen a mantener nuestro equilibrio digestivo. Entre estos microorganismos se encuentran las bacterias, componentes esenciales de nuestra microbiota, que no se limitan a enriquecer nuestros alimentos. De hecho, sintetizan numerosas sustancias conocidas como metabolitos, como vitaminas, bacteriocinas y \u00e1cidos grasos de cadena corta, que contribuyen a proteger y mantener la barrera intestinal. Adem\u00e1s, algunas bacterias pueden tener un efecto antiinflamatorio, ayudando a aliviar los dolores de est\u00f3mago y otras molestias.<br \/>Sin embargo, no todas las bacterias tienen el mismo efecto. Se cree que hay unas 1.000 especies diferentes en nuestra microbiota, y cada una de estas especies se divide en varias cepas. Algunas de estas cepas pueden tener a veces efectos nocivos cuando est\u00e1n presentes en n\u00famero excesivo, mientras que otras tienen caracter\u00edsticas gen\u00e9ticas y metab\u00f3licas que las hacen especialmente beneficiosas para la salud humana.<\/p><h4 style=\"text-align: justify\"><em><strong>\u00a1 Son las famosas bacterias probi\u00f3ticas !<\/strong><\/em><\/h4><p style=\"text-align: justify\">Un desequilibrio entre estos probi\u00f3ticos y las bacterias malas puede provocar una disbiosis intestinal que afecte al confort digestivo.<\/p><\/div><\/div><\/div><div class=\"ea-card sp-ea-single\"><h3 class=\"ea-header\"><a class=\"collapsed\" id=\"ea-header-23092\" role=\"button\" data-sptoggle=\"spcollapse\" data-sptarget=\"#collapse23092\" aria-controls=\"collapse23092\" href=\"#\" aria-expanded=\"false\" tabindex=\"0\"><i aria-hidden=\"true\" role=\"presentation\" class=\"ea-expand-icon eap-icon-ea-expand-plus\"><\/i> El proceso simbi\u00f3tico FLORYTEC\u00ae: un co-cultivo sin\u00e9rgico dise\u00f1ado para reforzar la acci\u00f3n de las cepas probi\u00f3ticas.<\/a><\/h3><div class=\"sp-collapse spcollapse spcollapse\" id=\"collapse23092\" data-parent=\"#sp-ea-2309\" role=\"region\" aria-labelledby=\"ea-header-23092\"> <div class=\"ea-body\"><p style=\"text-align: justify\">Para facilitar el acceso a cepas de inter\u00e9s en el campo de los probi\u00f3ticos, es habitual utilizar bancos industriales de fermentos l\u00e1cticos. Estas cepas, inicialmente destinadas a empresas agroalimentarias (queser\u00edas, lecher\u00edas, etc.), se multiplican individualmente a partir de caldos sint\u00e9ticos. Estos procesos de fabricaci\u00f3n no fueron concebidos originalmente para la elaboraci\u00f3n de complementos alimenticios. Consciente de esta realidad, el laboratorio SORBIAL ha desarrollado su propio proceso dedicado a la fabricaci\u00f3n \u00f3ptima de nutribi\u00f3ticos, independiz\u00e1ndose completamente del mercado de los fermentos. En los productos de la gama LYOPROFORM\u00ae, las 3 cepas probi\u00f3ticas de nuestros complementos alimenticios se cultivan conjuntamente en un entorno natural (leche de origen franc\u00e9s) y sin conservantes. Gracias a nuestro proceso de co-cultivo <a href=\"https:\/\/www.lyoproform.fr\/es\/el-ingrediente-florytec\/\">FLORYTEC\u00ae<\/a>, las bacterias desarrolladas en sinergia son m\u00e1s adaptables que las cultivadas por separado, lo que optimiza su dosificaci\u00f3n y su eficacia cuando se incorporan a su microbiota.<br \/>De este modo, el complejo 3 bi\u00f3ticos es un complemento alimenticio que contiene a la vez las cepas de inter\u00e9s y los metabolitos que producen, en la dosis adecuada, aport\u00e1ndole todos los beneficios de los microorganismos.<\/p><\/div><\/div><\/div><\/div><\/div>\n<h4 style=\"text-align: center;\"><span style=\"text-decoration: underline;\"><span style=\"font-size: 18pt;\"><a href=\"https:\/\/www.lyoproform.fr\/es\/el-ingrediente-florytec\/\"><span style=\"color: #4dd186; text-decoration: underline;\">M\u00e1s informaci\u00f3n sobre el ingrediente natural rico en probi\u00f3ticos Lyoproform<\/span><\/a><\/span><\/span><\/h4>\n<p>&nbsp;<\/p>\n<p>&nbsp;<\/p>\n<p style=\"text-align: center;\"><span style=\"font-size: 24pt;\"><strong><em>Opiniones de nuestros clientes <\/em><\/strong><\/span><\/p>\n<p>&nbsp;<\/p>\n<p>&nbsp;<\/p>\n<div class=\"strong-view strong-view-id-1 modern wpmtst-modern shadowed slider-container carousel slider-mode-horizontal slider-adaptive controls-style-buttons3 pager-type-full pager-style-buttons nav-position-outside\" data-count=6 data-slider-var=strong_slider_id_1 data-state=idle><div class=\"strong-content wpmslider-content\"><div class=\"wpmtst-testimonial testimonial t-slide post-2442\"><div class=\"wpmtst-testimonial-inner testimonial-inner\"><div data-infinite-loop=\"true\"  class=\"wpmtst-testimonial-content  testimonial-content\"><h3 class=\"wpmtst-testimonial-heading testimonial-heading\">SmileSurf<\/h3><div class=\"comment-text\"><span style=\"color: #ffffff;\">Una tanda de antibi\u00f3ticos hab\u00eda interrumpido su tr\u00e1nsito. S\u00f3lo llevo una semana tomando este suplemento y ya he notado una notable mejor\u00eda. As\u00ed que estoy contento.<\/span><\/div><\/div><div class=\"clear\"><\/div><\/div><\/div><div class=\"wpmtst-testimonial testimonial t-slide post-2445\"><div class=\"wpmtst-testimonial-inner testimonial-inner\"><div data-infinite-loop=\"true\"  class=\"wpmtst-testimonial-content  testimonial-content\"><h3 class=\"wpmtst-testimonial-heading testimonial-heading\">Malinou<\/h3><div class=\"comment-text\"><span style=\"color: #ffffff;\">Despu\u00e9s de haber tomado omeprazol durante mucho tiempo, \u00a1mi cuerpo ha cambiado por completo! Estas cepas ayudan a reparar los da\u00f1os causados por el \u00e1cido. Porque es todo el sistema digestivo e intestinal el que ha sufrido. \u00a1Esta cura de 1 mes complementar\u00e1 la que est\u00e1 tomando actualmente! Porque es necesario cambiar las cepas para equilibrar la microbiota. Las c\u00e1psulas son peque\u00f1as y muy f\u00e1ciles de tragar. La composici\u00f3n tiene 3 cepas. \u00a1Perfecto para el resto de mi tratamiento!<\/span><\/div><\/div><div class=\"clear\"><\/div><\/div><\/div><div class=\"wpmtst-testimonial testimonial t-slide post-2448\"><div class=\"wpmtst-testimonial-inner testimonial-inner\"><div data-infinite-loop=\"true\"  class=\"wpmtst-testimonial-content  testimonial-content\"><h3 class=\"wpmtst-testimonial-heading testimonial-heading\">Marie-th\u00e9r\u00e9se<\/h3><p>Estoy muy satisfecho con los probi\u00f3ticos, me siento en plena forma desde que los uso, es fant\u00e1stico. He probado muchos productos diferentes y son los mejores, as\u00ed que no voy a parar.<\/p><\/div><div class=\"clear\"><\/div><\/div><\/div><div class=\"wpmtst-testimonial testimonial t-slide post-2449\"><div class=\"wpmtst-testimonial-inner testimonial-inner\"><div data-infinite-loop=\"true\"  class=\"wpmtst-testimonial-content  testimonial-content\"><h3 class=\"wpmtst-testimonial-heading testimonial-heading\">Nicolas<\/h3><p>Estoy satisfecho con el resultado. Desde que tomo 2 c\u00e1psulas cada ma\u00f1ana, tengo muchas menos flatulencias y me siento menos hinchado. Lo recomiendo a personas con problemas similares. A mi mujer, que a menudo ten\u00eda la barriga hinchada despu\u00e9s de comer, le ha sorprendido gratamente lo c\u00f3moda que es porque ya no le aprietan los pantalones.<\/p><\/div><div class=\"clear\"><\/div><\/div><\/div><div class=\"wpmtst-testimonial testimonial t-slide post-2450\"><div class=\"wpmtst-testimonial-inner testimonial-inner\"><div data-infinite-loop=\"true\"  class=\"wpmtst-testimonial-content  testimonial-content\"><h3 class=\"wpmtst-testimonial-heading testimonial-heading\">Cliente Lyoproform<\/h3><p>Tengo problemas estomacales desde hace varios a\u00f1os y hasta ahora no he encontrado un producto que solucione mi problema. Siguiendo el consejo de un amigo, ped\u00ed este producto y qued\u00e9 completamente satisfecho.<\/p><\/div><div class=\"clear\"><\/div><\/div><\/div><div class=\"wpmtst-testimonial testimonial t-slide post-2447\"><div class=\"wpmtst-testimonial-inner testimonial-inner\"><div data-infinite-loop=\"true\"  class=\"wpmtst-testimonial-content  testimonial-content\"><h3 class=\"wpmtst-testimonial-heading testimonial-heading\">Micheline<\/h3><p>Excelente producto. tal como se describe y entregado a tiempo. Despu\u00e9s de probarlo durante quince d\u00edas, noto un beneficio real. En particular, me siento mucho menos hinchada y tengo la barriga menos hinchada. As\u00ed que voy a seguir con el tratamiento y no puedo recomendarlo lo suficiente.<\/p><\/div><div class=\"clear\"><\/div><\/div><\/div><\/div><\/div>\n","protected":false},"excerpt":{"rendered":"<h3 style=\"text-align: center;\"><strong><span style=\"font-size: 14pt;\"><em>Una dieta desequilibrada suele ser sin\u00f3nimo de malestar&#8230;<\/em><\/span><\/strong><\/h3>\n<p>&nbsp;<\/p>\n<h4><span style=\"font-size: 14pt;\"><strong>Flora intestinal, probi\u00f3ticos naturales y confort digestivo :<\/strong> <\/span><\/h4>\n<p style=\"text-align: justify;\">El confort digestivo y la buena regulaci\u00f3n de nuestro tr\u00e1nsito intestinal se ven alterados con frecuencia y pueden repercutir en nuestra vida cotidiana. Las causas son m\u00faltiples (comidas copiosas, mala alimentaci\u00f3n y\/o falta de fibra, etc.), pero es posible mantener nuestro equilibrio digestivo fomentando una flora intestinal sana, variada y rica en probi\u00f3ticos naturales. <\/p>\n<p>&nbsp;<\/p>\n<h4><span style=\"font-size: 14pt;\"><strong>\u00a1C\u00e1psula gastrorresistente especialmente dise\u00f1ada para probi\u00f3ticos!<\/strong> <\/span><\/h4>\n<p> Las c\u00e1psulas vegetales de nuestro suplemento diet\u00e9tico utilizan la tecnolog\u00eda DRcaps\u00ae, especialmente dise\u00f1ada para los probi\u00f3ticos, que preserva vivas estas bacterias buenas a su paso por el est\u00f3mago, lo que permite dirigirlas a su destino y conseguir una concentraci\u00f3n \u00f3ptima. <span style=\"color: #2bb275; font-size: 10pt;\"><strong>M\u00e1s de 30\u20ac = \u00a1Entrega gratuita!<\/strong> <\/span><\/p>\n<p><span style=\"color: #2bb275; font-size: 10pt;\"><strong>Entrega gratuita en todos los primeros pedidos con el c\u00f3digo: BIENVENUE<\/strong><\/span><\/p>\n","protected":false},"featured_media":3490,"comment_status":"open","ping_status":"closed","template":"","meta":[],"product_brand":[],"product_cat":[104,100],"product_tag":[178,107,113,112,181,180,179,111,108],"class_list":{"0":"post-2333","1":"product","2":"type-product","3":"status-publish","4":"has-post-thumbnail","6":"product_cat-probioticos-naturales","7":"product_cat-equilibrio-digestivo","8":"product_tag-capsula-gastrorresistente","9":"product_tag-complementos-alimenticios","10":"product_tag-equilibrio-digestivo","11":"product_tag-flora-intestinal","12":"product_tag-lactobacillus-plantarum-es","13":"product_tag-lactobacillus-rhamnosus-es","14":"product_tag-lactobacillus-salivarius-es","15":"product_tag-microbiota","16":"product_tag-probioticos","17":"product_shipping_class-allshipping","18":"description-off","20":"first","21":"instock","22":"taxable","23":"shipping-taxable","24":"purchasable","25":"product-type-variable","26":"has-default-attributes"},"yoast_head":"<!-- This site is optimized with the Yoast SEO plugin v27.5 - https:\/\/yoast.com\/product\/yoast-seo-wordpress\/ -->\n<title>Flora intestinal equilibrada\uff5cRica en probi\u00f3ticos naturales<\/title>\n<meta name=\"description\" content=\"Con los productos LYOPROFORM, restablece el equilibrio de tu flora intestinal gracias a una microbiota sana rica en probi\u00f3ticos naturales.\" \/>\n<meta name=\"robots\" content=\"index, follow, max-snippet:-1, max-image-preview:large, max-video-preview:-1\" \/>\n<link rel=\"canonical\" href=\"https:\/\/www.lyoproform.fr\/es\/complement-alimentaire\/probioticos-3-bioticos\/\" \/>\n<meta property=\"og:locale\" content=\"es_ES\" \/>\n<meta property=\"og:type\" content=\"article\" \/>\n<meta property=\"og:title\" content=\"Flora intestinal equilibrada\uff5cRica en probi\u00f3ticos naturales\" \/>\n<meta property=\"og:description\" content=\"Con los productos LYOPROFORM, restablece el equilibrio de tu flora intestinal gracias a una microbiota sana rica en probi\u00f3ticos naturales.\" \/>\n<meta property=\"og:url\" content=\"https:\/\/www.lyoproform.fr\/es\/complement-alimentaire\/probioticos-3-bioticos\/\" \/>\n<meta property=\"og:site_name\" content=\"LYOPROFORM\" \/>\n<meta property=\"article:publisher\" content=\"https:\/\/www.facebook.com\/LYOPROFORM.Nutribiotiques\/\" \/>\n<meta property=\"article:modified_time\" content=\"2025-04-06T03:14:40+00:00\" \/>\n<meta property=\"og:image\" content=\"https:\/\/www.lyoproform.fr\/wp-content\/uploads\/2022\/03\/3-biotiques-300x300-1.jpg\" \/>\n\t<meta property=\"og:image:width\" content=\"300\" \/>\n\t<meta property=\"og:image:height\" content=\"300\" \/>\n\t<meta property=\"og:image:type\" content=\"image\/jpeg\" \/>\n<meta name=\"twitter:card\" content=\"summary_large_image\" \/>\n<meta name=\"twitter:label1\" content=\"Tiempo de lectura\" \/>\n\t<meta name=\"twitter:data1\" content=\"1 minuto\" \/>\n<script type=\"application\/ld+json\" class=\"yoast-schema-graph\">{\"@context\":\"https:\\\/\\\/schema.org\",\"@graph\":[{\"@type\":\"WebPage\",\"@id\":\"https:\\\/\\\/www.lyoproform.fr\\\/es\\\/complement-alimentaire\\\/probioticos-3-bioticos\\\/\",\"url\":\"https:\\\/\\\/www.lyoproform.fr\\\/es\\\/complement-alimentaire\\\/probioticos-3-bioticos\\\/\",\"name\":\"Flora intestinal equilibrada\uff5cRica en probi\u00f3ticos naturales\",\"isPartOf\":{\"@id\":\"https:\\\/\\\/www.lyoproform.fr\\\/es\\\/#website\"},\"primaryImageOfPage\":{\"@id\":\"https:\\\/\\\/www.lyoproform.fr\\\/es\\\/complement-alimentaire\\\/probioticos-3-bioticos\\\/#primaryimage\"},\"image\":{\"@id\":\"https:\\\/\\\/www.lyoproform.fr\\\/es\\\/complement-alimentaire\\\/probioticos-3-bioticos\\\/#primaryimage\"},\"thumbnailUrl\":\"https:\\\/\\\/www.lyoproform.fr\\\/wp-content\\\/uploads\\\/2022\\\/03\\\/3-biotiques-300x300-1.jpg\",\"datePublished\":\"2022-03-10T15:11:54+00:00\",\"dateModified\":\"2025-04-06T03:14:40+00:00\",\"description\":\"Con los productos LYOPROFORM, restablece el equilibrio de tu flora intestinal gracias a una microbiota sana rica en probi\u00f3ticos naturales.\",\"breadcrumb\":{\"@id\":\"https:\\\/\\\/www.lyoproform.fr\\\/es\\\/complement-alimentaire\\\/probioticos-3-bioticos\\\/#breadcrumb\"},\"inLanguage\":\"es\",\"potentialAction\":[{\"@type\":\"ReadAction\",\"target\":[\"https:\\\/\\\/www.lyoproform.fr\\\/es\\\/complement-alimentaire\\\/probioticos-3-bioticos\\\/\"]}]},{\"@type\":\"ImageObject\",\"inLanguage\":\"es\",\"@id\":\"https:\\\/\\\/www.lyoproform.fr\\\/es\\\/complement-alimentaire\\\/probioticos-3-bioticos\\\/#primaryimage\",\"url\":\"https:\\\/\\\/www.lyoproform.fr\\\/wp-content\\\/uploads\\\/2022\\\/03\\\/3-biotiques-300x300-1.jpg\",\"contentUrl\":\"https:\\\/\\\/www.lyoproform.fr\\\/wp-content\\\/uploads\\\/2022\\\/03\\\/3-biotiques-300x300-1.jpg\",\"width\":300,\"height\":300,\"caption\":\"C\u00e1psulas ricas en probi\u00f3ticos naturales lactobacillus rhamnosus, plantarum y salivarius para el confort digestivo.\"},{\"@type\":\"BreadcrumbList\",\"@id\":\"https:\\\/\\\/www.lyoproform.fr\\\/es\\\/complement-alimentaire\\\/probioticos-3-bioticos\\\/#breadcrumb\",\"itemListElement\":[{\"@type\":\"ListItem\",\"position\":1,\"name\":\"Accueil Lyoproform\",\"item\":\"https:\\\/\\\/www.lyoproform.fr\\\/es\\\/\"},{\"@type\":\"ListItem\",\"position\":2,\"name\":\"La gamme de compl\u00e9ments alimentaires probiotiques LYOPROFORM\",\"item\":\"https:\\\/\\\/www.lyoproform.fr\\\/boutique\\\/\"},{\"@type\":\"ListItem\",\"position\":3,\"name\":\"Complejo 3-bi\u00f3ticos\"}]},{\"@type\":\"WebSite\",\"@id\":\"https:\\\/\\\/www.lyoproform.fr\\\/es\\\/#website\",\"url\":\"https:\\\/\\\/www.lyoproform.fr\\\/es\\\/\",\"name\":\"LYOPROFORM\",\"description\":\"La gamme de compl\u00e9ments alimentaires \u00e0 base de probiotiques\",\"publisher\":{\"@id\":\"https:\\\/\\\/www.lyoproform.fr\\\/es\\\/#organization\"},\"potentialAction\":[{\"@type\":\"SearchAction\",\"target\":{\"@type\":\"EntryPoint\",\"urlTemplate\":\"https:\\\/\\\/www.lyoproform.fr\\\/es\\\/?s={search_term_string}\"},\"query-input\":{\"@type\":\"PropertyValueSpecification\",\"valueRequired\":true,\"valueName\":\"search_term_string\"}}],\"inLanguage\":\"es\"},{\"@type\":\"Organization\",\"@id\":\"https:\\\/\\\/www.lyoproform.fr\\\/es\\\/#organization\",\"name\":\"LYOPROFORM\",\"url\":\"https:\\\/\\\/www.lyoproform.fr\\\/es\\\/\",\"logo\":{\"@type\":\"ImageObject\",\"inLanguage\":\"es\",\"@id\":\"https:\\\/\\\/www.lyoproform.fr\\\/es\\\/#\\\/schema\\\/logo\\\/image\\\/\",\"url\":\"https:\\\/\\\/www.lyoproform.fr\\\/wp-content\\\/uploads\\\/2022\\\/04\\\/Lyoproform-bleu-petit.png\",\"contentUrl\":\"https:\\\/\\\/www.lyoproform.fr\\\/wp-content\\\/uploads\\\/2022\\\/04\\\/Lyoproform-bleu-petit.png\",\"width\":2481,\"height\":1182,\"caption\":\"LYOPROFORM\"},\"image\":{\"@id\":\"https:\\\/\\\/www.lyoproform.fr\\\/es\\\/#\\\/schema\\\/logo\\\/image\\\/\"},\"sameAs\":[\"https:\\\/\\\/www.facebook.com\\\/LYOPROFORM.Nutribiotiques\\\/\"]}]}<\/script>\n<!-- \/ Yoast SEO plugin. -->","yoast_head_json":{"title":"Flora intestinal equilibrada\uff5cRica en probi\u00f3ticos naturales","description":"Con los productos LYOPROFORM, restablece el equilibrio de tu flora intestinal gracias a una microbiota sana rica en probi\u00f3ticos naturales.","robots":{"index":"index","follow":"follow","max-snippet":"max-snippet:-1","max-image-preview":"max-image-preview:large","max-video-preview":"max-video-preview:-1"},"canonical":"https:\/\/www.lyoproform.fr\/es\/complement-alimentaire\/probioticos-3-bioticos\/","og_locale":"es_ES","og_type":"article","og_title":"Flora intestinal equilibrada\uff5cRica en probi\u00f3ticos naturales","og_description":"Con los productos LYOPROFORM, restablece el equilibrio de tu flora intestinal gracias a una microbiota sana rica en probi\u00f3ticos naturales.","og_url":"https:\/\/www.lyoproform.fr\/es\/complement-alimentaire\/probioticos-3-bioticos\/","og_site_name":"LYOPROFORM","article_publisher":"https:\/\/www.facebook.com\/LYOPROFORM.Nutribiotiques\/","article_modified_time":"2025-04-06T03:14:40+00:00","og_image":[{"width":300,"height":300,"url":"https:\/\/www.lyoproform.fr\/wp-content\/uploads\/2022\/03\/3-biotiques-300x300-1.jpg","type":"image\/jpeg"}],"twitter_card":"summary_large_image","twitter_misc":{"Tiempo de lectura":"1 minuto"},"schema":{"@context":"https:\/\/schema.org","@graph":[{"@type":"WebPage","@id":"https:\/\/www.lyoproform.fr\/es\/complement-alimentaire\/probioticos-3-bioticos\/","url":"https:\/\/www.lyoproform.fr\/es\/complement-alimentaire\/probioticos-3-bioticos\/","name":"Flora intestinal equilibrada\uff5cRica en probi\u00f3ticos naturales","isPartOf":{"@id":"https:\/\/www.lyoproform.fr\/es\/#website"},"primaryImageOfPage":{"@id":"https:\/\/www.lyoproform.fr\/es\/complement-alimentaire\/probioticos-3-bioticos\/#primaryimage"},"image":{"@id":"https:\/\/www.lyoproform.fr\/es\/complement-alimentaire\/probioticos-3-bioticos\/#primaryimage"},"thumbnailUrl":"https:\/\/www.lyoproform.fr\/wp-content\/uploads\/2022\/03\/3-biotiques-300x300-1.jpg","datePublished":"2022-03-10T15:11:54+00:00","dateModified":"2025-04-06T03:14:40+00:00","description":"Con los productos LYOPROFORM, restablece el equilibrio de tu flora intestinal gracias a una microbiota sana rica en probi\u00f3ticos naturales.","breadcrumb":{"@id":"https:\/\/www.lyoproform.fr\/es\/complement-alimentaire\/probioticos-3-bioticos\/#breadcrumb"},"inLanguage":"es","potentialAction":[{"@type":"ReadAction","target":["https:\/\/www.lyoproform.fr\/es\/complement-alimentaire\/probioticos-3-bioticos\/"]}]},{"@type":"ImageObject","inLanguage":"es","@id":"https:\/\/www.lyoproform.fr\/es\/complement-alimentaire\/probioticos-3-bioticos\/#primaryimage","url":"https:\/\/www.lyoproform.fr\/wp-content\/uploads\/2022\/03\/3-biotiques-300x300-1.jpg","contentUrl":"https:\/\/www.lyoproform.fr\/wp-content\/uploads\/2022\/03\/3-biotiques-300x300-1.jpg","width":300,"height":300,"caption":"C\u00e1psulas ricas en probi\u00f3ticos naturales lactobacillus rhamnosus, plantarum y salivarius para el confort digestivo."},{"@type":"BreadcrumbList","@id":"https:\/\/www.lyoproform.fr\/es\/complement-alimentaire\/probioticos-3-bioticos\/#breadcrumb","itemListElement":[{"@type":"ListItem","position":1,"name":"Accueil Lyoproform","item":"https:\/\/www.lyoproform.fr\/es\/"},{"@type":"ListItem","position":2,"name":"La gamme de compl\u00e9ments alimentaires probiotiques LYOPROFORM","item":"https:\/\/www.lyoproform.fr\/boutique\/"},{"@type":"ListItem","position":3,"name":"Complejo 3-bi\u00f3ticos"}]},{"@type":"WebSite","@id":"https:\/\/www.lyoproform.fr\/es\/#website","url":"https:\/\/www.lyoproform.fr\/es\/","name":"LYOPROFORM","description":"La gamme de compl\u00e9ments alimentaires \u00e0 base de probiotiques","publisher":{"@id":"https:\/\/www.lyoproform.fr\/es\/#organization"},"potentialAction":[{"@type":"SearchAction","target":{"@type":"EntryPoint","urlTemplate":"https:\/\/www.lyoproform.fr\/es\/?s={search_term_string}"},"query-input":{"@type":"PropertyValueSpecification","valueRequired":true,"valueName":"search_term_string"}}],"inLanguage":"es"},{"@type":"Organization","@id":"https:\/\/www.lyoproform.fr\/es\/#organization","name":"LYOPROFORM","url":"https:\/\/www.lyoproform.fr\/es\/","logo":{"@type":"ImageObject","inLanguage":"es","@id":"https:\/\/www.lyoproform.fr\/es\/#\/schema\/logo\/image\/","url":"https:\/\/www.lyoproform.fr\/wp-content\/uploads\/2022\/04\/Lyoproform-bleu-petit.png","contentUrl":"https:\/\/www.lyoproform.fr\/wp-content\/uploads\/2022\/04\/Lyoproform-bleu-petit.png","width":2481,"height":1182,"caption":"LYOPROFORM"},"image":{"@id":"https:\/\/www.lyoproform.fr\/es\/#\/schema\/logo\/image\/"},"sameAs":["https:\/\/www.facebook.com\/LYOPROFORM.Nutribiotiques\/"]}]}},"_links":{"self":[{"href":"https:\/\/www.lyoproform.fr\/es\/wp-json\/wp\/v2\/product\/2333","targetHints":{"allow":["GET"]}}],"collection":[{"href":"https:\/\/www.lyoproform.fr\/es\/wp-json\/wp\/v2\/product"}],"about":[{"href":"https:\/\/www.lyoproform.fr\/es\/wp-json\/wp\/v2\/types\/product"}],"replies":[{"embeddable":true,"href":"https:\/\/www.lyoproform.fr\/es\/wp-json\/wp\/v2\/comments?post=2333"}],"wp:featuredmedia":[{"embeddable":true,"href":"https:\/\/www.lyoproform.fr\/es\/wp-json\/wp\/v2\/media\/3490"}],"wp:attachment":[{"href":"https:\/\/www.lyoproform.fr\/es\/wp-json\/wp\/v2\/media?parent=2333"}],"wp:term":[{"taxonomy":"product_brand","embeddable":true,"href":"https:\/\/www.lyoproform.fr\/es\/wp-json\/wp\/v2\/product_brand?post=2333"},{"taxonomy":"product_cat","embeddable":true,"href":"https:\/\/www.lyoproform.fr\/es\/wp-json\/wp\/v2\/product_cat?post=2333"},{"taxonomy":"product_tag","embeddable":true,"href":"https:\/\/www.lyoproform.fr\/es\/wp-json\/wp\/v2\/product_tag?post=2333"}],"curies":[{"name":"wp","href":"https:\/\/api.w.org\/{rel}","templated":true}]}}