{"id":2339,"date":"2022-08-03T15:22:14","date_gmt":"2022-08-03T13:22:14","guid":{"rendered":"https:\/\/www.lyoproform.fr\/complements_alimentaires\/complejo-myr-biotico\/"},"modified":"2026-03-22T11:47:18","modified_gmt":"2026-03-22T10:47:18","slug":"probioticos-myr-bioticos","status":"publish","type":"product","link":"https:\/\/www.lyoproform.fr\/es\/complement-alimentaire\/probioticos-myr-bioticos\/","title":{"rendered":"Complejo Myr-bi\u00f3tico"},"content":{"rendered":"<h3 style=\"text-align: center;\"><strong>Suplemento diet\u00e9tico a base<\/strong> <strong>de bacterias l\u00e1cticas<\/strong> <strong>combinadas con<\/strong> <strong>un extracto de ar\u00e1ndano concentrado en antocianinas.<\/strong><\/h3>\n<p>&nbsp;<\/p>\n<style>#sp-ea-2306 .spcollapsing { height: 0; overflow: hidden; transition-property: height;transition-duration: 300ms;}#sp-ea-2306.sp-easy-accordion>.sp-ea-single {margin-bottom: 10px; border: 1px solid #680776; }#sp-ea-2306.sp-easy-accordion>.sp-ea-single>.ea-header a {color: #ffffff;}#sp-ea-2306.sp-easy-accordion>.sp-ea-single>.sp-collapse>.ea-body {background: #fff; color: #15184c;}#sp-ea-2306.sp-easy-accordion>.sp-ea-single {background: #680776;}#sp-ea-2306.sp-easy-accordion>.sp-ea-single>.ea-header a .ea-expand-icon { float: left; color: #ffffff;font-size: 12px;}<\/style><div id=\"sp_easy_accordion-1694520050\"><div id=\"sp-ea-2306\" class=\"sp-ea-one sp-easy-accordion\" data-ea-active=\"ea-hover\" data-ea-mode=\"vertical\" data-preloader=\"\" data-scroll-active-item=\"\" data-offset-to-scroll=\"0\"><div class=\"ea-card sp-ea-single\"><h3 class=\"ea-header\"><a class=\"collapsed\" id=\"ea-header-23060\" role=\"button\" data-sptoggle=\"spcollapse\" data-sptarget=\"#collapse23060\" aria-controls=\"collapse23060\" href=\"#\" aria-expanded=\"false\" tabindex=\"0\"><i aria-hidden=\"true\" role=\"presentation\" class=\"ea-expand-icon eap-icon-ea-expand-plus\"><\/i> Extracto de ar\u00e1ndano: \u00a1la clave para tu salud ocular!<\/a><\/h3><div class=\"sp-collapse spcollapse spcollapse\" id=\"collapse23060\" data-parent=\"#sp-ea-2306\" role=\"region\" aria-labelledby=\"ea-header-23060\"> <div class=\"ea-body\"><p style=\"text-align: justify\">La retina se encuentra en un entorno muy oxigenado, por lo que puede sufrir da\u00f1os relacionados con el estr\u00e9s oxidativo. Este estr\u00e9s puede estar potencialmente implicado en el desarrollo de ciertas enfermedades oculares.<\/p><p><em><strong>\u00bfPor qu\u00e9 los ar\u00e1ndanos son buenos para los ojos?<\/strong><\/em><\/p><p style=\"text-align: justify\">Para limitar la aparici\u00f3n de problemas oculares, es aconsejable seguir una dieta rica en antioxidantes. Los ar\u00e1ndanos son naturalmente ricos en polifenoles antioxidantes conocidos como antocianinas. Por ello, numerosos estudios se han centrado en las propiedades de esta fruta, demostrando los beneficios de su consumo para la salud ocular1.<\/p><p><img loading=\"lazy\" decoding=\"async\" class=\"size-full wp-image-1498 aligncenter\" src=\"https:\/\/www.lyoproform.fr\/wp-content\/uploads\/2022\/08\/Myrtille-262.jpg\" alt=\"Extrait de myrtille riche en anthocyanes\" width=\"262\" height=\"159\" \/><\/p><h5 style=\"text-align: center\"><span style=\"font-size: 10pt\"><em><strong>Con nuestro complemento alimenticio Myr-bi\u00f3ticos, podr\u00e1 beneficiarse de un extracto de ar\u00e1ndano enriquecido con antocianinas, combinado con un complejo a base de bacterias l\u00e1cticas reforzadas, \u00a1para su salud ocular!<\/strong><\/em><\/span><\/h5><p><span style=\"font-size: 8pt;color: #0000ff\"><a style=\"color: #0000ff\" href=\"https:\/\/www.sciencedirect.com\/science\/article\/abs\/pii\/S0181551208747430\">1 - Dutot, L. Rambaux, J.-M. Warnet, P. Rat, Modulation of oxidative stress by polyphenol-rich bilberry in a human retinal cell model, Journal Fran\u00e7ais d'Ophtalmologie, Volume 31, Issue 10, 2008, Pages 975-980,ISSN 0181-5512,<\/a><\/span><\/p><\/div><\/div><\/div><div class=\"ea-card sp-ea-single\"><h3 class=\"ea-header\"><a class=\"collapsed\" id=\"ea-header-23061\" role=\"button\" data-sptoggle=\"spcollapse\" data-sptarget=\"#collapse23061\" aria-controls=\"collapse23061\" href=\"#\" aria-expanded=\"false\" tabindex=\"0\"><i aria-hidden=\"true\" role=\"presentation\" class=\"ea-expand-icon eap-icon-ea-expand-plus\"><\/i> Una formulaci\u00f3n cuidadosamente estudiada para un efecto completo sobre su bienestar. <\/a><\/h3><div class=\"sp-collapse spcollapse spcollapse\" id=\"collapse23061\" data-parent=\"#sp-ea-2306\" role=\"region\" aria-labelledby=\"ea-header-23061\"> <div class=\"ea-body\"><p style=\"text-align: justify\">Adem\u00e1s de sus notables propiedades para la salud ocular, el ar\u00e1ndano tiene muchos otros beneficios:<\/p><p><img loading=\"lazy\" decoding=\"async\" class=\"size-medium wp-image-906 alignleft\" src=\"https:\/\/www.lyoproform.fr\/wp-content\/uploads\/2022\/08\/Bien-etre-global-300x300.jpg\" alt=\"Un compl\u00e9ment alimentaire pour votre bien-\u00eatre g\u00e9n\u00e9ral\" width=\"300\" height=\"300\" srcset=\"https:\/\/www.lyoproform.fr\/wp-content\/uploads\/2022\/08\/Bien-etre-global-300x300.jpg 300w, https:\/\/www.lyoproform.fr\/wp-content\/uploads\/2022\/08\/Bien-etre-global-200x200.jpg 200w, https:\/\/www.lyoproform.fr\/wp-content\/uploads\/2022\/08\/Bien-etre-global-400x400.jpg 400w, https:\/\/www.lyoproform.fr\/wp-content\/uploads\/2022\/08\/Bien-etre-global-150x150.jpg 150w, https:\/\/www.lyoproform.fr\/wp-content\/uploads\/2022\/08\/Bien-etre-global-768x769.jpg 768w, https:\/\/www.lyoproform.fr\/wp-content\/uploads\/2022\/08\/Bien-etre-global-600x601.jpg 600w, https:\/\/www.lyoproform.fr\/wp-content\/uploads\/2022\/08\/Bien-etre-global.jpg 865w\" sizes=\"auto, (max-width: 300px) 100vw, 300px\" \/><\/p><ul><li style=\"text-align: justify\">Gracias a su actividad antioxidante, el ar\u00e1ndano ayuda a mantener sanas las mucosas intestinales.<\/li><li style=\"text-align: justify\">Tiene interesentes y reconocidas propriedades sobre la salud vascular.<\/li><li style=\"text-align: justify\">Por \u00faltimo, un reciente estudio cl\u00ednico2 destac\u00f3 la acci\u00f3n de esta fruta ayudando a mantener niveles normales de az\u00facar y niveles normales de colesterol en sangre tras una comida copiosa.<\/li><\/ul><p style=\"text-align: justify\">Adem\u00e1s de los beneficios aportados por el ar\u00e1ndano, el complejo Myr-bi\u00f3ticos combina cepas microbi\u00f3ticas cuya acci\u00f3n se ve reforzada por el proceso de co-cultivo Florytec\u00ae y que han sido estudiadas por el INRAe por sus propiedades probi\u00f3ticas. Se ha demostrado cient\u00edficamente que el ar\u00e1ndano aumenta la actividad de determinadas cepas microbi\u00f3ticas sobre la flora intestinal gracias a su efecto prebi\u00f3tico y protector. <sup>3 4<\/sup>.<\/p><p><strong><em>Los ingredientes del complejo Myr-biotics act\u00faan en sinergia para ofrecer una eficacia \u00f3ptima para su bienestar.<\/em><\/strong><\/p><p>&nbsp;<\/p><p><span style=\"font-size: 8pt\"><a href=\"https:\/\/www.clinicalnutritionjournal.com\/article\/S0261-5614(21)00540-9\/fulltext\">2- Peter J. Curtis, Lindsey Berends, Vera van der Velpen, Amy Jennings, Laura Haag, Preeti Chandra, Colin D. Kay, Eric B. Rimm, Aed\u00edn Cassidy,Blueberry anthocyanin intake attenuates the postprandial cardiometabolic effect of an energy-dense food challenge: Results from a double blind, randomized controlled trial in metabolic syndrome participants, Clinical Nutrition,Volume 41, Issue 1,2022, Pages 165-176, ISSN 0261-5614.<\/a><\/span><\/p><p><span style=\"font-size: 8pt\"><a href=\"https:\/\/www.sciencedirect.com\/science\/article\/abs\/pii\/S0023643819309636\">3- \u00a0Li Zhou, Minhao Xie, Fu Yang, Jikai Liu, Antioxidant activity of high purity blueberry anthocyanins and the effects on human intestinal microbiota, LWT, Volume 117, 2020, 108621, ISSN 0023-6438,<\/a><\/span><\/p><p><a href=\"https:\/\/www.sciencedirect.com\/science\/article\/pii\/S0023643821020399\"><span style=\"font-size: 8pt\">4- Naiara Hennig Neuenfeldt, Carla Andressa Almeida Farias, Renius de Oliveira Mello, Silvino Sasso Robalo, Juliano Smanioto Barin, Leila Picolli da Silva, Edson Irineu M\u00fcller, Erico Marlon Moraes Flores, Milene Teixeira Barcia, Cristiano Ragagnin de Menezes, Effects of blueberry extract co-microencapsulation on the survival of Lactobacillus rhamnosus, LWT, Volume 155, 2022, 112886, ISSN 0023-643.<\/span><\/a><\/p><p>&nbsp;<\/p><\/div><\/div><\/div><div class=\"ea-card sp-ea-single\"><h3 class=\"ea-header\"><a class=\"collapsed\" id=\"ea-header-23062\" role=\"button\" data-sptoggle=\"spcollapse\" data-sptarget=\"#collapse23062\" aria-controls=\"collapse23062\" href=\"#\" aria-expanded=\"false\" tabindex=\"0\"><i aria-hidden=\"true\" role=\"presentation\" class=\"ea-expand-icon eap-icon-ea-expand-plus\"><\/i> El proceso simbi\u00f3tico FLORYTEC\u00ae: un co-cultivo sin\u00e9rgico dise\u00f1ado para reforzar la acci\u00f3n de las cepas probi\u00f3ticas.<\/a><\/h3><div class=\"sp-collapse spcollapse spcollapse\" id=\"collapse23062\" data-parent=\"#sp-ea-2306\" role=\"region\" aria-labelledby=\"ea-header-23062\"> <div class=\"ea-body\"><p style=\"text-align: justify\">Para facilitar el acceso a cepas de inter\u00e9s en el campo de los probi\u00f3ticos, es habitual utilizar bancos industriales de fermentos l\u00e1cticos. Estas cepas, inicialmente destinadas a empresas agroalimentarias (queser\u00edas, lecher\u00edas, etc.), se multiplican individualmente a partir de caldos sint\u00e9ticos. Estos procesos de fabricaci\u00f3n no fueron concebidos originalmente para la elaboraci\u00f3n de complementos alimenticios. Consciente de esta realidad, el laboratorio SORBIAL ha desarrollado su propio proceso dedicado a la fabricaci\u00f3n \u00f3ptima de nutribi\u00f3ticos, independiz\u00e1ndose completamente del mercado de los fermentos. En los productos de la gama LYOPROFORM\u00ae, las 3 cepas microbi\u00f3ticas de nuestros complementos alimenticios se cultivan conjuntamente en un entorno natural (leche de origen franc\u00e9s) y sin conservantes. Gracias a nuestro proceso de co-cultivo<a href=\"https:\/\/www.lyoproform.fr\/es\/el-ingrediente-florytec\/\"> FLORYTEC\u00ae<\/a>, las bacterias desarrolladas en sinergia son m\u00e1s adaptables que las cultivadas por separado, lo que optimiza su dosificaci\u00f3n y su eficacia cuando se unen a su microbiota. De este modo, el complejo Myr-bi\u00f3ticos es un complemento alimenticio que contiene a la vez cepas microbi\u00f3ticas de inter\u00e9s y los metabolitos que producen, respetando la dosis adecuada y combinando as\u00ed todos los beneficios del ar\u00e1ndano y sus antocianinas.<\/p><\/div><\/div><\/div><\/div><\/div>\n<p>&nbsp;<\/p>\n<h4 style=\"text-align: center;\"><a href=\"https:\/\/www.lyoproform.fr\/es\/el-ingrediente-florytec\/\"><span style=\"font-size: 18pt; color: #61c993;\">M\u00e1s informaci\u00f3n sobre Lyoproform<\/span><sup><strong><span style=\"font-size: 18pt; color: #61c993;\">\u00ae<\/span><\/strong><\/sup><\/a><\/h4>\n<p>&nbsp;<\/p>\n","protected":false},"excerpt":{"rendered":"<h3>Extracto de ar\u00e1ndano para su bienestar<\/h3>\n<h3 style=\"text-align: justify;\"><span style=\"font-size: 12pt;\"><strong>LA SALUD OCULAR, LA SALUD VASCULAR Y EL EQUILIBRIO INTESTINAL :<\/strong> <\/span><\/h3>\n<p style=\"text-align: justify;\">Gracias a los beneficios de los antocianos del ar\u00e1ndano, combinados con nuestros probi\u00f3ticos, el complemento alimenticio Myr-biotiques ayuda a mantener factores clave de tu bienestar. De hecho, el extracto de ar\u00e1ndano, concentrado en antocianinas, ayuda a mantener el equilibrio de tu salud ocular y vascular, as\u00ed como la salud de tus mucosas intestinales para un mayor confort digestivo, reforzando as\u00ed el equilibrio general de tu organismo. <\/p>\n<h3 style=\"text-align: justify;\"><span style=\"font-size: 12pt;\"><strong>EXTRACTO DE AR\u00c1NDANO CONCENTRADO AL 25% DE ANTOCIANINAS :<\/strong> <\/span><\/h3>\n<p style=\"text-align: justify;\">Les anthocyanes sont les mol\u00e9cules actives de la myrtille. Entre otras cosas, le confieren su acci\u00f3n antioxidante. Para garantizar una eficacia \u00f3ptima, el complemento alimenticio Myr-biotiques est\u00e1 enriquecido con un extracto de ar\u00e1ndano concentrado en un 25% de antocianinas.<\/p>\n<h5><span style=\"color: #000000;\"><strong>S\u00f3lo para adultos.<\/strong><\/span><\/h5>\n<h5><em><span style=\"color: #2bb275;\"><strong>M\u00e1s de 30\u20ac = \u00a1Entrega gratuita!<\/strong><\/span><\/em><\/h5>\n<h5><em><span style=\"color: #2bb275;\"><strong>Entrega gratuita en todos los primeros pedidos con el c\u00f3digo: BIENVENUE<\/strong><\/span><\/em><\/h5>\n","protected":false},"featured_media":3482,"comment_status":"open","ping_status":"closed","template":"","meta":[],"product_brand":[],"product_cat":[103,104,102,100],"product_tag":[110,109,178,107,113,112,111,108],"class_list":{"0":"post-2339","1":"product","2":"type-product","3":"status-publish","4":"has-post-thumbnail","6":"product_cat-microcirculacion","7":"product_cat-probioticos-naturales","8":"product_cat-vision-es","9":"product_cat-equilibrio-digestivo","10":"product_tag-antocianinas","11":"product_tag-arandanos","12":"product_tag-capsula-gastrorresistente","13":"product_tag-complementos-alimenticios","14":"product_tag-equilibrio-digestivo","15":"product_tag-flora-intestinal","16":"product_tag-microbiota","17":"product_tag-probioticos","18":"product_shipping_class-allshipping","19":"description-off","21":"first","22":"instock","23":"taxable","24":"shipping-taxable","25":"purchasable","26":"product-type-variable","27":"has-default-attributes"},"yoast_head":"<!-- This site is optimized with the Yoast SEO plugin v27.4 - https:\/\/yoast.com\/product\/yoast-seo-wordpress\/ -->\n<title>Ar\u00e1ndano y probi\u00f3ticos - Rico en antocianinas - Lyoproform<\/title>\n<meta name=\"description\" content=\"Salud ocular, salud vascular, molestias digestivas, prueba nuestro complemento alimenticio rico en probi\u00f3ticos naturales y ar\u00e1ndanos titulados en antocianinas.\" \/>\n<meta name=\"robots\" content=\"index, follow, max-snippet:-1, max-image-preview:large, max-video-preview:-1\" \/>\n<link rel=\"canonical\" href=\"https:\/\/www.lyoproform.fr\/es\/complement-alimentaire\/probioticos-myr-bioticos\/\" \/>\n<meta property=\"og:locale\" content=\"es_ES\" \/>\n<meta property=\"og:type\" content=\"article\" \/>\n<meta property=\"og:title\" content=\"Ar\u00e1ndano y probi\u00f3ticos - Rico en antocianinas - Lyoproform\" \/>\n<meta property=\"og:description\" content=\"Salud ocular, salud vascular, molestias digestivas, prueba nuestro complemento alimenticio rico en probi\u00f3ticos naturales y ar\u00e1ndanos titulados en antocianinas.\" \/>\n<meta property=\"og:url\" content=\"https:\/\/www.lyoproform.fr\/es\/complement-alimentaire\/probioticos-myr-bioticos\/\" \/>\n<meta property=\"og:site_name\" content=\"LYOPROFORM\" \/>\n<meta property=\"article:publisher\" content=\"https:\/\/www.facebook.com\/LYOPROFORM.Nutribiotiques\/\" \/>\n<meta property=\"article:modified_time\" content=\"2026-03-22T10:47:18+00:00\" \/>\n<meta property=\"og:image\" content=\"https:\/\/www.lyoproform.fr\/wp-content\/uploads\/2022\/08\/Visuel-Ads-3-e1666253207627.png\" \/>\n<meta name=\"twitter:card\" content=\"summary_large_image\" \/>\n<meta name=\"twitter:label1\" content=\"Tiempo de lectura\" \/>\n\t<meta name=\"twitter:data1\" content=\"1 minuto\" \/>\n<script type=\"application\/ld+json\" class=\"yoast-schema-graph\">{\"@context\":\"https:\\\/\\\/schema.org\",\"@graph\":[{\"@type\":\"WebPage\",\"@id\":\"https:\\\/\\\/www.lyoproform.fr\\\/es\\\/complement-alimentaire\\\/probioticos-myr-bioticos\\\/\",\"url\":\"https:\\\/\\\/www.lyoproform.fr\\\/es\\\/complement-alimentaire\\\/probioticos-myr-bioticos\\\/\",\"name\":\"Ar\u00e1ndano y probi\u00f3ticos - Rico en antocianinas - Lyoproform\",\"isPartOf\":{\"@id\":\"https:\\\/\\\/www.lyoproform.fr\\\/es\\\/#website\"},\"primaryImageOfPage\":{\"@id\":\"https:\\\/\\\/www.lyoproform.fr\\\/es\\\/complement-alimentaire\\\/probioticos-myr-bioticos\\\/#primaryimage\"},\"image\":{\"@id\":\"https:\\\/\\\/www.lyoproform.fr\\\/es\\\/complement-alimentaire\\\/probioticos-myr-bioticos\\\/#primaryimage\"},\"thumbnailUrl\":\"https:\\\/\\\/www.lyoproform.fr\\\/wp-content\\\/uploads\\\/2022\\\/08\\\/myr-biotiques-300x300-1.jpg\",\"datePublished\":\"2022-08-03T13:22:14+00:00\",\"dateModified\":\"2026-03-22T10:47:18+00:00\",\"description\":\"Salud ocular, salud vascular, molestias digestivas, prueba nuestro complemento alimenticio rico en probi\u00f3ticos naturales y ar\u00e1ndanos titulados en antocianinas.\",\"breadcrumb\":{\"@id\":\"https:\\\/\\\/www.lyoproform.fr\\\/es\\\/complement-alimentaire\\\/probioticos-myr-bioticos\\\/#breadcrumb\"},\"inLanguage\":\"es\",\"potentialAction\":[{\"@type\":\"ReadAction\",\"target\":[\"https:\\\/\\\/www.lyoproform.fr\\\/es\\\/complement-alimentaire\\\/probioticos-myr-bioticos\\\/\"]}]},{\"@type\":\"ImageObject\",\"inLanguage\":\"es\",\"@id\":\"https:\\\/\\\/www.lyoproform.fr\\\/es\\\/complement-alimentaire\\\/probioticos-myr-bioticos\\\/#primaryimage\",\"url\":\"https:\\\/\\\/www.lyoproform.fr\\\/wp-content\\\/uploads\\\/2022\\\/08\\\/myr-biotiques-300x300-1.jpg\",\"contentUrl\":\"https:\\\/\\\/www.lyoproform.fr\\\/wp-content\\\/uploads\\\/2022\\\/08\\\/myr-biotiques-300x300-1.jpg\",\"width\":300,\"height\":300,\"caption\":\"Probi\u00f3ticos naturales y extracto de ar\u00e1ndano\"},{\"@type\":\"BreadcrumbList\",\"@id\":\"https:\\\/\\\/www.lyoproform.fr\\\/es\\\/complement-alimentaire\\\/probioticos-myr-bioticos\\\/#breadcrumb\",\"itemListElement\":[{\"@type\":\"ListItem\",\"position\":1,\"name\":\"Accueil Lyoproform\",\"item\":\"https:\\\/\\\/www.lyoproform.fr\\\/es\\\/\"},{\"@type\":\"ListItem\",\"position\":2,\"name\":\"La gamme de compl\u00e9ments alimentaires probiotiques LYOPROFORM\",\"item\":\"https:\\\/\\\/www.lyoproform.fr\\\/boutique\\\/\"},{\"@type\":\"ListItem\",\"position\":3,\"name\":\"Complejo Myr-bi\u00f3tico\"}]},{\"@type\":\"WebSite\",\"@id\":\"https:\\\/\\\/www.lyoproform.fr\\\/es\\\/#website\",\"url\":\"https:\\\/\\\/www.lyoproform.fr\\\/es\\\/\",\"name\":\"LYOPROFORM\",\"description\":\"La gamme de compl\u00e9ments alimentaires \u00e0 base de probiotiques\",\"publisher\":{\"@id\":\"https:\\\/\\\/www.lyoproform.fr\\\/es\\\/#organization\"},\"potentialAction\":[{\"@type\":\"SearchAction\",\"target\":{\"@type\":\"EntryPoint\",\"urlTemplate\":\"https:\\\/\\\/www.lyoproform.fr\\\/es\\\/?s={search_term_string}\"},\"query-input\":{\"@type\":\"PropertyValueSpecification\",\"valueRequired\":true,\"valueName\":\"search_term_string\"}}],\"inLanguage\":\"es\"},{\"@type\":\"Organization\",\"@id\":\"https:\\\/\\\/www.lyoproform.fr\\\/es\\\/#organization\",\"name\":\"LYOPROFORM\",\"url\":\"https:\\\/\\\/www.lyoproform.fr\\\/es\\\/\",\"logo\":{\"@type\":\"ImageObject\",\"inLanguage\":\"es\",\"@id\":\"https:\\\/\\\/www.lyoproform.fr\\\/es\\\/#\\\/schema\\\/logo\\\/image\\\/\",\"url\":\"https:\\\/\\\/www.lyoproform.fr\\\/wp-content\\\/uploads\\\/2022\\\/04\\\/Lyoproform-bleu-petit.png\",\"contentUrl\":\"https:\\\/\\\/www.lyoproform.fr\\\/wp-content\\\/uploads\\\/2022\\\/04\\\/Lyoproform-bleu-petit.png\",\"width\":2481,\"height\":1182,\"caption\":\"LYOPROFORM\"},\"image\":{\"@id\":\"https:\\\/\\\/www.lyoproform.fr\\\/es\\\/#\\\/schema\\\/logo\\\/image\\\/\"},\"sameAs\":[\"https:\\\/\\\/www.facebook.com\\\/LYOPROFORM.Nutribiotiques\\\/\"]}]}<\/script>\n<!-- \/ Yoast SEO plugin. -->","yoast_head_json":{"title":"Ar\u00e1ndano y probi\u00f3ticos - Rico en antocianinas - Lyoproform","description":"Salud ocular, salud vascular, molestias digestivas, prueba nuestro complemento alimenticio rico en probi\u00f3ticos naturales y ar\u00e1ndanos titulados en antocianinas.","robots":{"index":"index","follow":"follow","max-snippet":"max-snippet:-1","max-image-preview":"max-image-preview:large","max-video-preview":"max-video-preview:-1"},"canonical":"https:\/\/www.lyoproform.fr\/es\/complement-alimentaire\/probioticos-myr-bioticos\/","og_locale":"es_ES","og_type":"article","og_title":"Ar\u00e1ndano y probi\u00f3ticos - Rico en antocianinas - Lyoproform","og_description":"Salud ocular, salud vascular, molestias digestivas, prueba nuestro complemento alimenticio rico en probi\u00f3ticos naturales y ar\u00e1ndanos titulados en antocianinas.","og_url":"https:\/\/www.lyoproform.fr\/es\/complement-alimentaire\/probioticos-myr-bioticos\/","og_site_name":"LYOPROFORM","article_publisher":"https:\/\/www.facebook.com\/LYOPROFORM.Nutribiotiques\/","article_modified_time":"2026-03-22T10:47:18+00:00","og_image":[{"url":"https:\/\/www.lyoproform.fr\/wp-content\/uploads\/2022\/08\/Visuel-Ads-3-e1666253207627.png","type":"","width":"","height":""}],"twitter_card":"summary_large_image","twitter_misc":{"Tiempo de lectura":"1 minuto"},"schema":{"@context":"https:\/\/schema.org","@graph":[{"@type":"WebPage","@id":"https:\/\/www.lyoproform.fr\/es\/complement-alimentaire\/probioticos-myr-bioticos\/","url":"https:\/\/www.lyoproform.fr\/es\/complement-alimentaire\/probioticos-myr-bioticos\/","name":"Ar\u00e1ndano y probi\u00f3ticos - Rico en antocianinas - Lyoproform","isPartOf":{"@id":"https:\/\/www.lyoproform.fr\/es\/#website"},"primaryImageOfPage":{"@id":"https:\/\/www.lyoproform.fr\/es\/complement-alimentaire\/probioticos-myr-bioticos\/#primaryimage"},"image":{"@id":"https:\/\/www.lyoproform.fr\/es\/complement-alimentaire\/probioticos-myr-bioticos\/#primaryimage"},"thumbnailUrl":"https:\/\/www.lyoproform.fr\/wp-content\/uploads\/2022\/08\/myr-biotiques-300x300-1.jpg","datePublished":"2022-08-03T13:22:14+00:00","dateModified":"2026-03-22T10:47:18+00:00","description":"Salud ocular, salud vascular, molestias digestivas, prueba nuestro complemento alimenticio rico en probi\u00f3ticos naturales y ar\u00e1ndanos titulados en antocianinas.","breadcrumb":{"@id":"https:\/\/www.lyoproform.fr\/es\/complement-alimentaire\/probioticos-myr-bioticos\/#breadcrumb"},"inLanguage":"es","potentialAction":[{"@type":"ReadAction","target":["https:\/\/www.lyoproform.fr\/es\/complement-alimentaire\/probioticos-myr-bioticos\/"]}]},{"@type":"ImageObject","inLanguage":"es","@id":"https:\/\/www.lyoproform.fr\/es\/complement-alimentaire\/probioticos-myr-bioticos\/#primaryimage","url":"https:\/\/www.lyoproform.fr\/wp-content\/uploads\/2022\/08\/myr-biotiques-300x300-1.jpg","contentUrl":"https:\/\/www.lyoproform.fr\/wp-content\/uploads\/2022\/08\/myr-biotiques-300x300-1.jpg","width":300,"height":300,"caption":"Probi\u00f3ticos naturales y extracto de ar\u00e1ndano"},{"@type":"BreadcrumbList","@id":"https:\/\/www.lyoproform.fr\/es\/complement-alimentaire\/probioticos-myr-bioticos\/#breadcrumb","itemListElement":[{"@type":"ListItem","position":1,"name":"Accueil Lyoproform","item":"https:\/\/www.lyoproform.fr\/es\/"},{"@type":"ListItem","position":2,"name":"La gamme de compl\u00e9ments alimentaires probiotiques LYOPROFORM","item":"https:\/\/www.lyoproform.fr\/boutique\/"},{"@type":"ListItem","position":3,"name":"Complejo Myr-bi\u00f3tico"}]},{"@type":"WebSite","@id":"https:\/\/www.lyoproform.fr\/es\/#website","url":"https:\/\/www.lyoproform.fr\/es\/","name":"LYOPROFORM","description":"La gamme de compl\u00e9ments alimentaires \u00e0 base de probiotiques","publisher":{"@id":"https:\/\/www.lyoproform.fr\/es\/#organization"},"potentialAction":[{"@type":"SearchAction","target":{"@type":"EntryPoint","urlTemplate":"https:\/\/www.lyoproform.fr\/es\/?s={search_term_string}"},"query-input":{"@type":"PropertyValueSpecification","valueRequired":true,"valueName":"search_term_string"}}],"inLanguage":"es"},{"@type":"Organization","@id":"https:\/\/www.lyoproform.fr\/es\/#organization","name":"LYOPROFORM","url":"https:\/\/www.lyoproform.fr\/es\/","logo":{"@type":"ImageObject","inLanguage":"es","@id":"https:\/\/www.lyoproform.fr\/es\/#\/schema\/logo\/image\/","url":"https:\/\/www.lyoproform.fr\/wp-content\/uploads\/2022\/04\/Lyoproform-bleu-petit.png","contentUrl":"https:\/\/www.lyoproform.fr\/wp-content\/uploads\/2022\/04\/Lyoproform-bleu-petit.png","width":2481,"height":1182,"caption":"LYOPROFORM"},"image":{"@id":"https:\/\/www.lyoproform.fr\/es\/#\/schema\/logo\/image\/"},"sameAs":["https:\/\/www.facebook.com\/LYOPROFORM.Nutribiotiques\/"]}]}},"_links":{"self":[{"href":"https:\/\/www.lyoproform.fr\/es\/wp-json\/wp\/v2\/product\/2339","targetHints":{"allow":["GET"]}}],"collection":[{"href":"https:\/\/www.lyoproform.fr\/es\/wp-json\/wp\/v2\/product"}],"about":[{"href":"https:\/\/www.lyoproform.fr\/es\/wp-json\/wp\/v2\/types\/product"}],"replies":[{"embeddable":true,"href":"https:\/\/www.lyoproform.fr\/es\/wp-json\/wp\/v2\/comments?post=2339"}],"wp:featuredmedia":[{"embeddable":true,"href":"https:\/\/www.lyoproform.fr\/es\/wp-json\/wp\/v2\/media\/3482"}],"wp:attachment":[{"href":"https:\/\/www.lyoproform.fr\/es\/wp-json\/wp\/v2\/media?parent=2339"}],"wp:term":[{"taxonomy":"product_brand","embeddable":true,"href":"https:\/\/www.lyoproform.fr\/es\/wp-json\/wp\/v2\/product_brand?post=2339"},{"taxonomy":"product_cat","embeddable":true,"href":"https:\/\/www.lyoproform.fr\/es\/wp-json\/wp\/v2\/product_cat?post=2339"},{"taxonomy":"product_tag","embeddable":true,"href":"https:\/\/www.lyoproform.fr\/es\/wp-json\/wp\/v2\/product_tag?post=2339"}],"curies":[{"name":"wp","href":"https:\/\/api.w.org\/{rel}","templated":true}]}}